{"id":1500,"date":"2025-10-15T08:40:55","date_gmt":"2025-10-15T05:40:55","guid":{"rendered":"https:\/\/cmu-edu.eu\/navigatie\/?page_id=1500"},"modified":"2025-10-15T08:44:52","modified_gmt":"2025-10-15T05:44:52","slug":"domenii-si-directii-de-cercetare-stiintifica","status":"publish","type":"page","link":"https:\/\/cmu-edu.eu\/navigatie\/marilog-innov-hub\/domenii-si-directii-de-cercetare-stiintifica\/","title":{"rendered":"Domenii \u015fi direc\u0163ii de cercetare \u015ftiin\u0163ific\u0103"},"content":{"rendered":"<h3>Centrul acoper\u0103 o gam\u0103 larg\u0103 de teme strategice:<\/h3>\n<ol start=\"1\">\n<li><strong>Logistic\u0103 \u0219i transporturi sustenabile<\/strong><\/li>\n<\/ol>\n<ul class=\"lista-doi\">\n<li>Modele predictive pentru lan\u021buri de aprovizionare<\/li>\n<li>Optimizarea fluxurilor logistice \u0219i managementul stocurilor<\/li>\n<li>Infrastructur\u0103 logistic\u0103 inteligent\u0103<\/li>\n<\/ul>\n<hr class=\"ap-spacing\" style=\"height:10px\"\/>\n<ol start=\"2\">\n<li><strong>Naviga\u021bie \u0219i tehnologii maritim-portuare avansate<\/strong><\/li>\n<\/ol>\n<ul class=\"lista-doi\">\n<li>Naviga\u021bie autonom\u0103 \u0219i nave inteligente<\/li>\n<li>Optimizarea rutelor maritime prin utilizarea datelor AIS \u0219i modelelor meteo-oceanografice<\/li>\n<li>Sisteme integrate ECDIS, AIS, DP<\/li>\n<li>Automatizarea \u00een porturi<\/li>\n<li>Factori critici \u00een manevrarea navelor \u00een spa\u021bii restr\u00e2nse \u0219i condi\u021bii dificile<\/li>\n<li>Simulare de scenarii complexe cu ajutorul VR \u0219i AI<\/li>\n<\/ul>\n<hr class=\"ap-spacing\" style=\"height:10px\"\/>\n<ol start=\"3\">\n<li><strong>Securitate cibernetic\u0103 maritim\u0103<\/strong><\/li>\n<\/ol>\n<ul class=\"lista-doi\">\n<li>Analiz\u0103 de risc \u0219i detec\u021bie vulnerabilit\u0103\u021bi IT la bordul navelor<\/li>\n<li>Evaluarea incidentelor \u0219i a politicilor de securitate<\/li>\n<\/ul>\n<hr class=\"ap-spacing\" style=\"height:10px\"\/>\n<ol start=\"4\">\n<li><strong>Sustenabilitate \u0219i decarbonizare<\/strong><\/li>\n<\/ol>\n<ul class=\"lista-doi\">\n<li>Eficien\u021b\u0103 energetic\u0103 \u0219i opera\u021bional\u0103<\/li>\n<li>Utilizarea combustibililor alternativi<\/li>\n<li>Studii privind reducerea emisiilor de CO\u2082<\/li>\n<li>Tratarea apei de balast \u0219i protec\u021bia mediului marin<\/li>\n<\/ul>\n<hr class=\"ap-spacing\" style=\"height:10px\"\/>\n<ol start=\"5\">\n<li><strong>Inteligen\u021b\u0103 artificial\u0103 \u00een transporturi<\/strong><\/li>\n<\/ol>\n<ul class=\"lista-doi\">\n<li>Aplica\u021bii AI \u00een planificarea rutelor, recunoa\u0219tere vizual\u0103, \u00eentre\u021binere predictiv\u0103<\/li>\n<li>Proiecte educa\u021bionale \u0219i metodologii de formare pentru competen\u021be digitale.<\/li>\n<\/ul>\n","protected":false},"excerpt":{"rendered":"<p>Centrul acoper\u0103 o gam\u0103 larg\u0103 de teme strategice: Logistic\u0103 \u0219i transporturi sustenabile Modele predictive pentru lan\u021buri de aprovizionare Optimizarea fluxurilor logistice \u0219i managementul stocurilor Infrastructur\u0103 logistic\u0103 inteligent\u0103 Naviga\u021bie \u0219i tehnologii maritim-portuare avansate Naviga\u021bie autonom\u0103 \u0219i nave inteligente Optimizarea rutelor maritime prin utilizarea datelor AIS \u0219i modelelor meteo-oceanografice Sisteme integrate ECDIS, AIS, DP Automatizarea \u00een porturi [&hellip;]<\/p>\n","protected":false},"author":4,"featured_media":0,"parent":1495,"menu_order":0,"comment_status":"closed","ping_status":"closed","template":"","meta":{"footnotes":""},"class_list":["post-1500","page","type-page","status-publish","hentry"],"_links":{"self":[{"href":"https:\/\/cmu-edu.eu\/navigatie\/wp-json\/wp\/v2\/pages\/1500","targetHints":{"allow":["GET"]}}],"collection":[{"href":"https:\/\/cmu-edu.eu\/navigatie\/wp-json\/wp\/v2\/pages"}],"about":[{"href":"https:\/\/cmu-edu.eu\/navigatie\/wp-json\/wp\/v2\/types\/page"}],"author":[{"embeddable":true,"href":"https:\/\/cmu-edu.eu\/navigatie\/wp-json\/wp\/v2\/users\/4"}],"replies":[{"embeddable":true,"href":"https:\/\/cmu-edu.eu\/navigatie\/wp-json\/wp\/v2\/comments?post=1500"}],"version-history":[{"count":7,"href":"https:\/\/cmu-edu.eu\/navigatie\/wp-json\/wp\/v2\/pages\/1500\/revisions"}],"predecessor-version":[{"id":1507,"href":"https:\/\/cmu-edu.eu\/navigatie\/wp-json\/wp\/v2\/pages\/1500\/revisions\/1507"}],"up":[{"embeddable":true,"href":"https:\/\/cmu-edu.eu\/navigatie\/wp-json\/wp\/v2\/pages\/1495"}],"wp:attachment":[{"href":"https:\/\/cmu-edu.eu\/navigatie\/wp-json\/wp\/v2\/media?parent=1500"}],"curies":[{"name":"wp","href":"https:\/\/api.w.org\/{rel}","templated":true}]}}