{"id":1508,"date":"2025-10-15T08:42:42","date_gmt":"2025-10-15T05:42:42","guid":{"rendered":"https:\/\/cmu-edu.eu\/navigatie\/?page_id=1508"},"modified":"2025-10-15T08:45:01","modified_gmt":"2025-10-15T05:45:01","slug":"baza-materiala-cercetare","status":"publish","type":"page","link":"https:\/\/cmu-edu.eu\/navigatie\/marilog-innov-hub\/baza-materiala-cercetare\/","title":{"rendered":"Baza material\u0103"},"content":{"rendered":"<p>Pentru desf\u0103\u0219urarea activit\u0103\u021bilor sale, colectivul de cercetare din cadrul centrului Maritime Logistics Innovation HUB beneficiaz\u0103 de o gam\u0103 larg\u0103 de resurse puse la dispozi\u021bie de Universitatea Maritim\u0103 din Constan\u021ba. Acestea includ infrastructur\u0103 specializat\u0103 \u2013 precum simulatoare maritime, software avansat \u0219i echipamente de laborator pentru m\u0103sur\u0103tori \u0219i analiz\u0103 de date \u2013 al\u0103turi de acces la baze de date \u0219tiin\u021bifice interna\u021bionale, instrumente digitale pentru cercetare \u0219i modelare, precum \u0219i sprijin administrativ \u0219i logistic oferit de facultate \u0219i de structurile de suport ale universit\u0103\u021bii.<\/p>\n<p>Linkul de mai jos conduce c\u0103tre pagina dedicat\u0103 din platforma EERTIS \u2013 Engage in the European Research and Technology System, unde sunt prezentate \u00een detaliu resursele de cercetare ale centrului, utilizate pentru sus\u021binerea cercet\u0103rii academice:<\/p>\n<p><a href=\"https:\/\/eertis.eu\/errf-2400-000l-4109\">https:\/\/eertis.eu\/errf-2400-000l-4109<\/a><\/p>\n","protected":false},"excerpt":{"rendered":"<p>Pentru desf\u0103\u0219urarea activit\u0103\u021bilor sale, colectivul de cercetare din cadrul centrului Maritime Logistics Innovation HUB beneficiaz\u0103 de o gam\u0103 larg\u0103 de resurse puse la dispozi\u021bie de Universitatea Maritim\u0103 din Constan\u021ba. Acestea includ infrastructur\u0103 specializat\u0103 \u2013 precum simulatoare maritime, software avansat \u0219i echipamente de laborator pentru m\u0103sur\u0103tori \u0219i analiz\u0103 de date \u2013 al\u0103turi de acces la baze [&hellip;]<\/p>\n","protected":false},"author":4,"featured_media":0,"parent":1495,"menu_order":0,"comment_status":"closed","ping_status":"closed","template":"","meta":{"footnotes":""},"class_list":["post-1508","page","type-page","status-publish","hentry"],"_links":{"self":[{"href":"https:\/\/cmu-edu.eu\/navigatie\/wp-json\/wp\/v2\/pages\/1508","targetHints":{"allow":["GET"]}}],"collection":[{"href":"https:\/\/cmu-edu.eu\/navigatie\/wp-json\/wp\/v2\/pages"}],"about":[{"href":"https:\/\/cmu-edu.eu\/navigatie\/wp-json\/wp\/v2\/types\/page"}],"author":[{"embeddable":true,"href":"https:\/\/cmu-edu.eu\/navigatie\/wp-json\/wp\/v2\/users\/4"}],"replies":[{"embeddable":true,"href":"https:\/\/cmu-edu.eu\/navigatie\/wp-json\/wp\/v2\/comments?post=1508"}],"version-history":[{"count":1,"href":"https:\/\/cmu-edu.eu\/navigatie\/wp-json\/wp\/v2\/pages\/1508\/revisions"}],"predecessor-version":[{"id":1509,"href":"https:\/\/cmu-edu.eu\/navigatie\/wp-json\/wp\/v2\/pages\/1508\/revisions\/1509"}],"up":[{"embeddable":true,"href":"https:\/\/cmu-edu.eu\/navigatie\/wp-json\/wp\/v2\/pages\/1495"}],"wp:attachment":[{"href":"https:\/\/cmu-edu.eu\/navigatie\/wp-json\/wp\/v2\/media?parent=1508"}],"curies":[{"name":"wp","href":"https:\/\/api.w.org\/{rel}","templated":true}]}}