{"id":1510,"date":"2025-10-15T08:44:04","date_gmt":"2025-10-15T05:44:04","guid":{"rendered":"https:\/\/cmu-edu.eu\/navigatie\/?page_id=1510"},"modified":"2026-03-18T11:02:09","modified_gmt":"2026-03-18T09:02:09","slug":"realizari-si-performante","status":"publish","type":"page","link":"https:\/\/cmu-edu.eu\/navigatie\/marilog-innov-hub\/realizari-si-performante\/","title":{"rendered":"Realiz\u0103ri \u015fi performan\u0163e"},"content":{"rendered":"<p>Activitatea centrului Maritime Logistics Innovation HUB reflect\u0103 angajamentul constant al Universit\u0103\u021bii Maritime din Constan\u021ba fa\u021b\u0103 de excelen\u021ba academic\u0103, colaborarea interna\u021bional\u0103 \u0219i transferul de cuno\u0219tin\u021be c\u0103tre industrie. Prin ini\u021biative diverse \u0219i proiecte aplicate, centrul contribuie la consolidarea rolului universit\u0103\u021bii ca actor relevant \u00een domeniul cercet\u0103rii maritime \u0219i logistice. Printre principalele realiz\u0103ri se num\u0103r\u0103:<\/p>\n<div class=\"clearfix ap-row\"><div class=\"ap_column ap-span3\"><ul class=\"lista-doi\">\n<li><strong>Particip\u0103ri \u00een proiecte de cercetare:<\/strong><\/li>\n<li>AI-MET<\/li>\n<li><a href=\"https:\/\/cmu-edu.eu\/greenport\/\">GREENPORT<\/a><\/li>\n<li>MICRODANGER<\/li>\n<li>MENTORAT<\/li>\n<\/ul>\n<hr class=\"ap-spacing\" style=\"height:10px\"\/>\n<ul class=\"lista-doi\">\n<li><strong>Particip\u0103ri \u00een conferin\u021be na\u021bionale \u0219i interna\u021bionale:<\/strong><\/li>\n<li><a href=\"https:\/\/cmu-edu.eu\/bcc\/2025\/06\/02\/conferinta-internationala-maritime-transport-and-logistics-trends-marilog-2025-la-universitatea-maritima-din-constanta\/\">MariLog 2025<\/a><\/li>\n<li><a href=\"https:\/\/cmu-edu.eu\/bcc\/2025\/06\/09\/conferinta-simpozionului-international-green-travel-through-aerialverse-la-universitatea-maritima-din-constanta\/\">Greentravel through aerialvers<\/a>,<\/li>\n<li><a href=\"https:\/\/cmu-edu.eu\/bcc\/2025\/11\/03\/umc-a-gazduit-primul-congres-mondial-multidisciplinar-de-educatie-si-instruire-maritima-wmetmc-2025\/\">WMETMC2025<\/a><\/li>\n<li><a href=\"https:\/\/cmu-edu.eu\/marilog2026\/\">MariLog 2026<\/a><\/li>\n<\/ul>\n<hr class=\"ap-spacing\" style=\"height:10px\"\/>\n<ul class=\"lista-doi\">\n<li><strong>Competi\u021bii de idei pentru studen\u021bi \u0219i tineri cercet\u0103tori:<\/strong><\/li>\n<li><a href=\"https:\/\/cmu-edu.eu\/bcc\/2025\/09\/29\/noaptea-cercetatorilor-europeni-la-umc\/\">Noaptea cercet\u0103torilor<\/a><\/li>\n<li><a href=\"https:\/\/cmu-edu.eu\/bcc\/2025\/04\/10\/transporthub-accelerator-de-inovatie-si-antreprenoriat-in-mobilitate-inteligenta-umc-portile-deschise-2025\/\">Transport HUB<\/a><\/li>\n<\/ul><\/div>\n<div class=\"ap_column ap-span3\"><ul class=\"lista-doi\">\n<li><strong>Sesiuni de formare \u0219i instruire pentru cercet\u0103tori:<\/strong><\/li>\n<li><a href=\"https:\/\/cmu-edu.eu\/bcc\/2025\/07\/01\/seminar-de-transfer-de-cunostinte-la-universitatea-maritima-din-constanta-metodologie-si-statistica\/\">Statistica<\/a>,<\/li>\n<li><a href=\"https:\/\/cmu-edu.eu\/bcc\/2025\/04\/04\/o-noua-editie-a-seminarului-transfer-de-cunostinte-la-universitatea-maritima-din-constanta\/\">ATLAS.ti<\/a>,<\/li>\n<li><a href=\"https:\/\/cmu-edu.eu\/bcc\/2025\/10\/17\/primul-seminar-de-transfer-de-cunostinte-al-noului-an-universitar-la-universitatea-maritima-din-constanta\/\">Data Sweep<\/a><\/li>\n<\/ul>\n<hr class=\"ap-spacing\" style=\"height:10px\"\/>\n<ul class=\"lista-doi\">\n<li><strong>Workshopuri tematice cu reprezentan\u021bi ai industriei:<\/strong><\/li>\n<li><a href=\"https:\/\/cmu-edu.eu\/bcc\/2025\/10\/01\/10-ani-de-excelenta-la-training-centre-universitatea-maritima-din-constanta\/\">MRV pentru nave offshore<\/a><\/li>\n<li><a href=\"https:\/\/cmu-edu.eu\/blog\/2025\/03\/10\/dezvoltarea-solutiilor-sustenabile\/\">GREENPORT focus Group<\/a><\/li>\n<\/ul><\/div><\/div>\n","protected":false},"excerpt":{"rendered":"<p>Activitatea centrului Maritime Logistics Innovation HUB reflect\u0103 angajamentul constant al Universit\u0103\u021bii Maritime din Constan\u021ba fa\u021b\u0103 de excelen\u021ba academic\u0103, colaborarea interna\u021bional\u0103 \u0219i transferul de cuno\u0219tin\u021be c\u0103tre industrie. Prin ini\u021biative diverse \u0219i proiecte aplicate, centrul contribuie la consolidarea rolului universit\u0103\u021bii ca actor relevant \u00een domeniul cercet\u0103rii maritime \u0219i logistice. Printre principalele realiz\u0103ri se num\u0103r\u0103:<\/p>\n","protected":false},"author":4,"featured_media":0,"parent":1495,"menu_order":0,"comment_status":"closed","ping_status":"closed","template":"","meta":{"footnotes":""},"class_list":["post-1510","page","type-page","status-publish","hentry"],"_links":{"self":[{"href":"https:\/\/cmu-edu.eu\/navigatie\/wp-json\/wp\/v2\/pages\/1510","targetHints":{"allow":["GET"]}}],"collection":[{"href":"https:\/\/cmu-edu.eu\/navigatie\/wp-json\/wp\/v2\/pages"}],"about":[{"href":"https:\/\/cmu-edu.eu\/navigatie\/wp-json\/wp\/v2\/types\/page"}],"author":[{"embeddable":true,"href":"https:\/\/cmu-edu.eu\/navigatie\/wp-json\/wp\/v2\/users\/4"}],"replies":[{"embeddable":true,"href":"https:\/\/cmu-edu.eu\/navigatie\/wp-json\/wp\/v2\/comments?post=1510"}],"version-history":[{"count":4,"href":"https:\/\/cmu-edu.eu\/navigatie\/wp-json\/wp\/v2\/pages\/1510\/revisions"}],"predecessor-version":[{"id":1683,"href":"https:\/\/cmu-edu.eu\/navigatie\/wp-json\/wp\/v2\/pages\/1510\/revisions\/1683"}],"up":[{"embeddable":true,"href":"https:\/\/cmu-edu.eu\/navigatie\/wp-json\/wp\/v2\/pages\/1495"}],"wp:attachment":[{"href":"https:\/\/cmu-edu.eu\/navigatie\/wp-json\/wp\/v2\/media?parent=1510"}],"curies":[{"name":"wp","href":"https:\/\/api.w.org\/{rel}","templated":true}]}}