{"id":20,"date":"2018-09-12T10:49:21","date_gmt":"2018-09-12T07:49:21","guid":{"rendered":"https:\/\/cmu-edu.eu\/navigatie\/?page_id=20"},"modified":"2026-02-13T13:33:48","modified_gmt":"2026-02-13T11:33:48","slug":"despre-facultate","status":"publish","type":"page","link":"https:\/\/cmu-edu.eu\/navigatie\/despre-facultate\/","title":{"rendered":"Despre Facultate"},"content":{"rendered":"<p>Facultatea de Naviga\u021bie \u0219i Transport Naval \u015fi-a asumat MISIUNEA de a promova un \u00eenv\u0103\u0163\u0103m\u00e2nt tehnic superior de profil larg, flexibil, interactiv \u015fi continuu, conform cu exigen\u0163ele \u00eenv\u0103\u0163\u0103m\u00e2ntului european \u015fi mondial, conserv\u00e2nd tradi\u0163iile academice na\u0163ionale. \u00cen \u00eendeplinirea misiunii asumate, Facultatea de Naviga\u021bie \u0219i Transport Naval implementeaz\u0103 activit\u0103\u021bi \u00een deplin\u0103 concordan\u021b\u0103 cu Planul Stategic \u015fi Planul Opera\u0163ional.<br \/>\n<div class=\"clearfix ap-row\"><div class=\"ap_column ap-span4\"><h2>Conducerea Facult\u0103\u021bii de Naviga\u021bie<\/h2>\n<ul class=\"lista-doi\">\n<li><strong>Conducerea Facult\u0103\u021bii de Naviga\u021bie \u0219i Transport Naval <\/strong><\/li>\n<li>Conf.univ.dr.ing. Nicoleta Acomi \u2013 <strong>Decanul Facult\u0103\u021bii<\/strong><\/li>\n<li>Telefon: 0241\/66.47.40 int 107<\/li>\n<li>Fax: 0241\/61.72.60<\/li>\n<li>e-mail: <a href=\"mailto:decanat@cmu-edu.eu\">decanat@cmu-edu.eu<\/a><\/li>\n<li><strong>Program audien\u0163e \u2013 Miercuri 13:30 \u2013 15:30<\/strong><\/li>\n<\/ul>\n<p>&nbsp;<\/p>\n<ul class=\"lista-doi\">\n<li>Lect.univ.dr. Alexandru-Octavian Micu \u2013 <strong>Prodecanul Facult\u0103\u021bii<\/strong> <strong>de Naviga\u021bie \u0219i Transport Naval<\/strong><\/li>\n<li>Telefon: 0241\/66.47.40 int 107<\/li>\n<li>Fax: 0241\/61.72.60<\/li>\n<li>e-mail: <a href=\"mailto:decanat@cmu-edu.eu\">decanat@cmu-edu.eu<\/a><\/li>\n<li><strong>Program audien\u0163e \u2013 Mar\u0163i 13:00 \u2013 15:00<\/strong><\/li>\n<\/ul><\/div>\n<div class=\"ap_column ap-span2\"><h2>Decanat Program cu publicul<\/h2>\n<p><div class=\"divider\" style=\"margin-top:2px; margin-bottom:2px; border-top:1px solid #CCCCCC;width:100%\"\/><\/div>\nLuni: 12:00 \u2013 14:00\n<div class=\"divider\" style=\"margin-top:2px; margin-bottom:2px; border-top:1px solid #CCCCCC;width:100%\"\/><\/div>\nMar\u021bi: 12:00 \u2013 14:00\n<div class=\"divider\" style=\"margin-top:2px; margin-bottom:2px; border-top:1px solid #CCCCCC;width:100%\"\/><\/div>\nMirercuri: 12:00 \u2013 14:00\n<div class=\"divider\" style=\"margin-top:2px; margin-bottom:2px; border-top:1px solid #CCCCCC;width:100%\"\/><\/div>\nJoi: 12:00 \u2013 14:00\n<div class=\"divider\" style=\"margin-top:2px; margin-bottom:2px; border-top:1px solid #CCCCCC;width:100%\"\/><\/div>\nVineri: 12:00 \u2013 14:00<\/div><\/div><br \/>\n<div class=\"divider\" style=\"margin-top:2px; margin-bottom:20px; border-top:1px solid #CCCCCC;width:100%\"\/><\/div><br \/>\n<a href=\"https:\/\/cmu-edu.eu\/navigatie\/despre-facultate\/consiliul-facultatii-de-navigatie-si-transport-naval\/\"><span style=\"font-size: 18px;\"><strong>Consiliul Facult\u0103\u021bii de Naviga\u021bie \u0219i Transport Naval<\/strong><\/span><\/a><br \/>\n<div class=\"divider\" style=\"margin-top:2px; margin-bottom:2px; border-top:1px solid #CCCCCC;width:100%\"\/><\/div><br \/>\n<strong><a href=\"https:\/\/cmu-edu.eu\/navigatie\/wp-content\/uploads\/sites\/18\/2018\/09\/Organigrama-Nav.png\" target=\"_blank\" rel=\"noopener noreferrer\"><span style=\"font-size: 18px;\">Organigrama<\/span><\/a><\/strong><br \/>\n<div class=\"divider\" style=\"margin-top:2px; margin-bottom:25px; border-top:1px solid #CCCCCC;width:100%\"\/><\/div><\/p>\n<h2>Departamente<\/h2>\n<div class=\"clearfix ap-row\"><div class=\"ap_column ap-span3\"><a class=\"OrangeBut\" href=\"https:\/\/cmu-edu.eu\/navigatie\/despre-facultate\/str-cons\/\">Structura Consiliilor departamentelor didactice<\/a>\n<a class=\"OrangeBut\" href=\"https:\/\/cmu-edu.eu\/navigatie\/departamentul-de-navigatie\/\">Departamentul de Naviga\u021bie<\/a>\n<a class=\"OrangeBut\" href=\"https:\/\/cmu-edu.eu\/navigatie\/departamentul-de-stiinte-fundamentale-si-umaniste\/\">Departamentul de \u0218tiin\u021be Fundamentale \u0219i Umaniste<\/a>\n<a class=\"OrangeBut\" href=\"https:\/\/cmu-edu.eu\/navigatie\/departamentul-de-management-in-transporturi\/\">Departamentul de Management \u00een Transporturi<\/a>\n<a class=\"OrangeBut\" href=\"https:\/\/cmu-edu.eu\/secretariat\/\" target=\"_blank\" rel=\"noopener\">Secretariat<\/a>\n<a class=\"OrangeBut\" href=\"https:\/\/cmu-edu.eu\/navigatie\/despre-facultate\/planuri-hotarari-rapoarte\/\">Planuri, Hot\u0103r\u0103ri \u0219i Rapoarte <\/a><\/div>\n<div class=\"ap_column ap-span3\"><img loading=\"lazy\" decoding=\"async\" class=\"size-full wp-image-43 aligncenter\" src=\"https:\/\/cmu-edu.eu\/navigatie\/wp-content\/uploads\/sites\/18\/2018\/09\/p13.jpg\" alt=\"\" width=\"525\" height=\"350\" srcset=\"https:\/\/cmu-edu.eu\/navigatie\/wp-content\/uploads\/sites\/18\/2018\/09\/p13.jpg 525w, https:\/\/cmu-edu.eu\/navigatie\/wp-content\/uploads\/sites\/18\/2018\/09\/p13-300x200.jpg 300w\" sizes=\"auto, (max-width: 525px) 100vw, 525px\" \/><\/div><\/div>\n","protected":false},"excerpt":{"rendered":"<p>Facultatea de Naviga\u021bie \u0219i Transport Naval \u015fi-a asumat MISIUNEA de a promova un \u00eenv\u0103\u0163\u0103m\u00e2nt tehnic superior de profil larg, flexibil, interactiv \u015fi continuu, conform cu exigen\u0163ele \u00eenv\u0103\u0163\u0103m\u00e2ntului european \u015fi mondial, conserv\u00e2nd tradi\u0163iile academice na\u0163ionale. \u00cen \u00eendeplinirea misiunii asumate, Facultatea de Naviga\u021bie \u0219i Transport Naval implementeaz\u0103 activit\u0103\u021bi \u00een deplin\u0103 concordan\u021b\u0103 cu Planul Stategic \u015fi Planul Opera\u0163ional. [&hellip;]<\/p>\n","protected":false},"author":4,"featured_media":0,"parent":0,"menu_order":0,"comment_status":"closed","ping_status":"closed","template":"","meta":{"footnotes":""},"class_list":["post-20","page","type-page","status-publish","hentry"],"_links":{"self":[{"href":"https:\/\/cmu-edu.eu\/navigatie\/wp-json\/wp\/v2\/pages\/20","targetHints":{"allow":["GET"]}}],"collection":[{"href":"https:\/\/cmu-edu.eu\/navigatie\/wp-json\/wp\/v2\/pages"}],"about":[{"href":"https:\/\/cmu-edu.eu\/navigatie\/wp-json\/wp\/v2\/types\/page"}],"author":[{"embeddable":true,"href":"https:\/\/cmu-edu.eu\/navigatie\/wp-json\/wp\/v2\/users\/4"}],"replies":[{"embeddable":true,"href":"https:\/\/cmu-edu.eu\/navigatie\/wp-json\/wp\/v2\/comments?post=20"}],"version-history":[{"count":50,"href":"https:\/\/cmu-edu.eu\/navigatie\/wp-json\/wp\/v2\/pages\/20\/revisions"}],"predecessor-version":[{"id":1591,"href":"https:\/\/cmu-edu.eu\/navigatie\/wp-json\/wp\/v2\/pages\/20\/revisions\/1591"}],"wp:attachment":[{"href":"https:\/\/cmu-edu.eu\/navigatie\/wp-json\/wp\/v2\/media?parent=20"}],"curies":[{"name":"wp","href":"https:\/\/api.w.org\/{rel}","templated":true}]}}