{"id":22,"date":"2018-09-12T10:49:49","date_gmt":"2018-09-12T07:49:49","guid":{"rendered":"https:\/\/cmu-edu.eu\/navigatie\/?page_id=22"},"modified":"2025-07-31T11:01:31","modified_gmt":"2025-07-31T08:01:31","slug":"programe-de-studii","status":"publish","type":"page","link":"https:\/\/cmu-edu.eu\/navigatie\/programe-de-studii\/","title":{"rendered":"Programe de Studii"},"content":{"rendered":"<div class=\"clearfix ap-row\"><div class=\"ap_column ap-span3\"><h1>Studii Licen\u021b\u0103<\/h1>\n<ul class=\"stu\">\n<li><a href=\"https:\/\/cmu-edu.eu\/navigatie\/nav\/\">NAVIGA\u021aIE \u0218I TRANSPORT MARITIM \u0218I FLUVIAL<\/a><\/li>\n<li><a href=\"https:\/\/cmu-edu.eu\/navigatie\/nav\/\" target=\"_blank\" rel=\"noopener noreferrer\">NAVIGA\u021aIE \u0218I TRANSPORT MARITIM \u0218I FLUVIAL \u00ceN Lb. ENGLEZ\u0102<\/a><\/li>\n<li><a href=\"https:\/\/cmu-edu.eu\/navigatie\/imdt\/\" target=\"_blank\" rel=\"noopener noreferrer\">INGINERIE \u0218I MANAGEMENT \u00ceN DOMENIUL TRANSPORTURILOR<\/a><\/li>\n<\/ul>\n<hr class=\"ap-spacing\" style=\"height:10px\"\/>\n<h3>Curs Managerial de Promovare<\/h3>\n<p><div class=\"divider\" style=\"margin-top:2px; margin-bottom:2px; border-top:1px solid #CCCCCC;width:100%\"\/><\/div>\n<a href=\"https:\/\/cmu-edu.eu\/navigatie\/wp-content\/uploads\/sites\/18\/2024\/05\/Plan-inv-MODUL_Redacted.pdf\" target=\"_blank\" rel=\"noopener noreferrer\">CURS MANAGERIAL DE PROMOVARE (plan de invatamant)<\/a><\/p><\/div>\n<div class=\"ap_column ap-span3\"><h1>Studii Masterat<\/h1>\n<ul class=\"stu-red\">\n<li><a href=\"https:\/\/cmu-edu.eu\/navigatie\/inginerie-si-management-in-transportul-maritim-si-multimodal\/\">INGINERIE \u0218I MANAGEMENT \u00ceN TRANSPORT MARITIM \u0218I MULTIMODAL<\/a><\/li>\n<li><a href=\"https:\/\/cmu-edu.eu\/navigatie\/managementul-sistemelor-integrate-de-transport\/\">MANAGEMENTUL SISTEMELOR INTEGRATE DE TRANSPORT<\/a><\/li>\n<li><a href=\"https:\/\/cmu-edu.eu\/navigatie\/inginerie-si-management-in-domeniul-maritim-si-portuar\/\">INGINERIE \u0218I MANAGEMENT \u00ceN DOMENIUL MARITIM \u0218I PORTUAR<\/a><\/li>\n<li><a href=\"https:\/\/cmu-edu.eu\/navigatie\/transport-maritim\/\">TRANSPORT MARITIM<\/a><\/li>\n<li><a href=\"https:\/\/cmu-edu.eu\/navigatie\/programe-de-studii\/bat\/\">BUSINESS ADMINISTRATION IN TRANSPORT<\/a><\/li>\n<li><a href=\"https:\/\/cmu-edu.eu\/navigatie\/programe-de-studii\/oogtm\/\" target=\"_blank\" rel=\"noopener\">OFFSHORE OIL AND GAS TEHNOLOGY AND MANAGEMENT<\/a><\/li>\n<li><a href=\"https:\/\/cmu-edu.eu\/navigatie\/programe-de-studii\/imotnm\/\">INGINERIE \u0218I MANAGEMENT \u00ceN OPERAREA TERMINALELOR \u0218I NAVELOR MARITIME<\/a><\/li>\n<\/ul>\n<div class=\"ascuns\">\n<div class=\"ap_toggle close\"><div class=\"ap_toggle_title\">MANAGEMENT \u0218I LOGISTICA \u00ceN TRANSPORTURI<\/div><div class=\"ap_toggle_content\"><div style=\"background-color: #f2f2f2; padding: 10px;\">\n<p>Programul de studii universitare de master, \u201cManagement si Logistica in Transporturi\u201d, este un program de studii in oferta educationala a Facult\u0103\u0163ii de Naviga\u021bie \u0219i Transport Naval \u0219i asigur\u0103 formarea \u015fi perfec\u0163ionarea speciali\u015ftilor din sectorul de transporturi \u0219i logistic\u0103, respectiv pentru unele nevoi par\u0163iale ale domeniilor conexe (inginerie naval\u0103, ingineria mediului, inginerie \u015fi management), pe plan local \u015fi na\u0163ional, prin \u00eenv\u0103\u0163\u0103m\u00e2nt universitar construit pe criteriile de performan\u0163\u0103 ale sistemului european.Programul de studii universitare de master \u201cManagement si Logistica in Transporturi\u201d urmareste asigurarea profesionalizarii inginerilor pentru a dob\u00e2ndi competen\u0163e \u00een managementul activit\u0103\u021bilor de transport \u0219i \u00een optimizarea activit\u0103\u021bilor logistice, av\u00e2nd cuno\u015ftin\u0163e inginere\u015fti \u015fi manageriale complexe, pe parcursul a doi ani de studii, in limba romana si in regim de program de studii cu frecventa.<\/p>\n<\/div>\n<\/div>\n<p><div class=\"divider\" style=\"margin-top:10px; margin-bottom:2px; border-top:1px solid #CCCCCC;width:100%\"\/><\/div>\n<a href=\"https:\/\/cmu-edu.eu\/navigatie\/wp-content\/uploads\/sites\/18\/2018\/12\/Plan-invatamant-MLT-Master-zi.pdf\">Descarc\u0103 planul de \u00eenv\u0103\u021b\u0103m\u00e2nt<\/a><\/div><\/div><\/div><\/div>\n","protected":false},"excerpt":{"rendered":"","protected":false},"author":4,"featured_media":106,"parent":0,"menu_order":0,"comment_status":"closed","ping_status":"closed","template":"","meta":{"footnotes":""},"class_list":["post-22","page","type-page","status-publish","has-post-thumbnail","hentry"],"_links":{"self":[{"href":"https:\/\/cmu-edu.eu\/navigatie\/wp-json\/wp\/v2\/pages\/22","targetHints":{"allow":["GET"]}}],"collection":[{"href":"https:\/\/cmu-edu.eu\/navigatie\/wp-json\/wp\/v2\/pages"}],"about":[{"href":"https:\/\/cmu-edu.eu\/navigatie\/wp-json\/wp\/v2\/types\/page"}],"author":[{"embeddable":true,"href":"https:\/\/cmu-edu.eu\/navigatie\/wp-json\/wp\/v2\/users\/4"}],"replies":[{"embeddable":true,"href":"https:\/\/cmu-edu.eu\/navigatie\/wp-json\/wp\/v2\/comments?post=22"}],"version-history":[{"count":40,"href":"https:\/\/cmu-edu.eu\/navigatie\/wp-json\/wp\/v2\/pages\/22\/revisions"}],"predecessor-version":[{"id":1455,"href":"https:\/\/cmu-edu.eu\/navigatie\/wp-json\/wp\/v2\/pages\/22\/revisions\/1455"}],"wp:featuredmedia":[{"embeddable":true,"href":"https:\/\/cmu-edu.eu\/navigatie\/wp-json\/wp\/v2\/media\/106"}],"wp:attachment":[{"href":"https:\/\/cmu-edu.eu\/navigatie\/wp-json\/wp\/v2\/media?parent=22"}],"curies":[{"name":"wp","href":"https:\/\/api.w.org\/{rel}","templated":true}]}}