{"id":327,"date":"2020-02-24T12:04:32","date_gmt":"2020-02-24T10:04:32","guid":{"rendered":"https:\/\/cmu-edu.eu\/navigatie\/?page_id=327"},"modified":"2020-05-25T10:08:15","modified_gmt":"2020-05-25T07:08:15","slug":"plan-de-invatamant-managementul-sistemelor-integrate-de-transport","status":"publish","type":"page","link":"https:\/\/cmu-edu.eu\/navigatie\/programe-de-studii\/plan-de-invatamant-managementul-sistemelor-integrate-de-transport\/","title":{"rendered":"Plan de \u00eenv\u0103\u0163\u0103m\u00e2nt Managementul Sistemelor Integrate de Transport"},"content":{"rendered":"<p>Specializare masterat, durata studiilor: 2 ani, forma de \u00eenv\u0103\u0163\u0103m\u00e2nt: master, zi<\/p>\n<h3>Anul de studiu: I<\/h3>\n<table width=\"971\">\n<tbody>\n<tr>\n<td rowspan=\"2\" width=\"32\"><strong>\u00a0<\/strong><\/td>\n<td rowspan=\"2\" width=\"40\"><strong>Nr.<\/strong><\/p>\n<p><strong>crt.<\/strong><\/td>\n<td rowspan=\"2\" width=\"235\">\n<h2>Denumirea disciplinei<\/h2>\n<\/td>\n<td rowspan=\"2\" width=\"85\">\n<h2>Cod<\/h2>\n<h2>disciplin\u0103<\/h2>\n<\/td>\n<td rowspan=\"2\" width=\"76\"><strong>Tip disciplin\u0103<\/strong><\/td>\n<td colspan=\"7\" width=\"255\">\n<h2>Semestrul I &#8211; 14 s\u0103pt\u0103m\u00e2ni<\/h2>\n<\/td>\n<td colspan=\"7\" width=\"248\"><strong>Semestrul II &#8211; 14 s\u0103pt\u0103m\u00e2ni<\/strong><\/td>\n<\/tr>\n<tr>\n<td width=\"38\"><strong>C<\/strong><\/td>\n<td width=\"28\"><strong>S<\/strong><\/td>\n<td width=\"24\"><strong>L<\/strong><\/td>\n<td width=\"23\"><strong>P<\/strong><\/td>\n<td width=\"47\"><strong>SI<\/strong><\/td>\n<td width=\"47\"><strong>FV<\/strong><\/td>\n<td width=\"47\"><strong>Cr.<\/strong><\/td>\n<td width=\"38\"><strong>C<\/strong><\/td>\n<td width=\"28\"><strong>S<\/strong><\/td>\n<td width=\"23\"><strong>L<\/strong><\/td>\n<td width=\"24\"><strong>P<\/strong><\/td>\n<td width=\"47\"><strong>SI<\/strong><\/td>\n<td width=\"39\"><strong>FV<\/strong><\/td>\n<td width=\"49\"><strong>Cr.<\/strong><\/td>\n<\/tr>\n<tr>\n<td rowspan=\"8\" width=\"32\"><strong>Discipline impuse<\/strong><\/td>\n<td width=\"40\">1<\/td>\n<td width=\"235\"><a href=\"https:\/\/cmu-edu.eu\/navigatie\/wp-content\/uploads\/sites\/18\/2020\/02\/1.-Managementul-lantului-logistic-de-aprovizionare.pdf\">Managementul lan\u0163ului logistic de aprovizionare<\/a><\/td>\n<td width=\"85\">MSIT 1.1.1<\/td>\n<td width=\"76\">DA<\/td>\n<td width=\"38\">2<\/td>\n<td width=\"28\">1<\/td>\n<td width=\"24\"><\/td>\n<td width=\"23\"><\/td>\n<td width=\"47\">168<\/td>\n<td width=\"47\">E<\/td>\n<td width=\"47\">7<\/td>\n<td width=\"38\"><\/td>\n<td width=\"28\"><\/td>\n<td width=\"23\"><\/td>\n<td width=\"24\"><\/td>\n<td width=\"47\"><\/td>\n<td width=\"39\"><\/td>\n<td width=\"49\"><\/td>\n<\/tr>\n<tr>\n<td width=\"40\">2<\/td>\n<td width=\"235\"><a href=\"https:\/\/cmu-edu.eu\/navigatie\/wp-content\/uploads\/sites\/18\/2020\/02\/2.-Inspectia-marfurilor-si-a-mijloacelor-de-transport.pdf\">Inspec\u0163ia m\u0103rfurilor \u015fi mijloacelor de transport<\/a><\/td>\n<td width=\"85\">MSIT 1.1.2<\/td>\n<td width=\"76\">DS<\/td>\n<td width=\"38\">2<\/td>\n<td width=\"28\"><\/td>\n<td width=\"24\">2<\/td>\n<td width=\"23\"><\/td>\n<td width=\"47\">184<\/td>\n<td width=\"47\">E<\/td>\n<td width=\"47\">8<\/td>\n<td width=\"38\"><\/td>\n<td width=\"28\"><\/td>\n<td width=\"23\"><\/td>\n<td width=\"24\"><\/td>\n<td width=\"47\"><\/td>\n<td width=\"39\"><\/td>\n<td width=\"49\"><\/td>\n<\/tr>\n<tr>\n<td width=\"40\">3<\/td>\n<td width=\"235\"><a href=\"https:\/\/cmu-edu.eu\/navigatie\/wp-content\/uploads\/sites\/18\/2020\/02\/3.-Eficienta-investitiilor-in-transporturi.pdf\">Eficien\u0163a investi\u0163iilor \u00een transporturi<\/a><\/td>\n<td width=\"85\">MSIT 1.1.3<\/td>\n<td width=\"76\">DA<\/td>\n<td width=\"38\">2<\/td>\n<td width=\"28\">1<\/td>\n<td width=\"24\"><\/td>\n<td width=\"23\"><\/td>\n<td width=\"47\">168<\/td>\n<td width=\"47\">E<\/td>\n<td width=\"47\">7<\/td>\n<td width=\"38\"><\/td>\n<td width=\"28\"><\/td>\n<td width=\"23\"><\/td>\n<td width=\"24\"><\/td>\n<td width=\"47\"><\/td>\n<td width=\"39\"><\/td>\n<td width=\"49\"><\/td>\n<\/tr>\n<tr>\n<td width=\"40\">4<\/td>\n<td width=\"235\"><a href=\"https:\/\/cmu-edu.eu\/navigatie\/wp-content\/uploads\/sites\/18\/2020\/02\/4.-Tehnici-avansate-de-operare-si-depozitare-a-marfurilor.pdf\">Tehnici avansate de operare \u015fi depozitare a m\u0103rfurilor<\/a><\/td>\n<td width=\"85\">MSIT 1.1.4<\/td>\n<td width=\"76\">DA<\/td>\n<td width=\"38\">2<\/td>\n<td width=\"28\"><\/td>\n<td width=\"24\">1<\/td>\n<td width=\"23\">1<\/td>\n<td width=\"47\">184<\/td>\n<td width=\"47\">E<\/td>\n<td width=\"47\">8<\/td>\n<td width=\"38\"><\/td>\n<td width=\"28\"><\/td>\n<td width=\"23\"><\/td>\n<td width=\"24\"><\/td>\n<td width=\"47\"><\/td>\n<td width=\"39\"><\/td>\n<td width=\"49\"><\/td>\n<\/tr>\n<tr>\n<td width=\"40\">5<\/td>\n<td width=\"235\"><a href=\"https:\/\/cmu-edu.eu\/navigatie\/wp-content\/uploads\/sites\/18\/2020\/02\/5.-Sisteme-integrate-de-management-in-transporturi.pdf\">Sisteme integrate de management \u00een transporturi<\/a><\/td>\n<td width=\"85\">MSIT 1.2.1<\/td>\n<td width=\"76\">DS<\/td>\n<td width=\"38\"><\/td>\n<td width=\"28\"><\/td>\n<td width=\"24\"><\/td>\n<td width=\"23\"><\/td>\n<td width=\"47\"><\/td>\n<td width=\"47\"><\/td>\n<td width=\"47\"><\/td>\n<td width=\"38\">2<\/td>\n<td width=\"28\">2<\/td>\n<td width=\"23\"><\/td>\n<td width=\"24\"><\/td>\n<td width=\"47\">154<\/td>\n<td width=\"39\">E<\/td>\n<td width=\"49\">7<\/td>\n<\/tr>\n<tr>\n<td width=\"40\">6<\/td>\n<td width=\"235\"><a href=\"https:\/\/cmu-edu.eu\/navigatie\/wp-content\/uploads\/sites\/18\/2020\/02\/6.-Dreptul-transporturilor.pdf\">Dreptul transporturilor<\/a><\/td>\n<td width=\"85\">MSIT 1.2.2<\/td>\n<td width=\"76\">DS<\/td>\n<td width=\"38\"><\/td>\n<td width=\"28\"><\/td>\n<td width=\"24\"><\/td>\n<td width=\"23\"><\/td>\n<td width=\"47\"><\/td>\n<td width=\"47\"><\/td>\n<td width=\"47\"><\/td>\n<td width=\"38\">2<\/td>\n<td width=\"28\">2<\/td>\n<td width=\"23\"><\/td>\n<td width=\"24\"><\/td>\n<td width=\"47\">154<\/td>\n<td width=\"39\">V<\/td>\n<td width=\"49\">7<\/td>\n<\/tr>\n<tr>\n<td width=\"40\">7<\/td>\n<td width=\"235\"><a href=\"https:\/\/cmu-edu.eu\/navigatie\/wp-content\/uploads\/sites\/18\/2020\/02\/7.-Operatiuni-sustenabile-in-transport-multimodal.pdf\">Opera\u021biuni sustenabile de transport multimodal<\/a><\/td>\n<td width=\"85\">MSIT 1.2.3<\/td>\n<td width=\"76\">DA<\/td>\n<td width=\"38\"><\/td>\n<td width=\"28\"><\/td>\n<td width=\"24\"><\/td>\n<td width=\"23\"><\/td>\n<td width=\"47\"><\/td>\n<td width=\"47\"><\/td>\n<td width=\"47\"><\/td>\n<td width=\"38\">2<\/td>\n<td width=\"28\"><\/td>\n<td width=\"23\">1<\/td>\n<td width=\"24\">1<\/td>\n<td width=\"47\">184<\/td>\n<td width=\"39\">E<\/td>\n<td width=\"49\">8<\/td>\n<\/tr>\n<tr>\n<td width=\"40\">8<\/td>\n<td width=\"235\"><a href=\"https:\/\/cmu-edu.eu\/navigatie\/wp-content\/uploads\/sites\/18\/2020\/02\/8.-Evaluarea-si-tratarea-riscurilor-in-transporturi.pdf\">Evaluarea \u015fi tratarea riscurilor \u00een transporturi<\/a><\/td>\n<td width=\"85\">MSIT 1.2.4<\/td>\n<td width=\"76\">DS<\/td>\n<td width=\"38\"><\/td>\n<td width=\"28\"><\/td>\n<td width=\"24\"><\/td>\n<td width=\"23\"><\/td>\n<td width=\"47\"><\/td>\n<td width=\"47\"><\/td>\n<td width=\"47\"><\/td>\n<td width=\"38\">2<\/td>\n<td width=\"28\">2<\/td>\n<td width=\"23\"><\/td>\n<td width=\"24\"><\/td>\n<td width=\"47\">184<\/td>\n<td width=\"39\">V<\/td>\n<td width=\"49\">8<\/td>\n<\/tr>\n<tr>\n<td width=\"32\"><\/td>\n<td colspan=\"4\" rowspan=\"2\" width=\"436\">Total ore pe semestru, total probe pe semestru \u015fi total credite pe\u00a0 semestru, la disciplinele impuse\u00a0 \u015fi la cele op\u0163ionale; DA=disciplin\u0103 de aprofundare, DS=disciplin\u0103 de sintez\u0103<\/td>\n<td width=\"38\">8<\/td>\n<td width=\"28\">2<\/td>\n<td width=\"24\">3<\/td>\n<td width=\"23\">1<\/td>\n<td width=\"47\">704<\/td>\n<td rowspan=\"2\" width=\"47\"><\/td>\n<td rowspan=\"2\" width=\"47\"><strong>30<\/strong><\/td>\n<td width=\"38\">8<\/td>\n<td width=\"28\">6<\/td>\n<td width=\"23\">1<\/td>\n<td width=\"24\">1<\/td>\n<td width=\"47\">676<\/td>\n<td rowspan=\"2\" width=\"39\"><\/td>\n<td rowspan=\"2\" width=\"49\"><strong>30<\/strong><\/td>\n<\/tr>\n<tr>\n<td width=\"32\"><\/td>\n<td colspan=\"4\" width=\"113\"><strong>14<\/strong><\/td>\n<td width=\"47\"><\/td>\n<td colspan=\"4\" width=\"113\"><strong>16<\/strong><\/td>\n<td width=\"47\"><\/td>\n<\/tr>\n<\/tbody>\n<\/table>\n<table width=\"1037\">\n<tbody>\n<tr>\n<td rowspan=\"2\" width=\"32\"><strong>\u00a0<\/strong><\/td>\n<td rowspan=\"2\" width=\"40\"><strong>Nr.<\/strong><\/p>\n<p><strong>crt.<\/strong><\/td>\n<td rowspan=\"2\" width=\"295\">\n<h2>Denumirea disciplinei<\/h2>\n<\/td>\n<td rowspan=\"2\" width=\"82\">\n<h2>Cod<\/h2>\n<h2>Disc.<\/h2>\n<\/td>\n<td rowspan=\"2\" width=\"66\"><strong>Tip disc.<\/strong><\/td>\n<td colspan=\"8\" width=\"275\">\n<h2>Semestrul I &#8211; 14 s\u0103pt\u0103m\u00e2ni<\/h2>\n<\/td>\n<td colspan=\"7\" width=\"248\"><strong>Semestrul II &#8211; 14 s\u0103pt\u0103m\u00e2ni<\/strong><\/td>\n<\/tr>\n<tr>\n<td width=\"38\"><strong>C<\/strong><\/td>\n<td width=\"38\"><strong>S<\/strong><\/td>\n<td width=\"34\"><strong>L<\/strong><\/td>\n<td width=\"32\"><strong>P<\/strong><\/td>\n<td width=\"38\"><strong>SI<\/strong><\/td>\n<td width=\"47\"><strong>FV<\/strong><\/td>\n<td width=\"47\"><strong>Cr.<\/strong><\/td>\n<td colspan=\"2\" width=\"38\"><strong>C<\/strong><\/td>\n<td width=\"28\"><strong>S<\/strong><\/td>\n<td width=\"23\"><strong>L<\/strong><\/td>\n<td width=\"24\"><strong>P<\/strong><\/td>\n<td width=\"47\"><strong>SI<\/strong><\/td>\n<td width=\"39\"><strong>FV<\/strong><\/td>\n<td width=\"48\"><strong>Cr.<\/strong><\/td>\n<\/tr>\n<tr>\n<td rowspan=\"2\" width=\"32\"><strong>Discipline facultative<\/strong><\/td>\n<td width=\"40\">1<\/td>\n<td width=\"295\"><a href=\"https:\/\/cmu-edu.eu\/navigatie\/wp-content\/uploads\/sites\/18\/2020\/02\/9.-Voluntariat.pdf\">Voluntariat<\/a><\/td>\n<td width=\"82\">MSIT 1.1.8<\/td>\n<td width=\"66\">DA<\/td>\n<td width=\"38\"><\/td>\n<td width=\"38\">1<\/td>\n<td width=\"34\"><\/td>\n<td width=\"32\"><\/td>\n<td width=\"38\">34<\/td>\n<td width=\"47\">A\/R<\/td>\n<td width=\"47\">2<\/td>\n<td colspan=\"2\" width=\"38\"><\/td>\n<td width=\"28\"><\/td>\n<td width=\"23\"><\/td>\n<td width=\"24\"><\/td>\n<td width=\"47\"><\/td>\n<td width=\"39\"><\/td>\n<td width=\"48\"><\/td>\n<\/tr>\n<tr>\n<td width=\"40\">2<\/td>\n<td width=\"295\"><a href=\"#\">Introducere \u00een securitate cibernetic\u0103<\/a><\/td>\n<td width=\"82\">MSIT 1.1.8<\/td>\n<td width=\"66\">DA<\/td>\n<td width=\"38\">\u00a02<\/td>\n<td width=\"38\"><\/td>\n<td width=\"34\">2<\/td>\n<td width=\"32\"><\/td>\n<td width=\"38\">184<\/td>\n<td width=\"47\">V<\/td>\n<td width=\"47\">5<\/td>\n<td colspan=\"2\" width=\"38\"><\/td>\n<td width=\"28\"><\/td>\n<td width=\"23\"><\/td>\n<td width=\"24\"><\/td>\n<td width=\"47\"><\/td>\n<td width=\"39\"><\/td>\n<td width=\"48\"><\/td>\n<\/tr>\n<tr>\n<td width=\"32\"><\/td>\n<td colspan=\"4\" rowspan=\"2\" width=\"483\">Total ore pe semestru, total probe pe semestru \u015fi total credite pe semestru, la disciplinele facultative<\/td>\n<td width=\"38\">2<\/td>\n<td width=\"38\">1<\/td>\n<td width=\"34\">2<\/td>\n<td width=\"32\"><\/td>\n<td width=\"38\">34<\/td>\n<td rowspan=\"2\" width=\"47\"><\/td>\n<td rowspan=\"2\" width=\"47\"><strong>7<\/strong><\/td>\n<td colspan=\"2\" width=\"38\"><\/td>\n<td width=\"28\"><\/td>\n<td width=\"23\"><\/td>\n<td width=\"24\"><\/td>\n<td width=\"47\"><\/td>\n<td rowspan=\"2\" width=\"39\"><\/td>\n<td rowspan=\"2\" width=\"48\"><strong>\u00a0<\/strong><\/td>\n<\/tr>\n<tr>\n<td width=\"32\"><\/td>\n<td colspan=\"4\" width=\"142\"><strong>5<\/strong><\/td>\n<td width=\"38\"><\/td>\n<td colspan=\"5\" width=\"113\"><strong>\u00a0<\/strong><\/td>\n<td width=\"47\"><\/td>\n<\/tr>\n<\/tbody>\n<\/table>\n<h3>Anul de studiu: II<\/h3>\n<table width=\"971\">\n<tbody>\n<tr>\n<td rowspan=\"2\" width=\"32\"><strong>\u00a0<\/strong><\/td>\n<td rowspan=\"2\" width=\"40\"><strong>Nr.<\/strong><\/p>\n<p><strong>crt.<\/strong><\/td>\n<td rowspan=\"2\" width=\"235\">\n<h2>Denumirea disciplinei<\/h2>\n<\/td>\n<td rowspan=\"2\" width=\"85\">\n<h2>Cod<\/h2>\n<h2>disciplin\u0103<\/h2>\n<\/td>\n<td rowspan=\"2\" width=\"76\"><strong>Tip disciplin\u0103<\/strong><\/td>\n<td colspan=\"7\" width=\"255\">\n<h2>Semestrul I &#8211; 14 s\u0103pt\u0103m\u00e2ni<\/h2>\n<\/td>\n<td colspan=\"7\" width=\"248\"><strong>Semestrul II &#8211; 14 s\u0103pt\u0103m\u00e2ni<\/strong><\/td>\n<\/tr>\n<tr>\n<td width=\"38\"><strong>C<\/strong><\/td>\n<td width=\"28\"><strong>S<\/strong><\/td>\n<td width=\"24\"><strong>L<\/strong><\/td>\n<td width=\"23\"><strong>P<\/strong><\/td>\n<td width=\"47\"><strong>SI<\/strong><\/td>\n<td width=\"47\"><strong>FV<\/strong><\/td>\n<td width=\"47\"><strong>Cr.<\/strong><\/td>\n<td width=\"38\"><strong>C<\/strong><\/td>\n<td width=\"28\"><strong>S<\/strong><\/td>\n<td width=\"31\"><strong>L<\/strong><\/td>\n<td width=\"26\"><strong>P<\/strong><\/td>\n<td width=\"37\"><strong>SI<\/strong><\/td>\n<td width=\"39\"><strong>FV<\/strong><\/td>\n<td width=\"49\"><strong>Cr.<\/strong><\/td>\n<\/tr>\n<tr>\n<td rowspan=\"7\" width=\"32\"><strong>Discipline impuse<\/strong><\/td>\n<td width=\"40\">1<\/td>\n<td width=\"235\"><a href=\"https:\/\/cmu-edu.eu\/navigatie\/wp-content\/uploads\/sites\/18\/2020\/02\/1.-Optimizari-in-transporturi.pdf\">Optimiz\u0103ri \u00een transporturi<\/a><\/td>\n<td width=\"85\">MSIT 2.1.1<\/td>\n<td width=\"76\">DS<\/td>\n<td width=\"38\">2<\/td>\n<td width=\"28\">1<\/td>\n<td width=\"24\"><\/td>\n<td width=\"23\"><\/td>\n<td width=\"47\">138<\/td>\n<td width=\"47\">E<\/td>\n<td width=\"47\">6<\/td>\n<td width=\"38\"><\/td>\n<td width=\"28\"><\/td>\n<td width=\"31\"><\/td>\n<td width=\"26\"><\/td>\n<td width=\"37\"><\/td>\n<td width=\"39\"><\/td>\n<td width=\"49\"><\/td>\n<\/tr>\n<tr>\n<td width=\"40\">2<\/td>\n<td width=\"235\"><a href=\"https:\/\/cmu-edu.eu\/navigatie\/wp-content\/uploads\/sites\/18\/2020\/02\/2.-Sisteme-informatice-de-management-maritim.pdf\">Sisteme informatice de management maritim<\/a><\/td>\n<td width=\"85\">MSIT 2.1.2<\/td>\n<td width=\"76\">DA<\/td>\n<td width=\"38\">2<\/td>\n<td width=\"28\"><\/td>\n<td width=\"24\">2<\/td>\n<td width=\"23\"><\/td>\n<td width=\"47\">154<\/td>\n<td width=\"47\">E<\/td>\n<td width=\"47\">7<\/td>\n<td width=\"38\"><\/td>\n<td width=\"28\"><\/td>\n<td width=\"31\"><\/td>\n<td width=\"26\"><\/td>\n<td width=\"37\"><\/td>\n<td width=\"39\"><\/td>\n<td width=\"49\"><\/td>\n<\/tr>\n<tr>\n<td width=\"40\">3<\/td>\n<td width=\"235\"><a href=\"https:\/\/cmu-edu.eu\/navigatie\/wp-content\/uploads\/sites\/18\/2020\/02\/3.-Analiza-si-ingineria-valorii.pdf\">Analiza \u015fi ingineria valorii<\/a><\/td>\n<td width=\"85\">MSIT 2.1.3<\/td>\n<td width=\"76\">DA<\/td>\n<td width=\"38\">2<\/td>\n<td width=\"28\">1<\/td>\n<td width=\"24\"><\/td>\n<td width=\"23\"><\/td>\n<td width=\"47\">168<\/td>\n<td width=\"47\">E<\/td>\n<td width=\"47\">7<\/td>\n<td width=\"38\"><\/td>\n<td width=\"28\"><\/td>\n<td width=\"31\"><\/td>\n<td width=\"26\"><\/td>\n<td width=\"37\"><\/td>\n<td width=\"39\"><\/td>\n<td width=\"49\"><\/td>\n<\/tr>\n<tr>\n<td width=\"40\">4<\/td>\n<td width=\"235\"><a href=\"https:\/\/cmu-edu.eu\/navigatie\/wp-content\/uploads\/sites\/18\/2020\/02\/4.-Management-strategic-in-tranporturi.pdf\">Managementul strategic \u00een transporturi<\/a><\/td>\n<td width=\"85\">MSIT 2.1.4<\/td>\n<td width=\"76\">DS<\/td>\n<td width=\"38\">2<\/td>\n<td width=\"28\">2<\/td>\n<td width=\"24\"><\/td>\n<td width=\"23\"><\/td>\n<td width=\"47\">184<\/td>\n<td width=\"47\">V<\/td>\n<td width=\"47\">8<\/td>\n<td width=\"38\"><\/td>\n<td width=\"28\"><\/td>\n<td width=\"31\"><\/td>\n<td width=\"26\"><\/td>\n<td width=\"37\"><\/td>\n<td width=\"39\"><\/td>\n<td width=\"49\"><\/td>\n<\/tr>\n<tr>\n<td width=\"40\">5<\/td>\n<td width=\"235\"><a href=\"https:\/\/cmu-edu.eu\/navigatie\/wp-content\/uploads\/sites\/18\/2020\/02\/5.-Etica-si-integritate-academica.pdf\">Etic\u0103 \u0219i integritate academic\u0103<\/a><\/td>\n<td width=\"85\">MSIT 2.1.5<\/td>\n<td width=\"76\">DA<\/td>\n<td width=\"38\">1<\/td>\n<td width=\"28\"><\/td>\n<td width=\"24\"><\/td>\n<td width=\"23\"><\/td>\n<td width=\"47\">34<\/td>\n<td width=\"47\">V<\/td>\n<td width=\"47\">2<\/td>\n<td width=\"38\"><\/td>\n<td width=\"28\"><\/td>\n<td width=\"31\"><\/td>\n<td width=\"26\"><\/td>\n<td width=\"37\"><\/td>\n<td width=\"39\"><\/td>\n<td width=\"49\"><\/td>\n<\/tr>\n<tr>\n<td width=\"40\">6<\/td>\n<td width=\"235\"><a href=\"https:\/\/cmu-edu.eu\/navigatie\/wp-content\/uploads\/sites\/18\/2020\/02\/6.-Practica-de-cercetare-in-vederea-elaborarii-lucrarii-de-disertatie.pdf\">Practic\u0103 de cercetare \u00een vederea elabor\u0103rii lucr\u0103rii de diserta\u0163ie<\/a><\/td>\n<td width=\"85\">MSIT 2.2.1<\/td>\n<td width=\"76\">DS<\/td>\n<td width=\"38\"><\/td>\n<td width=\"28\"><\/td>\n<td width=\"24\"><\/td>\n<td width=\"23\"><\/td>\n<td width=\"47\"><\/td>\n<td width=\"47\"><\/td>\n<td width=\"47\"><\/td>\n<td width=\"38\"><\/td>\n<td width=\"28\"><\/td>\n<td width=\"31\">10<\/td>\n<td width=\"26\"><\/td>\n<td width=\"37\">310<\/td>\n<td width=\"39\">V<\/td>\n<td width=\"49\">15<\/td>\n<\/tr>\n<tr>\n<td width=\"40\">7<\/td>\n<td width=\"235\"><a href=\"https:\/\/cmu-edu.eu\/navigatie\/wp-content\/uploads\/sites\/18\/2020\/02\/7.-Elaborarea-lucrarii-de-disertatie.pdf\">Elaborarea lucrarii de diserta\u0163ie<\/a><\/td>\n<td width=\"85\">MSIT 2.2.2<\/td>\n<td width=\"76\">DA<\/td>\n<td width=\"38\"><\/td>\n<td width=\"28\"><\/td>\n<td width=\"24\"><\/td>\n<td width=\"23\"><\/td>\n<td width=\"47\"><\/td>\n<td width=\"47\"><\/td>\n<td width=\"47\"><\/td>\n<td width=\"38\"><\/td>\n<td width=\"28\"><\/td>\n<td width=\"31\">4<\/td>\n<td width=\"26\"><strong>\u00a0<\/strong><\/td>\n<td width=\"37\">394<\/td>\n<td width=\"39\">V<\/td>\n<td width=\"49\">15<\/td>\n<\/tr>\n<tr>\n<td width=\"32\"><\/td>\n<td colspan=\"4\" rowspan=\"2\" width=\"436\">Total ore pe semestru, total probe pe semestru \u015fi total credite pe\u00a0 semestru, la disciplinele impuse\u00a0 \u015fi la cele op\u0163ionale; DA=disciplin\u0103 de aprofundare, DS=disciplin\u0103 de sintez\u0103<\/td>\n<td width=\"38\">9<\/td>\n<td width=\"28\">4<\/td>\n<td width=\"24\">2<\/td>\n<td width=\"23\"><\/td>\n<td width=\"47\">678<\/td>\n<td rowspan=\"2\" width=\"47\"><\/td>\n<td rowspan=\"2\" width=\"47\"><strong>30<\/strong><\/td>\n<td width=\"38\"><\/td>\n<td width=\"28\"><\/td>\n<td width=\"31\">14<\/td>\n<td width=\"26\"><\/td>\n<td width=\"37\">704<\/td>\n<td rowspan=\"2\" width=\"39\"><\/td>\n<td rowspan=\"2\" width=\"49\"><strong>30<\/strong><\/td>\n<\/tr>\n<tr>\n<td width=\"32\"><\/td>\n<td colspan=\"4\" width=\"113\"><strong>15<\/strong><\/td>\n<td width=\"47\"><\/td>\n<td colspan=\"4\" width=\"124\"><strong>14<\/strong><\/td>\n<td width=\"37\"><\/td>\n<\/tr>\n<\/tbody>\n<\/table>\n<p>&nbsp;<\/p>\n<table width=\"972\">\n<tbody>\n<tr>\n<td rowspan=\"2\" width=\"32\"><strong>\u00a0<\/strong><\/td>\n<td rowspan=\"2\" width=\"40\"><strong>Nr.<\/strong><\/p>\n<p><strong>crt.<\/strong><\/td>\n<td rowspan=\"2\" width=\"235\">\n<h2>Denumirea disciplinei<\/h2>\n<\/td>\n<td rowspan=\"2\" width=\"84\">\n<h2>Cod<\/h2>\n<h2>Disc.<\/h2>\n<\/td>\n<td rowspan=\"2\" width=\"78\"><strong>Tip disc.<\/strong><\/td>\n<td colspan=\"7\" width=\"252\">\n<h2>Semestrul I &#8211; 14 s\u0103pt\u0103m\u00e2ni<\/h2>\n<\/td>\n<td colspan=\"7\" width=\"252\"><strong>Semestrul II &#8211; 14 s\u0103pt\u0103m\u00e2ni<\/strong><\/td>\n<\/tr>\n<tr>\n<td width=\"36\"><strong>C<\/strong><\/td>\n<td width=\"30\"><strong>S<\/strong><\/td>\n<td width=\"24\"><strong>L<\/strong><\/td>\n<td width=\"24\"><strong>P<\/strong><\/td>\n<td width=\"48\"><strong>SI<\/strong><\/td>\n<td width=\"42\"><strong>FV<\/strong><\/td>\n<td width=\"48\"><strong>Cr.<\/strong><\/td>\n<td width=\"42\"><strong>C<\/strong><\/td>\n<td width=\"24\"><strong>S<\/strong><\/td>\n<td width=\"30\"><strong>L<\/strong><\/td>\n<td width=\"30\"><strong>P<\/strong><\/td>\n<td width=\"36\"><strong>SI<\/strong><\/td>\n<td width=\"42\"><strong>FV<\/strong><\/td>\n<td width=\"48\"><strong>Cr.<\/strong><\/td>\n<\/tr>\n<tr>\n<td rowspan=\"2\" width=\"32\"><strong>Discipline facultative<\/strong><\/td>\n<td width=\"40\">1<\/td>\n<td width=\"235\"><a href=\"https:\/\/cmu-edu.eu\/navigatie\/wp-content\/uploads\/sites\/18\/2020\/02\/8.-Metodologia-cercetarii.pdf\">Metodologia cercet\u0103rii<\/a><\/td>\n<td width=\"84\">MSIT 2.1.8<\/td>\n<td width=\"78\">DS<\/td>\n<td width=\"36\">2<\/td>\n<td width=\"30\">2<\/td>\n<td width=\"24\"><\/td>\n<td width=\"24\"><\/td>\n<td width=\"48\">136<\/td>\n<td width=\"42\">V<\/td>\n<td width=\"48\">8<\/td>\n<td width=\"42\"><\/td>\n<td width=\"24\"><\/td>\n<td width=\"30\"><\/td>\n<td width=\"30\"><\/td>\n<td width=\"36\"><\/td>\n<td width=\"42\"><\/td>\n<td width=\"48\"><\/td>\n<\/tr>\n<tr>\n<td width=\"40\">2<\/td>\n<td width=\"235\"><a href=\"https:\/\/cmu-edu.eu\/navigatie\/wp-content\/uploads\/sites\/18\/2020\/02\/9.-Voluntariat-1.pdf\">Voluntariat<\/a><\/td>\n<td width=\"84\">MSIT 2.1.9<\/td>\n<td width=\"78\">DA<\/td>\n<td width=\"36\"><\/td>\n<td width=\"30\">1<\/td>\n<td width=\"24\"><\/td>\n<td width=\"24\"><\/td>\n<td width=\"48\">34<\/td>\n<td width=\"42\">A\/R<\/td>\n<td width=\"48\">2<\/td>\n<td width=\"42\"><\/td>\n<td width=\"24\"><\/td>\n<td width=\"30\"><\/td>\n<td width=\"30\"><\/td>\n<td width=\"36\"><\/td>\n<td width=\"42\"><\/td>\n<td width=\"48\"><\/td>\n<\/tr>\n<tr>\n<td width=\"32\"><\/td>\n<td colspan=\"4\" rowspan=\"2\" width=\"436\">Total ore pe semestru, total probe pe semestru \u015fi total credite pe semestru, la disciplinele facultative<\/td>\n<td width=\"36\">2<\/td>\n<td width=\"30\">3<\/td>\n<td width=\"24\"><\/td>\n<td width=\"24\"><\/td>\n<td width=\"48\">170<\/td>\n<td rowspan=\"2\" width=\"42\"><\/td>\n<td rowspan=\"2\" width=\"48\"><strong>10<\/strong><\/td>\n<td width=\"42\"><\/td>\n<td width=\"24\"><\/td>\n<td width=\"30\"><\/td>\n<td width=\"30\"><\/td>\n<td width=\"36\"><\/td>\n<td rowspan=\"2\" width=\"42\"><\/td>\n<td rowspan=\"2\" width=\"48\"><\/td>\n<\/tr>\n<tr>\n<td width=\"32\"><\/td>\n<td colspan=\"4\" width=\"114\"><strong>5<\/strong><\/td>\n<td width=\"48\"><\/td>\n<td colspan=\"4\" width=\"126\"><\/td>\n<td width=\"36\"><\/td>\n<\/tr>\n<\/tbody>\n<\/table>\n","protected":false},"excerpt":{"rendered":"<p>Specializare masterat, durata studiilor: 2 ani, forma de \u00eenv\u0103\u0163\u0103m\u00e2nt: master, zi Anul de studiu: I \u00a0 Nr. crt. Denumirea disciplinei Cod disciplin\u0103 Tip disciplin\u0103 Semestrul I &#8211; 14 s\u0103pt\u0103m\u00e2ni Semestrul II &#8211; 14 s\u0103pt\u0103m\u00e2ni C S L P SI FV Cr. C S L P SI FV Cr. Discipline impuse 1 Managementul lan\u0163ului logistic de [&hellip;]<\/p>\n","protected":false},"author":4,"featured_media":0,"parent":22,"menu_order":0,"comment_status":"closed","ping_status":"closed","template":"","meta":{"footnotes":""},"class_list":["post-327","page","type-page","status-publish","hentry"],"_links":{"self":[{"href":"https:\/\/cmu-edu.eu\/navigatie\/wp-json\/wp\/v2\/pages\/327","targetHints":{"allow":["GET"]}}],"collection":[{"href":"https:\/\/cmu-edu.eu\/navigatie\/wp-json\/wp\/v2\/pages"}],"about":[{"href":"https:\/\/cmu-edu.eu\/navigatie\/wp-json\/wp\/v2\/types\/page"}],"author":[{"embeddable":true,"href":"https:\/\/cmu-edu.eu\/navigatie\/wp-json\/wp\/v2\/users\/4"}],"replies":[{"embeddable":true,"href":"https:\/\/cmu-edu.eu\/navigatie\/wp-json\/wp\/v2\/comments?post=327"}],"version-history":[{"count":6,"href":"https:\/\/cmu-edu.eu\/navigatie\/wp-json\/wp\/v2\/pages\/327\/revisions"}],"predecessor-version":[{"id":393,"href":"https:\/\/cmu-edu.eu\/navigatie\/wp-json\/wp\/v2\/pages\/327\/revisions\/393"}],"up":[{"embeddable":true,"href":"https:\/\/cmu-edu.eu\/navigatie\/wp-json\/wp\/v2\/pages\/22"}],"wp:attachment":[{"href":"https:\/\/cmu-edu.eu\/navigatie\/wp-json\/wp\/v2\/media?parent=327"}],"curies":[{"name":"wp","href":"https:\/\/api.w.org\/{rel}","templated":true}]}}