{"id":396,"date":"2020-06-02T11:56:43","date_gmt":"2020-06-02T08:56:43","guid":{"rendered":"https:\/\/cmu-edu.eu\/navigatie\/?page_id=396"},"modified":"2026-01-26T11:48:56","modified_gmt":"2026-01-26T09:48:56","slug":"consiliul-facultatii-de-navigatie-si-transport-naval","status":"publish","type":"page","link":"https:\/\/cmu-edu.eu\/navigatie\/despre-facultate\/consiliul-facultatii-de-navigatie-si-transport-naval\/","title":{"rendered":"Consiliul Facult\u0103\u021bii de Naviga\u021bie \u0219i Transport Naval"},"content":{"rendered":"<table width=\"662\">\n<tbody>\n<tr>\n<td width=\"340\"><strong>\u00a0\u00a0\u00a0 Functia\/Departamentul<\/strong><\/td>\n<td width=\"321\"><strong>\u00a0Numele si Prenumele<\/strong><\/td>\n<\/tr>\n<tr>\n<td width=\"340\">RECTOR Departament Naviga\u0163ie<\/td>\n<td width=\"321\">Conf.univ.dr.\u00a0 Gabriel M\u0103rg\u0103rit RAICU<\/td>\n<\/tr>\n<tr>\n<td width=\"340\">DECAN Departament Naviga\u0163ie<\/td>\n<td width=\"321\">Conf.univ.dr. Nicoleta ACOMI<\/td>\n<\/tr>\n<tr>\n<td width=\"340\">Director Departament Naviga\u0163ie<\/td>\n<td width=\"321\">Conf.univ.dr. Anastasia Elena DU\u0218E<\/td>\n<\/tr>\n<tr>\n<td width=\"340\">Departament Naviga\u0163ie<\/td>\n<td width=\"321\">Conf.univ.dr. Radu-Ioan HANZU-PAZARA<\/td>\n<\/tr>\n<tr>\n<td width=\"340\">Departament Naviga\u0163ie<\/td>\n<td width=\"321\">\u0218.l.univ.dr. Ramona TROMIADIS<\/td>\n<\/tr>\n<tr>\n<td width=\"340\">Director Departament\u00a0 Management in transporturi<\/td>\n<td width=\"321\">Lect.univ.dr. Ana-Cornelia OLTEANU<\/td>\n<\/tr>\n<tr>\n<td width=\"340\">Departament\u00a0 Management in transporturi<\/td>\n<td width=\"321\">Lect.univ.dr. Alexandru-Octavian MICU<\/td>\n<\/tr>\n<tr>\n<td width=\"340\">Departament\u00a0 Management in transporturi<\/td>\n<td width=\"321\">Lect.univ.dr. Liliana-Viorica POPA<\/td>\n<\/tr>\n<tr>\n<td width=\"340\">Director Departament \u015etiin\u0163e fundamentale \u015fi umaniste<\/td>\n<td width=\"321\">Conf.univ.dr. Anca S\u00ceRBU<\/td>\n<\/tr>\n<tr>\n<td width=\"340\">Departament \u015etiin\u0163e fundamentale \u015fi umaniste<\/td>\n<td width=\"321\">Prof.univ.dr. Eliodor Mihail CONSTANTINESCU<\/td>\n<\/tr>\n<tr>\n<td width=\"340\">Departament \u015etiin\u0163e fundamentale \u015fi umaniste<\/td>\n<td width=\"321\">Lect.univ.dr. Leti\u021bia ION<\/td>\n<\/tr>\n<tr>\n<td width=\"340\">Departament \u015etiin\u0163e fundamentale \u015fi umaniste<\/td>\n<td width=\"321\">Lect.univ.dr. Sabina Z\u0102GAN<\/td>\n<\/tr>\n<tr>\n<td width=\"340\">Student<\/td>\n<td width=\"321\">Ambroze Denisa Gabriela<\/td>\n<\/tr>\n<tr>\n<td width=\"340\">Student<\/td>\n<td width=\"321\">Constantin Andra Elena<\/td>\n<\/tr>\n<tr>\n<td width=\"340\">Student<\/td>\n<td width=\"321\">Ro\u0219u Alexandru Mihai<\/td>\n<\/tr>\n<tr>\n<td width=\"340\">Student<\/td>\n<td width=\"321\">Micl\u0103u\u0219 Cosmin Andrei<\/td>\n<\/tr>\n<\/tbody>\n<\/table>\n<p><a class=\"OrangeBut\" href=\"https:\/\/cmu-edu.eu\/wp-content\/uploads\/2020\/01\/Regulament-de-organizare-%C8%99i-func%C8%9Bionare-Consiliul-Facult%C4%83%C8%9Bii.pdf\">Regulament de organizare \u0219i func\u021bionare Consiliul Facult\u0103\u021bii<\/a><\/p>\n","protected":false},"excerpt":{"rendered":"<p>\u00a0\u00a0\u00a0 Functia\/Departamentul \u00a0Numele si Prenumele RECTOR Departament Naviga\u0163ie Conf.univ.dr.\u00a0 Gabriel M\u0103rg\u0103rit RAICU DECAN Departament Naviga\u0163ie Conf.univ.dr. Nicoleta ACOMI Director Departament Naviga\u0163ie Conf.univ.dr. Anastasia Elena DU\u0218E Departament Naviga\u0163ie Conf.univ.dr. Radu-Ioan HANZU-PAZARA Departament Naviga\u0163ie \u0218.l.univ.dr. Ramona TROMIADIS Director Departament\u00a0 Management in transporturi Lect.univ.dr. Ana-Cornelia OLTEANU Departament\u00a0 Management in transporturi Lect.univ.dr. Alexandru-Octavian MICU Departament\u00a0 Management in transporturi Lect.univ.dr. [&hellip;]<\/p>\n","protected":false},"author":4,"featured_media":0,"parent":20,"menu_order":0,"comment_status":"closed","ping_status":"closed","template":"","meta":{"footnotes":""},"class_list":["post-396","page","type-page","status-publish","hentry"],"_links":{"self":[{"href":"https:\/\/cmu-edu.eu\/navigatie\/wp-json\/wp\/v2\/pages\/396","targetHints":{"allow":["GET"]}}],"collection":[{"href":"https:\/\/cmu-edu.eu\/navigatie\/wp-json\/wp\/v2\/pages"}],"about":[{"href":"https:\/\/cmu-edu.eu\/navigatie\/wp-json\/wp\/v2\/types\/page"}],"author":[{"embeddable":true,"href":"https:\/\/cmu-edu.eu\/navigatie\/wp-json\/wp\/v2\/users\/4"}],"replies":[{"embeddable":true,"href":"https:\/\/cmu-edu.eu\/navigatie\/wp-json\/wp\/v2\/comments?post=396"}],"version-history":[{"count":7,"href":"https:\/\/cmu-edu.eu\/navigatie\/wp-json\/wp\/v2\/pages\/396\/revisions"}],"predecessor-version":[{"id":1563,"href":"https:\/\/cmu-edu.eu\/navigatie\/wp-json\/wp\/v2\/pages\/396\/revisions\/1563"}],"up":[{"embeddable":true,"href":"https:\/\/cmu-edu.eu\/navigatie\/wp-json\/wp\/v2\/pages\/20"}],"wp:attachment":[{"href":"https:\/\/cmu-edu.eu\/navigatie\/wp-json\/wp\/v2\/media?parent=396"}],"curies":[{"name":"wp","href":"https:\/\/api.w.org\/{rel}","templated":true}]}}