{"id":466,"date":"2020-06-29T10:26:02","date_gmt":"2020-06-29T07:26:02","guid":{"rendered":"https:\/\/cmu-edu.eu\/navigatie\/?page_id=466"},"modified":"2025-06-13T17:56:23","modified_gmt":"2025-06-13T14:56:23","slug":"imdt","status":"publish","type":"page","link":"https:\/\/cmu-edu.eu\/navigatie\/programe-de-studii\/imdt\/","title":{"rendered":"Inginerie \u0219i management \u00een domeniul transporturilor"},"content":{"rendered":"<p><iframe loading=\"lazy\" title=\"Specializarea  Inginerie s\u0326i Management i\u0302n Domeniul Transporturilor\" width=\"640\" height=\"360\" src=\"https:\/\/www.youtube.com\/embed\/WG6eWz9PHZI?feature=oembed\" frameborder=\"0\" allow=\"accelerometer; autoplay; clipboard-write; encrypted-media; gyroscope; picture-in-picture; web-share\" referrerpolicy=\"strict-origin-when-cross-origin\" allowfullscreen><\/iframe><\/p>\n<h2>INGINERIE \u0218I MANAGEMENT \u00ceN DOMENIUL TRANSPORTURILOR<\/h2>\n<p>Sectorul transporturi \u015fi logistic\u0103 reprezint\u0103 un motor cheie al dezvolt\u0103rii societ\u0103\u0163ii moderne \u015fi comer\u0163ului global, furniz\u00e2nd excelente oportunit\u0103\u021bi carier\u0103 pentru milioane de persoane. Infrastructura transporturilor cuprinde re\u021beaua de transport (str\u0103zi, autostr\u0103zi, c\u0103i ferate, canale navigabile, culoare de zbor, conducte etc.) \u0219i terminalele (aeroporturile, sta\u021biile feroviare, autog\u0103rile etc.).<\/p>\n<p>\u00cen contextul eviden\u021bierii unui \u00eenalt grad de competitivitate pe plan intern \u0219i interna\u021bional \u0219i al acceler\u0103rii inova\u021biei \u00een transporturi \u0219i logistic\u0103, planul de \u00eenv\u0103\u021b\u0103m\u00e2nt al specializ\u0103rii &#8220;Inginerie economic\u0103 \u00een domeniul transporturilor&#8221; a fost actualizat continuu. Drept urmare, \u00een anul 2021, pentru corelarea con\u021binutului cu denumirea, specializarea &#8220;Inginerie economic\u0103 \u00een domeniul transporturilor&#8221; s-a transformat \u00een &#8220;Inginerie \u0219i management \u00een domeniul transporturilor&#8221;. Aceast\u0103 modificare a permis acoperirea decalajelor informa\u021bionale existente \u00een economia de pia\u021b\u0103. Schimbarea denumirii s-a realizat dup\u0103 efectuarea unui studiu am\u0103nun\u021bit la care au participat institu\u021bii \u0219i companii din mediul de afaceri de profil. Planul de \u00eenv\u0103\u021b\u0103m\u00e2nt al specializ\u0103rii a fost integrat cu cerin\u021bele de calitate \u00een educa\u021bie ale angajatorilor, identific\u00e2ndu-se competen\u021bele cheie necesare contur\u0103rii unei cariere de succes \u00een transporturi dar \u0219i acele competen\u021be care deschid calea vizionar\u0103 a dezvolt\u0103rii unui mediu antreprenorial.<\/p>\n<p>Mijloacele de transport sunt foarte diverse: autovehicule, trenuri, vapoare etc., \u015fi necesit\u0103 o bun\u0103 cunoa\u015ftere a aspectelor ce \u021bin de proiectare, construc\u021bie, diagnoz\u0103 \u0219i exploatare, trafic rutier \u015fi management. Gestiunea \u015fi ingineria transporturilor, al\u0103turi de proiectarea re\u021belelor \u0219i sistemelor de transport, au ca scop optimizarea sistemelor de transport, cre\u0219terea siguran\u021bei, \u00eembun\u0103t\u0103\u0163irea calit\u0103\u0163ii serviciilor de transport \u015fi protejarea mediului.<\/p>\n<p><a class=\"animation-but\" href=\"https:\/\/cmu-edu.eu\/navigatie\/wp-content\/uploads\/sites\/18\/2025\/03\/FLAIER-Inginerie-in-Transporturi.pdf\">Descarca Pliant<\/a><\/p>\n<ul class=\"lista-doi\">\n<li>Durata: <strong>4 ani<\/strong><\/li>\n<\/ul>\n<div style=\"background-color: #f5f5f5; padding: 10px; margin-top: 20px; margin-bottom: 20px;\">\n<p>Programul de studii Inginerie \u0219i management \u00een domeniul transporturilor se adreseaz\u0103 celor care doresc s\u0103 urmeze o carier\u0103 la uscat \u00een domeniul logisticii sau al transporturilor.Programul de studii INGINERIE \u0218I MANAGEMENT \u00ceN DOMENIUL TRANSPORTURILOR are ca obiective formarea de ingineri speciali\u0219ti de \u00eenalt\u0103 calificare, pentru domenii de v\u00e2rf ale activit\u0103\u021bii exploatare-dezvoltare din domeniul Inginerie \u0219i Management. Disciplinele planului de \u00eenv\u0103\u0163\u0103m\u00e2nt al specializ\u0103rii asigur\u0103 viitorului absolvent, ob\u0163inerea de competen\u0163e tehnice inginere\u015fti \u015fi manageriale.<\/p>\n<p>Programul are o durata de 4 ani \u0219i este astfel conceput \u00eenc\u00e2t s\u0103 confere absolven\u021bilor competen\u021be mixte, tehnice (inginere\u0219ti) \u015fi economice de specialitate, corespunz\u0103toare noilor cerin\u0163e ale economiei circulare. Absolven\u021bii vor dob\u00e2ndi astfel competen\u0163e \u015fi deprinderi practice adecvate nevoilor actuale \u015fi de perspectiv\u0103 pentru transporturi interna\u0163ionale \u015fi logistic\u0103.<br \/>\nDiploma ob\u0163inut\u0103 este cea de Inginer \u00eens\u0103, fa\u0163\u0103 de celelalte specializ\u0103ri existente pe pia\u0163a serviciilor educa\u0163ionale din Rom\u00e2nia, absolven\u0163ii no\u015ftri ob\u0163in un \u00eenalt nivel de cunoa\u015ftere \u015ftiin\u0163ific\u0103 mixt\u0103 \u015fi complementar\u0103, at\u00e2t tehnic\u0103, c\u00e2t \u0219i managerial\u0103.<\/p>\n<\/div>\n<h2>CE STUDIEZI<\/h2>\n<div class=\"clearfix ap-row\"><div class=\"ap_column ap-span3\"><ul class=\"lista-doi\">\n<li>Sisteme de transport<\/li>\n<li>Mijloace de transport<\/li>\n<li>Terminale de transport<\/li>\n<li>Transporturi \u0219i Expedi\u0163ii interna\u0163ionale<\/li>\n<li>Expertiza m\u0103rfurilor<\/li>\n<\/ul><\/div>\n<div class=\"ap_column ap-span3\"><ul class=\"lista-doi\">\n<li>Logistica \u00een transporturi<\/li>\n<li>Navlosirea \u015fi agenturarea navelor<\/li>\n<li>Managementul calit\u0103\u0163ii \u00een transporturi<\/li>\n<li><strong><a href=\"https:\/\/cmu-edu.eu\/navigatie\/wp-content\/uploads\/sites\/18\/2024\/06\/Plan-invatamant-Inginerie-si-Management.pdf\">Plan de invatamant<\/a><\/strong><\/li>\n<li><strong><a href=\"https:\/\/cmu-edu.eu\/navigatie\/programe-de-studii\/imdt\/fise-de-disciplina-imdt\/\">Fi\u0219e de disciplin\u0103<\/a><\/strong><\/li>\n<\/ul><\/div><\/div>\n<div style=\"background-color: #f5f5f5; padding: 10px; text-align: center; margin-top: 50px;\">\n<h1 style=\"padding-bottom: 30px;\">BENEFICII<\/h1>\n<p><div class=\"clearfix ap-row\"><div class=\"ap_column ap-span2\"><div style=\"background-color: #ffffff; padding: 10px; margin: 10px; height: 275px;\">\n<h3>Recunoa\u0219tere interna\u021bional\u0103<\/h3>\n<p>Diploma de inginer este recunoscut\u0103 interna\u021bional, oferindu-\u021bi posibilitatea de angajare oriunde \u00een lume<\/p>\n<\/div><\/div>\n<div class=\"ap_column ap-span2\"><div style=\"background-color: #ffffff; padding: 10px; margin: 10px; height: 275px;\">\n<h3>Flexibilitate<\/h3>\n<p>Oferim posibilitatea de a studia online pe <strong>campusul virtual<\/strong><\/p>\n<\/div><\/div>\n<div class=\"ap_column ap-span2\"><div style=\"background-color: #ffffff; padding: 10px; margin: 10px; height: 275px;\">\n<h3>Alternative<\/h3>\n<p>Absolven\u021bii no\u0219tri pot alege \u00eentre o carier\u0103 \u00een transporturi, logistic\u0103, comer\u0163 interna\u0163ional, crewing, expedi\u0163ii interna\u0163ionale de marf\u0103, operare portuar\u0103 etc.<\/p>\n<\/div><\/div><\/div><br \/>\n<div class=\"clearfix ap-row\"><div class=\"ap_column ap-span2\"><div style=\"background-color: #ffffff; padding: 10px; margin: 10px; height: 275px;\">\n<h3>Tehnologii moderne<\/h3>\n<p>Domeniul IT c\u00e2\u0219tig\u0103 din ce \u00een ce mai mult teren iar tehnologiile din sectorul transporturi \u021bin pasul cu acest trend. Vei \u00eenv\u0103\u0163a despre particularit\u0103\u0163ile de actualitate ale tehnologiilor folosite \u00een transporturi. Lucrezi pe aplica\u0163ii moderne, similare celor folosite \u00een domeniul profesional. \u00cen plus, beneficiezi de un curs gratuit de Introducere \u00een bazele Securit\u0103\u0163ii Cibernetice, \u00eentr-un laborator dotat cu echipamente performante de studiu.<\/p>\n<\/div><\/div>\n<div class=\"ap_column ap-span2\"><div style=\"background-color: #ffffff; padding: 10px; margin: 10px; height: 275px;\">\n<h3>Practic\u0103 \u00een Portul Constan\u0163a<\/h3>\n<p>Universitatea Maritim\u0103 din Constan\u0163a a \u00eencheiat parteneriate pentru efectuarea practicii cu companii de operare portuar\u0103 din Portul Constan\u0163a. \u00cen anul II de studii studen\u0163ii desf\u0103\u015foar\u0103 practica inginereasc\u0103 \u00een Port, iar \u00een anul III practica economic\u0103. Practica se poate realiza \u015fi \u00een cadrul b\u0103ncilor \u015fi \u00een logistic\u0103.<\/p>\n<\/div><\/div>\n<div class=\"ap_column ap-span2\"><div style=\"background-color: #ffffff; padding: 10px; margin: 10px; height: 275px;\">\n<h3>Consiliere Profesional\u0103<\/h3>\n<p>Studen\u0163ii no\u015ftri beneficiaz\u0103 de consiliere profesional\u0103 \u015fi sprijin \u00een vederea integr\u0103rii pe pia\u0163a muncii.<\/p>\n<\/div><\/div><\/div><\/p>\n<\/div>\n<div class=\"clearfix ap-row\"><div class=\"ap_column ap-span6\"><a href=\"https:\/\/cmu-edu.eu\/navigatie\/wp-content\/uploads\/sites\/18\/2020\/06\/banner-ing.jpg\"><img loading=\"lazy\" decoding=\"async\" class=\"alignleft wp-image-494 size-full\" src=\"https:\/\/cmu-edu.eu\/navigatie\/wp-content\/uploads\/sites\/18\/2020\/06\/banner-ing.jpg\" alt=\"\" width=\"1920\" height=\"666\" \/><\/a><\/div><\/div>\n<div style=\"background-color: #ffcb74; padding: 10px;\">\n<h2>OPORTUNIT\u0102\u021aI DE CARIER\u0102<\/h2>\n<p>Absolven\u021bii programului de studii Inginerie \u0219i management \u00een domeniul transporturilor pot lucra la uscat, \u00een industria transporturilor \u015fi logistic\u0103:<\/p>\n<ul>\n<li>Inspec\u0163ii de m\u0103rfuri \u015fi de mijloace de transport<\/li>\n<li>Managementul organiza\u0163iilor<\/li>\n<li>Cercetare \u015fi firme de consultan\u0163\u0103<\/li>\n<li>Platforme logistice (SUPPLY CHAIN)<\/li>\n<li>Brokeraj de marf\u0103 sau de transport<\/li>\n<li>Expedi\u0163ii interna\u0163ionale de m\u0103rfuri (FREIGHT FORWARDING)<\/li>\n<li>Autorit\u0103\u0163i publice \u015fi administrative \u00een transporturi<\/li>\n<li>Antreprenoriat<\/li>\n<li>Specialist marketing<\/li>\n<li>Manager financiar<\/li>\n<li>Logistician<\/li>\n<\/ul>\n<\/div>\n<div style=\"background-color: #f5f5f5; padding: 10px;\">\n<h1>Cariere de Succes (absolven\u0163i)<\/h1>\n<p><div class=\"clearfix ap-row\"><div class=\"ap_column ap-span2\"><a href=\"https:\/\/cmu-edu.eu\/navigatie\/wp-content\/uploads\/sites\/18\/2020\/06\/lavinia.jpg\"><img loading=\"lazy\" decoding=\"async\" class=\"alignleft wp-image-487 size-full\" src=\"https:\/\/cmu-edu.eu\/navigatie\/wp-content\/uploads\/sites\/18\/2020\/06\/lavinia.jpg\" alt=\"\" width=\"400\" height=\"400\" \/><\/a><\/div>\n<div class=\"ap_column ap-span4\"><h2>Lavinia Popescu<\/h2>\n<h3>Crewing Manager, CMA Ships SINGAPORE Pte LTd<\/h3>\n<p>Am ales Specializarea Inginerie Economica\u0306 \u00een Domeniul Transporturilor, din cadrul Faculta\u0306t\u0326ii de Navigat\u0326ie, U.M.C., deoarece \u00ee\u0219i dorea sa\u0306 formeze student\u0326ii \u00een domeniul transporturilor pentru a urma mai ta\u0302rziu o cariera\u0306 la &#8221;uscat&#8221;.<\/p>\n<p>Dupa\u0306 terminarea faculta\u0306t\u0326ii, am avut prega\u0306tirea teoretica\u0306 dar \u015fi practica\u0306, ceruta\u0306 \u00een domeniul \u00een care lucrez s\u0326i anume recrutarea s\u0326i plasarea personalului navigant, datorita\u0306 numeroaselor internship-uri la care am avut acces.<\/p>\n<p>Viat\u0326a de student \u00een UMC este una extrem de dinamica\u0306\u2026aici am \u00eenva\u0306t\u0326at ca\u0306 interesele mele trebuie respectate, prin activitatea de la Liga Studen\u021bilor, ca\u0306 viziunea s\u0326i decizia sunt chestiuni de alegere s\u0326i \u00eemi apart\u0326in<\/p><\/div><\/div><br \/>\n<hr class=\"ap-spacing\" style=\"height:10px\"\/><br \/>\n<div class=\"clearfix ap-row\"><div class=\"ap_column ap-span2\"><a href=\"https:\/\/cmu-edu.eu\/navigatie\/wp-content\/uploads\/sites\/18\/2020\/06\/vlas.jpg\"><img loading=\"lazy\" decoding=\"async\" class=\"alignleft wp-image-490 size-full\" src=\"https:\/\/cmu-edu.eu\/navigatie\/wp-content\/uploads\/sites\/18\/2020\/06\/vlas.jpg\" alt=\"\" width=\"400\" height=\"400\" \/><\/a><\/div>\n<div class=\"ap_column ap-span4\"><h2>Lavinia Vlas<\/h2>\n<h3>Operator crewing Nemo Shipping<\/h3>\n<p>Studiind \u00een cadrul specializa\u0306rii Inginerie Economica\u0306 \u00een domeniul Transporturilor, am avut posibilitatea de a acumula cunos\u0326tint\u0326e din toate modalit\u0103\u021bile de transport, fapt ce a condus la alegerea domeniului \u00een care profesez.<\/p>\n<p>\u00cen anul IV de student\u0326ie, dupa\u0306 ca\u0302teva \u00eencerca\u0306ri de a-mi g\u0103si primul job \u00een domeniu, mi s-a oferit posibilitatea sa\u0306 lucrez \u00een domeniul crewingului, o ramura\u0306 a Transportului maritim, \u00een care se recruteaza\u0306 navigatori<\/p><\/div><\/div><br \/>\n<hr class=\"ap-spacing\" style=\"height:10px\"\/><br \/>\n<div class=\"clearfix ap-row\"><div class=\"ap_column ap-span2\"><a href=\"https:\/\/cmu-edu.eu\/navigatie\/wp-content\/uploads\/sites\/18\/2020\/06\/Moro\u0219anu-Liliana.png\"><img loading=\"lazy\" decoding=\"async\" class=\"wp-image-491 size-full alignleft\" src=\"https:\/\/cmu-edu.eu\/navigatie\/wp-content\/uploads\/sites\/18\/2020\/06\/Moro\u0219anu-Liliana.png\" alt=\"\" width=\"400\" height=\"400\" \/><\/a><\/div>\n<div class=\"ap_column ap-span4\"><h2>Moro\u015fanu Liliana<\/h2>\n<h3>Crewing Executive, \u015eag\u0103u Shipping Executive<\/h3>\n<p>Cei patru ani petrecut\u0326i ala\u0306turi de profesorii faculta\u0306t\u0326ii de Inginerie Economica\u0306 \u00een domeniul Transporturilor au fost o experien\u0163a\u0306 foarte utila\u0306, iar pleca\u0302nd de acolo m-am sim\u0163it mai bine informat\u0103 \u015fi mult mai sigura\u0306 pe mine, pe calita\u0306\u0163ile \u015fi cuno\u015ftin\u0163ele mele.<\/p>\n<p>Universitatea Maritima\u0306 din Constant\u0326a ofera\u0306 posibilitatea de a-t\u0326i cla\u0306di o cariera\u0306 reus\u0326ita\u0306 \u00een acest domeniu<\/div><\/div><br \/>\n<hr class=\"ap-spacing\" style=\"height:10px\"\/><br \/>\n<div class=\"clearfix ap-row\"><div class=\"ap_column ap-span2\"><a href=\"https:\/\/cmu-edu.eu\/navigatie\/wp-content\/uploads\/sites\/18\/2020\/06\/Georgiana-Bogdan.png\"><img loading=\"lazy\" decoding=\"async\" class=\"alignleft wp-image-492 size-full\" src=\"https:\/\/cmu-edu.eu\/navigatie\/wp-content\/uploads\/sites\/18\/2020\/06\/Georgiana-Bogdan.png\" alt=\"\" width=\"400\" height=\"400\" \/><\/a><\/div>\n<div class=\"ap_column ap-span4\"><h2>Georgiana Bogdan<\/h2>\n<h3>KALES Airline Services<\/h3>\n<p>Ambit\u0326ia s\u0326i \u00eencrederea trebuie sa\u0306 fie principalele voastre arme, eu am ales sa\u0306 vin singura\u0306 sa\u0306 ma\u0306 \u00eenscriu, sa\u0306 sust\u0326in examenul de admitere s\u0326i des\u0326i nu am fost admisa\u0306 \u00een primul an de studii la f\u0103r\u0103 tax\u0103, am perseverat s\u0326i am recuperat cei trei ani, prin finant\u0326are bugetara\u0306.<\/p>\n<p>Universitatea Maritima\u0306 din Constant\u0326a mi-a influent\u0326at viitorul, m-a format s\u0326i mi-a \u00eenlesnit locul \u00een compania KALES Airline Services<\/div><\/div><\/p>\n<\/div>\n<hr class=\"ap-spacing\" style=\"height:10px\"\/>\n<p><a class=\"animation-but\" href=\"https:\/\/cmu-edu.eu\/admitere\/\" target=\"_blank\" rel=\"noopener\">Admitere<\/a><\/p>\n","protected":false},"excerpt":{"rendered":"<p>INGINERIE \u0218I MANAGEMENT \u00ceN DOMENIUL TRANSPORTURILOR Sectorul transporturi \u015fi logistic\u0103 reprezint\u0103 un motor cheie al dezvolt\u0103rii societ\u0103\u0163ii moderne \u015fi comer\u0163ului global, furniz\u00e2nd excelente oportunit\u0103\u021bi carier\u0103 pentru milioane de persoane. Infrastructura transporturilor cuprinde re\u021beaua de transport (str\u0103zi, autostr\u0103zi, c\u0103i ferate, canale navigabile, culoare de zbor, conducte etc.) \u0219i terminalele (aeroporturile, sta\u021biile feroviare, autog\u0103rile etc.). \u00cen contextul [&hellip;]<\/p>\n","protected":false},"author":4,"featured_media":0,"parent":22,"menu_order":0,"comment_status":"closed","ping_status":"closed","template":"","meta":{"footnotes":""},"class_list":["post-466","page","type-page","status-publish","hentry"],"_links":{"self":[{"href":"https:\/\/cmu-edu.eu\/navigatie\/wp-json\/wp\/v2\/pages\/466","targetHints":{"allow":["GET"]}}],"collection":[{"href":"https:\/\/cmu-edu.eu\/navigatie\/wp-json\/wp\/v2\/pages"}],"about":[{"href":"https:\/\/cmu-edu.eu\/navigatie\/wp-json\/wp\/v2\/types\/page"}],"author":[{"embeddable":true,"href":"https:\/\/cmu-edu.eu\/navigatie\/wp-json\/wp\/v2\/users\/4"}],"replies":[{"embeddable":true,"href":"https:\/\/cmu-edu.eu\/navigatie\/wp-json\/wp\/v2\/comments?post=466"}],"version-history":[{"count":46,"href":"https:\/\/cmu-edu.eu\/navigatie\/wp-json\/wp\/v2\/pages\/466\/revisions"}],"predecessor-version":[{"id":1436,"href":"https:\/\/cmu-edu.eu\/navigatie\/wp-json\/wp\/v2\/pages\/466\/revisions\/1436"}],"up":[{"embeddable":true,"href":"https:\/\/cmu-edu.eu\/navigatie\/wp-json\/wp\/v2\/pages\/22"}],"wp:attachment":[{"href":"https:\/\/cmu-edu.eu\/navigatie\/wp-json\/wp\/v2\/media?parent=466"}],"curies":[{"name":"wp","href":"https:\/\/api.w.org\/{rel}","templated":true}]}}