{"id":47,"date":"2018-09-13T12:38:47","date_gmt":"2018-09-13T09:38:47","guid":{"rendered":"https:\/\/cmu-edu.eu\/navigatie\/?page_id=47"},"modified":"2025-11-18T14:01:08","modified_gmt":"2025-11-18T12:01:08","slug":"departamentul-de-navigatie","status":"publish","type":"page","link":"https:\/\/cmu-edu.eu\/navigatie\/departamentul-de-navigatie\/","title":{"rendered":"Departamentul de Naviga\u021bie"},"content":{"rendered":"<table width=\"740\">\n<tbody>\n<tr>\n<td width=\"370\"><strong>NUME CADRU DIDACTIC<\/strong><\/td>\n<td width=\"370\"><strong>ADRES\u0102 EMAIL INSTITU\u021aIONAL\u0102<\/strong><\/td>\n<\/tr>\n<tr>\n<td width=\"370\">Prof.univ.dr. Constantin-Paulic\u0103 ARSENIE<\/td>\n<td width=\"370\"><a href=\"mailto:paul.arsenie@cmu-edu.eu\">paul.arsenie@cmu-edu.eu<\/a><\/td>\n<\/tr>\n<tr>\n<td width=\"370\">Prof.univ.dr.ing. Costel STANCA<\/td>\n<td width=\"370\"><a href=\"mailto:costel.stanca@cmu-edu.eu\">costel.stanca@cmu-edu.eu<\/a><\/td>\n<\/tr>\n<tr>\n<td width=\"370\">Conf.univ.dr.ing. Nicoleta ACOMI<\/td>\n<td width=\"370\"><a href=\"mailto:nicoleta.acomi@cmu-edu.eu\">nicoleta.acomi@cmu-edu.eu<\/a><\/td>\n<\/tr>\n<tr>\n<td width=\"370\">Conf.univ.dr. Br\u00eendu\u0219a Cristina CHIOTORIU<\/td>\n<td width=\"370\"><a href=\"mailto:brindusa.chiotoroiu@cmu-edu.eu\">brindusa.chiotoroiu@cmu-edu.eu<\/a><\/td>\n<\/tr>\n<tr>\n<td width=\"370\">Conf.univ.dr.ing. Ovidiu Sorin CUP\u0218A<\/td>\n<td width=\"370\"><a href=\"mailto:ovidiu.cupsa@cmu-edu.eu\">ovidiu.cupsa@cmu-edu.eu<\/a><\/td>\n<\/tr>\n<tr>\n<td width=\"370\">Conf.univ.dr.ing. Cosmin Lauren\u021biu DUMITRACHE<\/td>\n<td width=\"370\"><a href=\"mailto:cosmin.dumitrache@cmu-edu.eu\">cosmin.dumitrache@cmu-edu.eu<\/a><\/td>\n<\/tr>\n<tr>\n<td width=\"370\">Conf.univ.dr.ing. Anastasia Elena DU\u0218E<\/td>\n<td width=\"370\"><a href=\"mailto:anastasia.duse@cmu-edu.eu\">anastasia.duse@cmu-edu.eu<\/a><\/td>\n<\/tr>\n<tr>\n<td width=\"370\">Conf.univ.dr.ing. Radu-Ioan HANZU-PAZARA<\/td>\n<td width=\"370\"><a href=\"mailto:radu.hanzu@cmu-edu.eu\">radu.hanzu@cmu-edu.eu<\/a><\/td>\n<\/tr>\n<tr>\n<td width=\"370\">Conf.univ.dr.ing. Gabriel M\u0103rg\u0103rit RAICU<\/td>\n<td width=\"370\"><a href=\"mailto:gabriel.raicu@cmu-edu.eu\">gabriel.raicu@cmu-edu.eu<\/a><\/td>\n<\/tr>\n<tr>\n<td width=\"370\">\u0218.l.univ.dr.ing. Cosmin BERESCU<\/td>\n<td width=\"370\"><a href=\"mailto:cosmin.berescu@cmu-edu.eu\">cosmin.berescu@cmu-edu.eu<\/a><\/td>\n<\/tr>\n<tr>\n<td width=\"370\">\u0218.l.univ.dr.ing. Alina-Lucia BO\u0218TIN\u0102<\/td>\n<td width=\"370\"><a href=\"mailto:alina.bostina@cmu-edu.eu\">alina.bostina@cmu-edu.eu<\/a><\/td>\n<\/tr>\n<tr>\n<td width=\"370\">\u0218.l.univ.dr.ing. Alina BUSL\u0102<\/td>\n<td width=\"370\"><a href=\"mailto:alina.busla@cmu-edu.eu\">alina.busla@cmu-edu.eu<\/a><\/td>\n<\/tr>\n<tr>\n<td width=\"370\">\u0218.l.univ.dr.ing. Daniel D\u0102NECI-P\u0102TR\u0102U<\/td>\n<td width=\"370\"><a href=\"mailto:daniel.daneci@cmu-edu.eu\">daniel.daneci@cmu-edu.eu<\/a><\/td>\n<\/tr>\n<tr>\n<td width=\"370\">\u0218.l.univ.dr.ing. Ramona DUMITRACHE<\/td>\n<td width=\"370\"><a href=\"mailto:ramona.dumitrache@cmu-edu.eu\">ramona.dumitrache@cmu-edu.eu<\/a><\/td>\n<\/tr>\n<tr>\n<td width=\"370\">\u0218.l.univ.dr.ing. Voicu Nicolae GRO\u0218AN<\/td>\n<td width=\"370\"><a href=\"mailto:nicolae.grosan@cmu-edu.eu\">nicolae.grosan@cmu-edu.eu<\/a><\/td>\n<\/tr>\n<tr>\n<td width=\"370\">\u0218.l.univ.dr.ing. Radu JOAVIN\u0102<\/td>\n<td width=\"370\"><a href=\"mailto:radu.joavina@cmu-edu.eu\">radu.joavina@cmu-edu.eu<\/a><\/td>\n<\/tr>\n<tr>\n<td width=\"370\">\u0218.l.univ.dr.ing. Andrei MURINEANU<\/td>\n<td width=\"370\"><a href=\"mailto:andrei.murineanu@cmu-edu.eu\">andrei.murineanu@cmu-edu.eu<\/a><\/td>\n<\/tr>\n<tr>\n<td width=\"370\">\u0218.l.univ.dr.ing. Alexandru \u0218tefan PESCARU<\/td>\n<td width=\"370\"><a href=\"mailto:alexandru.pescaru@cmu-edu.eu\">alexandru.pescaru@cmu-edu.eu<\/a><\/td>\n<\/tr>\n<tr>\n<td width=\"370\">Conf.univ.dr. Felicia SURUGIU<\/td>\n<td width=\"370\">felicia.surugiu@cmu-edu.eu<\/td>\n<\/tr>\n<tr>\n<td width=\"370\">\u0218.l.univ.dr.clc. Gheorghe SURUGIU<\/td>\n<td width=\"370\"><a href=\"mailto:gheorghe.surugiu@cmu-edu.eu\">gheorghe.surugiu@cmu-edu.eu<\/a><\/td>\n<\/tr>\n<tr>\n<td width=\"370\">\u0218.l.univ.dr.ing. Eugen T\u0102N\u0102SESCU<\/td>\n<td width=\"370\"><a href=\"mailto:eugen.tanasescu@cmu-edu.eu\">eugen.tanasescu@cmu-edu.eu<\/a><\/td>\n<\/tr>\n<tr>\n<td width=\"370\">\u0218.l.univ.dr.ing. Ramona TROMIADIS<\/td>\n<td width=\"370\"><a href=\"mailto:ramona.tromiadis@cmu-edu.eu\">ramona.tromiadis@cmu-edu.eu<\/a><\/td>\n<\/tr>\n<tr>\n<td width=\"370\">\u0218.l.univ.dr.ing. Noel-Mircea ZUS<\/td>\n<td width=\"370\"><a href=\"mailto:mircea.zus@cmu-edu.eu\">mircea.zus@cmu-edu.eu<\/a><\/td>\n<\/tr>\n<\/tbody>\n<\/table>\n<p><strong>Director departament: Conf.uiv.dr.ing. Anastasia Elena DU\u0218E <\/strong><\/p>\n<p>Secretar departament: Maria Constantinescu<\/p>\n<p>Telefon: 0241\/66.47.40 int 138<\/p>\n<p>e-mail: <a href=\"mailto:maria.constantinescu@cmu-edu.eu\">maria.constantinescu@cmu-edu.eu<\/a><\/p>\n","protected":false},"excerpt":{"rendered":"<p>NUME CADRU DIDACTIC ADRES\u0102 EMAIL INSTITU\u021aIONAL\u0102 Prof.univ.dr. Constantin-Paulic\u0103 ARSENIE paul.arsenie@cmu-edu.eu Prof.univ.dr.ing. Costel STANCA costel.stanca@cmu-edu.eu Conf.univ.dr.ing. Nicoleta ACOMI nicoleta.acomi@cmu-edu.eu Conf.univ.dr. Br\u00eendu\u0219a Cristina CHIOTORIU brindusa.chiotoroiu@cmu-edu.eu Conf.univ.dr.ing. Ovidiu Sorin CUP\u0218A ovidiu.cupsa@cmu-edu.eu Conf.univ.dr.ing. Cosmin Lauren\u021biu DUMITRACHE cosmin.dumitrache@cmu-edu.eu Conf.univ.dr.ing. Anastasia Elena DU\u0218E anastasia.duse@cmu-edu.eu Conf.univ.dr.ing. Radu-Ioan HANZU-PAZARA radu.hanzu@cmu-edu.eu Conf.univ.dr.ing. Gabriel M\u0103rg\u0103rit RAICU gabriel.raicu@cmu-edu.eu \u0218.l.univ.dr.ing. Cosmin BERESCU cosmin.berescu@cmu-edu.eu \u0218.l.univ.dr.ing. Alina-Lucia BO\u0218TIN\u0102 alina.bostina@cmu-edu.eu [&hellip;]<\/p>\n","protected":false},"author":4,"featured_media":0,"parent":0,"menu_order":0,"comment_status":"closed","ping_status":"closed","template":"","meta":{"footnotes":""},"class_list":["post-47","page","type-page","status-publish","hentry"],"_links":{"self":[{"href":"https:\/\/cmu-edu.eu\/navigatie\/wp-json\/wp\/v2\/pages\/47","targetHints":{"allow":["GET"]}}],"collection":[{"href":"https:\/\/cmu-edu.eu\/navigatie\/wp-json\/wp\/v2\/pages"}],"about":[{"href":"https:\/\/cmu-edu.eu\/navigatie\/wp-json\/wp\/v2\/types\/page"}],"author":[{"embeddable":true,"href":"https:\/\/cmu-edu.eu\/navigatie\/wp-json\/wp\/v2\/users\/4"}],"replies":[{"embeddable":true,"href":"https:\/\/cmu-edu.eu\/navigatie\/wp-json\/wp\/v2\/comments?post=47"}],"version-history":[{"count":13,"href":"https:\/\/cmu-edu.eu\/navigatie\/wp-json\/wp\/v2\/pages\/47\/revisions"}],"predecessor-version":[{"id":1528,"href":"https:\/\/cmu-edu.eu\/navigatie\/wp-json\/wp\/v2\/pages\/47\/revisions\/1528"}],"wp:attachment":[{"href":"https:\/\/cmu-edu.eu\/navigatie\/wp-json\/wp\/v2\/media?parent=47"}],"curies":[{"name":"wp","href":"https:\/\/api.w.org\/{rel}","templated":true}]}}