{"id":49,"date":"2018-09-13T12:39:29","date_gmt":"2018-09-13T09:39:29","guid":{"rendered":"https:\/\/cmu-edu.eu\/navigatie\/?page_id=49"},"modified":"2025-11-18T14:01:15","modified_gmt":"2025-11-18T12:01:15","slug":"departamentul-de-management-in-transporturi","status":"publish","type":"page","link":"https:\/\/cmu-edu.eu\/navigatie\/departamentul-de-management-in-transporturi\/","title":{"rendered":"Departamentul de  Management \u00een Transporturi"},"content":{"rendered":"<table width=\"740\">\n<tbody>\n<tr>\n<td width=\"370\"><strong>NUME CADRU DIDACTIC<\/strong><\/td>\n<td width=\"370\"><strong>ADRES\u0102 EMAIL INSTITU\u021aIONAL\u0102<\/strong><\/td>\n<\/tr>\n<tr>\n<td width=\"370\">Prof.univ.dr. George Dorel POPA<\/td>\n<td width=\"370\">george.popa@cmu-edu.eu<\/td>\n<\/tr>\n<tr>\n<td width=\"370\">Conf.univ.dr.ing. Ghiorghe B\u0102TR\u00ceNCA<\/td>\n<td width=\"370\">gelu.batrinca@cmu-edu.eu<\/td>\n<\/tr>\n<tr>\n<td width=\"370\">Conf.univ.dr.ing. \u0218erban BERESCU<\/td>\n<td width=\"370\">serban.berescu@cmu-edu.eu<\/td>\n<\/tr>\n<tr>\n<td width=\"370\">Conf.univ.dr.ing.ec. Maria-Cristina DRAGOMIR<\/td>\n<td width=\"370\">cristina.dragomir@cmu-edu.eu<\/td>\n<\/tr>\n<tr>\n<td width=\"370\">Conf.univ.dr.ing. Andreea JENARU<\/td>\n<td width=\"370\">andreea.jenaru@cmu-edu.eu<\/td>\n<\/tr>\n<tr>\n<td width=\"370\">Conf.univ.dr. Simona MINA<\/td>\n<td width=\"370\">simona.mina@cmu-edu.eu<\/td>\n<\/tr>\n<tr>\n<td width=\"370\">\u0218.l.univ.dr.ing. Viorela Georgiana ST\u00ceNG\u0102<\/td>\n<td width=\"370\">viorela.stinga@cmu-edu.eu<\/td>\n<\/tr>\n<tr>\n<td width=\"370\">Lect.univ.dr. Gra\u021biela BR\u00c2NZ\u0102<\/td>\n<td width=\"370\">gratiela.branza@cmu-edu.eu<\/td>\n<\/tr>\n<tr>\n<td width=\"370\">Lect.univ.dr. Cristian DR\u0102GAN<\/td>\n<td width=\"370\">cristian.dragan@cmu-edu.eu<\/td>\n<\/tr>\n<tr>\n<td width=\"370\">Lect.univ.dr. Alexandru-Octavian MICU<\/td>\n<td width=\"370\">alexandru.micu@cmu-edu.eu<\/td>\n<\/tr>\n<tr>\n<td width=\"370\">Lect.univ.dr. Ana-Cornelia OLTEANU<\/td>\n<td width=\"370\">ana.olteanu@cmu-edu.eu<\/td>\n<\/tr>\n<tr>\n<td width=\"370\">Lect.univ.dr. Liliana-Viorica POPA<\/td>\n<td width=\"370\">liliana.popa@cmu-edu.eu<\/td>\n<\/tr>\n<tr>\n<td width=\"370\">Lect.univ.dr. Alexandru STRATON<\/td>\n<td width=\"370\">alexandru.straton@cmu-edu.eu<\/td>\n<\/tr>\n<tr>\n<td width=\"370\">A\u0219ist.univ.dr. Oana AD\u0102SCALI\u021aEI<\/td>\n<td width=\"370\">oana.adascalitei@cmu-edu.eu<\/td>\n<\/tr>\n<\/tbody>\n<\/table>\n<p><strong>Director departament: Lect.univ.dr. Ana-Cornelia OLTEANU <\/strong><\/p>\n<p>Secretar departament: Anamaria Popa<\/p>\n<p>Telefon: 0241\/66.47.40 int 119<\/p>\n<p>e-mail: <a href=\"mailto:departament.management@cmu-edu.eu\">departament.management@cmu-edu.eu<\/a><\/p>\n","protected":false},"excerpt":{"rendered":"<p>NUME CADRU DIDACTIC ADRES\u0102 EMAIL INSTITU\u021aIONAL\u0102 Prof.univ.dr. George Dorel POPA george.popa@cmu-edu.eu Conf.univ.dr.ing. Ghiorghe B\u0102TR\u00ceNCA gelu.batrinca@cmu-edu.eu Conf.univ.dr.ing. \u0218erban BERESCU serban.berescu@cmu-edu.eu Conf.univ.dr.ing.ec. Maria-Cristina DRAGOMIR cristina.dragomir@cmu-edu.eu Conf.univ.dr.ing. Andreea JENARU andreea.jenaru@cmu-edu.eu Conf.univ.dr. Simona MINA simona.mina@cmu-edu.eu \u0218.l.univ.dr.ing. Viorela Georgiana ST\u00ceNG\u0102 viorela.stinga@cmu-edu.eu Lect.univ.dr. Gra\u021biela BR\u00c2NZ\u0102 gratiela.branza@cmu-edu.eu Lect.univ.dr. Cristian DR\u0102GAN cristian.dragan@cmu-edu.eu Lect.univ.dr. Alexandru-Octavian MICU alexandru.micu@cmu-edu.eu Lect.univ.dr. Ana-Cornelia OLTEANU ana.olteanu@cmu-edu.eu Lect.univ.dr. Liliana-Viorica POPA [&hellip;]<\/p>\n","protected":false},"author":4,"featured_media":0,"parent":0,"menu_order":0,"comment_status":"closed","ping_status":"closed","template":"","meta":{"footnotes":""},"class_list":["post-49","page","type-page","status-publish","hentry"],"_links":{"self":[{"href":"https:\/\/cmu-edu.eu\/navigatie\/wp-json\/wp\/v2\/pages\/49","targetHints":{"allow":["GET"]}}],"collection":[{"href":"https:\/\/cmu-edu.eu\/navigatie\/wp-json\/wp\/v2\/pages"}],"about":[{"href":"https:\/\/cmu-edu.eu\/navigatie\/wp-json\/wp\/v2\/types\/page"}],"author":[{"embeddable":true,"href":"https:\/\/cmu-edu.eu\/navigatie\/wp-json\/wp\/v2\/users\/4"}],"replies":[{"embeddable":true,"href":"https:\/\/cmu-edu.eu\/navigatie\/wp-json\/wp\/v2\/comments?post=49"}],"version-history":[{"count":10,"href":"https:\/\/cmu-edu.eu\/navigatie\/wp-json\/wp\/v2\/pages\/49\/revisions"}],"predecessor-version":[{"id":1527,"href":"https:\/\/cmu-edu.eu\/navigatie\/wp-json\/wp\/v2\/pages\/49\/revisions\/1527"}],"wp:attachment":[{"href":"https:\/\/cmu-edu.eu\/navigatie\/wp-json\/wp\/v2\/media?parent=49"}],"curies":[{"name":"wp","href":"https:\/\/api.w.org\/{rel}","templated":true}]}}