{"id":520,"date":"2020-09-21T12:16:54","date_gmt":"2020-09-21T09:16:54","guid":{"rendered":"https:\/\/cmu-edu.eu\/navigatie\/?page_id=520"},"modified":"2026-04-21T10:12:44","modified_gmt":"2026-04-21T07:12:44","slug":"inginerie-si-management-in-domeniul-maritim-si-portuar","status":"publish","type":"page","link":"https:\/\/cmu-edu.eu\/navigatie\/inginerie-si-management-in-domeniul-maritim-si-portuar\/","title":{"rendered":"Inginerie \u0219i Management \u00een Domeniul Maritim \u0219i Portuar"},"content":{"rendered":"<div class=\"clearfix ap-row\"><div class=\"ap_column ap-span3\"><h2>DE CE IMDMP<\/h2>\n<p>Industria maritim\u0103 constituie un factor cheie pentru societatea modern\u0103, pentru dezvoltarea social\u0103 si economic\u0103 \u0219i este o surs\u0103 poten\u021bial\u0103 de <strong>oportunit\u0103\u021bi excelente de angajare si carier\u0103<\/strong> pentru cei care lucreaz\u0103 \u00een prezent \u00een activit\u0103\u021bi \u0219i companii conexe domeniului maritim din \u00eentreaga lume.<\/p>\n<p>Studiile universitare de <strong><u>masterat<\/u><\/strong> sunt a doua treapt\u0103 a studiilor <a href=\"https:\/\/ro.wikipedia.org\/wiki\/Universitate\">universitare<\/a> si asigura aprofundarea\u00a0 <a href=\"https:\/\/ro.wikipedia.org\/wiki\/Studii_universitare_de_licen%C8%9B%C4%83\">studiilor de licen\u021b\u0103<\/a> de navigatie si transport naval, dezvoltarea capacit\u0103\u021bilor de cercetare \u0219tiin\u021bific\u0103 a sistemelor\u00a0 integrate de management, exploatare, \u00a0mentenan\u0163\u0103\u00a0 si\u00a0 eficienta investitiilor in transportul maritim si activitatile portuare.<\/p>\n<p>Programul de studii <strong>Inginerie \u015fi Management \u00een Domeniul Maritim \u015fi Portuar <\/strong>se adreseaz\u0103 celor care doresc s\u0103 urmeze o carier\u0103 \u00een domeniul maritim-portuar sau \u00een sectoarele conexe, avand oportunitatea s\u0103-\u015fi completeze studiile pentru nivelul managerial de competen\u0163\u0103, adaptate cerin\u0163elor actuale si de perspectiva.<\/p>\n<p>Programul de studii <strong>Inginerie \u015fi Management \u00een Domeniul Maritim \u015fi Portuar<\/strong> are o durata de 2 ani. Derularea Programului de Masterat va reusi furnizarea unor speciali\u015fti, cu studii tehnice superioare, bine preg\u0103ti\u0163i teoretic \u015fi practic, pentru pia\u0163a maritim\u0103 european\u0103 \u015fi mondial\u0103 si crearea cadrului necesar pentru integrarea \u00eenv\u0103\u0163\u0103m\u00e2ntului de naviga\u0163ie \u015fi de inginerie economic\u0103 \u00een transporturi, \u00een mediul economic.<\/p>\n<p>Studiile masterale sunt astfel concepute, \u00eenc\u00e2t s\u0103 asigure nevoile complete ale ingineriei navale si portuare, respectiv unele nevoi par\u0163iale ale domeniilor conexe (inginerie industrial\u0103, inginerie mecanic\u0103, inginerie \u015fi management).<\/p>\n<p>Cerintele studiilor masterale se remarca prin \u00eenv\u0103\u0163\u0103m\u00e2nt universitar construit pe criteriile de performan\u0163\u0103 ale sistemului european.<\/p>\n<p>Absolven\u021bii vor dob\u00e2ndi astfel <strong>nivelul de cunoa\u015ftere \u015ftiin\u0163ific\u0103, inginereasc\u0103 \u0219i managerial\u0103, dar \u0219i deprinderile practice adecvate<\/strong> nevoilor actuale \u015fi de perspectiv\u0103, pentru industria de transport naval, respectiv industria de construc\u0163ii de nave fluviale, maritime \u015fi offshore.<\/p><\/div>\n<div class=\"ap_column ap-span3\"><h2>CE STUDIEZI<\/h2>\n<p>Curricula interdisciplinar\u0103 este aliniat\u0103 <strong>standardelor interna\u021bionale<\/strong> STCW (Standards of Training, Certification and Watchkeeping), pe baza modelului de curs IMO 7.03 (International Maritime Organization) \u0219i este certificat\u0103 de ANR (Autoritatea Naval\u0103 Rom\u00e2n\u0103) pentru a contribui la formarea de <strong>competen\u021bele tehnice \u0219i manageriale<\/strong> pentru o carier\u0103 de succes.<\/p>\n<ul class=\"lista-doi\">\n<li>Management strategic in transporturi<\/li>\n<li>Sisteme informatice de management maritim<\/li>\n<li>Sisteme integrate de management in transportul maritim<\/li>\n<li>Analiza si ingineria valorii<\/li>\n<li>Eficienta investitiilor in transportul maritim<\/li>\n<li>Metodologia cercetarii<\/li>\n<li>Tehnici avansate de operare si depozitare a marfurilor<\/li>\n<li>Evaluarea si tratarea riscurilor<\/li>\n<li>Cercetarea accidentelor navale<\/li>\n<\/ul>\n<p><a class=\"but1\" href=\"https:\/\/univmaritima.sharepoint.com\/:f:\/g\/IgABIp-uRmNTT4d_b3V-BRfwAdYaAsQtqGwTxMUIeGC4mwY?e=3Ddq08\">Plan de invatamant IMDMP\/Fi\u0219e de disciplin\u0103<\/a><\/p><\/div><\/div>\n<div style=\"background-color: #f5f5f5; padding: 10px; text-align: center;\">\n<h1 style=\"padding-bottom: 30px;\">BENEFICII<\/h1>\n<p><div class=\"clearfix ap-row\"><div class=\"ap_column ap-span2\"><div style=\"background-color: #ffffff; padding: 10px; margin: 10px; height: 260px;\">\n<h3>Recunoa\u0219tere interna\u021bional\u0103<\/h3>\n<p>Diploma de inginer, de master \u0219i brevetul de ofi\u021ber sunt recunoscute interna\u021bional, oferindu-\u021bi posibilitatea de angajare oriunde \u00een lume.<\/p>\n<\/div><\/div>\n<div class=\"ap_column ap-span2\"><div style=\"background-color: #ffffff; padding: 10px; margin: 10px; height: 260px;\">\n<h3>Flexibilitate<\/h3>\n<p>Dac\u0103 pe parcursul studiilor postuniversitare \u00eesi desf\u0103\u0219oara activitatea la bordul unei nave, se ofer\u0103 posibilitatea de a studia online pe campusul virtual. Se va beneficia de sesiune deschis\u0103 \u0219i se pot reprograma \u0219i sus\u021bine examenele la \u00eentoarcerea \u00een \u021bar\u0103.<\/p>\n<\/div><\/div>\n<div class=\"ap_column ap-span2\"><div style=\"background-color: #ffffff; padding: 10px; margin: 10px; height: 260px;\">\n<h3>Oportunit\u0103\u021bi de studiu<\/h3>\n<p>Diploma de master reprezinta etapa premergatoare \u00eenscrierii la studiile doctorale<\/p>\n<\/div><\/div><\/div><br \/>\n<div class=\"clearfix ap-row\"><div class=\"ap_column ap-span3\"><div style=\"background-color: #ffffff; padding: 10px; margin: 10px; height: 260px;\">\n<h3>Alternative<\/h3>\n<p>To\u021bi absolven\u021bii pot alege \u00eentre o carier\u0103 pe mare sau pe uscat.<\/p>\n<\/div><\/div>\n<div class=\"ap_column ap-span3\"><div style=\"background-color: #ffffff; padding: 10px; margin: 10px; height: 260px;\">\n<h3>Tehnologii moderne<\/h3>\n<p>Domeniul ICT c\u00e2\u0219tig\u0103 din ce \u00een ce mai mult teren iar sectorul maritim \u021bine pasul cu acest trend. Se va lucra pe cele mai moderne simulatoare de naviga\u021bie.<\/p>\n<\/div><\/div><\/div><\/p>\n<div style=\"background-color: #ffffff; padding: 10px; margin: 10px;\">\n<h3>Compenten\u021be Dob\u00e2ndite<\/h3>\n<p>Cunoa\u015fterea logisticii industriale \u015fi manageriale; \u00een\u0163elegerea \u015fi participarea activ\u0103 la optimizarea proceselor din industria maritima;<\/p>\n<ul class=\"lista-doi\">\n<li>In\u0163elegerea \u015fi utilizarea sistemelor financiar-contabile, de marketing\u2013v\u00e2nz\u0103ri, cercetare\u2013dezvoltare \u00een vederea facilit\u0103rii cooper\u0103rii interdepartamentale<\/li>\n<li>Capacitatea de a comunica cu speciali\u015ftii din alte domenii, conexe activit\u0103\u0163ii domeniului inginerie naval\u0103 \u015fi naviga\u0163ie<\/li>\n<li>Fundamentarea financiar\u0103 \u015fi economic\u0103 a solu\u0163iilor de dezvoltare a ofertei din transporturi<\/li>\n<\/ul>\n<\/div>\n<\/div>\n<div class=\"clearfix ap-row\"><div class=\"ap_column ap-span6\"><a href=\"https:\/\/cmu-edu.eu\/navigatie\/wp-content\/uploads\/sites\/18\/2020\/06\/vaport-head.jpg\"><img loading=\"lazy\" decoding=\"async\" class=\"aligncenter size-full wp-image-463\" src=\"https:\/\/cmu-edu.eu\/navigatie\/wp-content\/uploads\/sites\/18\/2020\/06\/vaport-head.jpg\" alt=\"\" width=\"1920\" height=\"500\" \/><\/a><\/div><\/div>\n<div style=\"background-color: #ffcb74; padding: 10px;\">\n<h2>OPORTUNIT\u0102\u021aI DE CARIER\u0102<\/h2>\n<p>Absolven\u021bii programului de studii universitare de masterat, <strong>Inginerie \u015fi Management \u00een Domeniul Maritim \u015fi Portuar <\/strong>pot ocupa func\u021bii, pe posturi corespunz\u0103toare specializ\u0103rii, \u00a0\u00een industria maritim\u0103, printre care:<\/p>\n<ul class=\"lista-doi\">\n<li>Inspector portuar<\/li>\n<li>Technical Superintendent in industria maritim\u0103 \u0219i Oil and Gas<\/li>\n<li>Agent Maritim<\/li>\n<li>Marine superintendent<\/li>\n<li>Operations manager<\/li>\n<li>Ofiter crewing<\/li>\n<li>Fleet operations manager<\/li>\n<li>Absolventii au \u015fanse reale s\u0103 se integreze \u015fi s\u0103 evolueze \u00een activitatea profesional\u0103, av\u00e2nd \u015fi preg\u0103tirea pentru nivelul managerial, \u00een \u0163ar\u0103 \u015fi \u00een str\u0103in\u0103tate. Preg\u0103tirea tehnico-inginereasc\u0103 \u015fi complementar\u0103, recunoscut\u0103 pe plan na\u0163ional \u015fi interna\u0163ional, ofer\u0103 posibilitatea asimil\u0103rii, la nevoie, a absolven\u0163ilor specializ\u0103rii, \u00een domenii conexe, inclusiv ca personal ambarcat pe nave speciale.<\/li>\n<li>Calificarea dobandit\u0103 le confer\u0103 absolventilor, prin competen\u0163e, \u00een mod cert, imediat dupa absolvire, oportunit\u0103\u0163i profesionale \u015fi satisfac\u0163ii financiare deosebite, exced\u00e2nd \u015fansele oricarui alt absolvent de \u00eenv\u0103\u0163\u0103m\u00e2nt superior din Rom\u00e2nia.<\/li>\n<\/ul>\n<\/div>\n<div class=\"ap_toggle close\"><div class=\"ap_toggle_title\"><\/p>\n<h1>Testimoniale<\/h1>\n<p><\/div><div class=\"ap_toggle_content\"><div style=\"background-color: #f5f5f5; padding: 10px;\"><div class=\"clearfix ap-row\"><div class=\"ap_column ap-span2\"><a href=\"https:\/\/cmu-edu.eu\/navigatie\/wp-content\/uploads\/sites\/18\/2020\/06\/MIRCEA-PANAIT-400.jpg\"><img loading=\"lazy\" decoding=\"async\" class=\"size-full wp-image-449 alignleft\" src=\"https:\/\/cmu-edu.eu\/navigatie\/wp-content\/uploads\/sites\/18\/2020\/06\/MIRCEA-PANAIT-400.jpg\" alt=\"\" width=\"400\" height=\"400\" \/><\/a><\/div>\n<div class=\"ap_column ap-span4\"><h2>Mircea Panait<\/h2>\n<p>Am terminat UMC \u00een 2006 \u0219i dup\u0103 cade\u021bie am facut \u00eenc\u0103 un contract pe containere pe func\u021bia de Ofi\u021ber 3.\u00a0 Apoi am avut oportunitatea de a trece la Pasagere. Am \u00eenceput cu Norvegian Cruise Line NCL. unde am \u00eenteles mai bine ce \u00eenseamn\u0103 un altfel de mediu de munc\u0103 \u0219i rela\u021bii interdepartamentale. Dup\u0103 un contract de Ofi\u021ber 2 la NCL, \u00een 2008 am reusit s\u0103 intru \u00een echipa Royal Caribbean unde sunt \u0219i dup\u0103 mai bine de 10 ani.<\/p>\n<p>Nu a fost u\u0219or pentru c\u0103 rom\u00e2nii nu erau a\u0219a de frecven\u021bi pe vasele de croazier\u0103. Am fost primul ofi\u021ber rom\u00e2n pe NCL \u0219i tot la fel printre primii la Royal Caribbean. Am \u00eenv\u0103\u021bat lec\u021bii frumoase, unele mai grele, altele mai u\u0219oare &#8230; \u0219i cel mai mult am \u00eenteles c\u0103 r\u0103bdarea \u0219i bun\u0103 cooperare cu colegii \u0219i superiorii reprezint\u0103 cheia succesului! Am urcat \u00eencet dar sigur \u00een grad \u0219i acum \u00een sf\u00e2r\u0219it am primit promovarea de Chief Officer Safety, ce implic\u0103 lucru cu toate departamentele, training pentru tot echipajul de 860 persoane \u0219i responsabilitatea cu siguran\u021ba la bord.<\/p>\n<p>\u00cen perioada 2014-2015 am fost 1st Officer pe Allure of the Seas, care era atunci cea mai mare nav\u0103 de pasageri din lume. \u00cen 2018 am participat la training-ul a 2300 de oameni din echipajul navei Symphony of the Seas care este, la momentul actual&#8230; cea mai nav\u0103 de pasageri din lume!<\/div><\/div>\n<div class=\"clearfix ap-row\"><div class=\"ap_column ap-span2\"><a href=\"https:\/\/cmu-edu.eu\/navigatie\/wp-content\/uploads\/sites\/18\/2020\/06\/tudorica-400.jpg\"><img loading=\"lazy\" decoding=\"async\" class=\"wp-image-453 size-full alignleft\" src=\"https:\/\/cmu-edu.eu\/navigatie\/wp-content\/uploads\/sites\/18\/2020\/06\/tudorica-400.jpg\" alt=\"\" width=\"400\" height=\"400\" \/><\/a><\/div>\n<div class=\"ap_column ap-span4\"><h2>Georgiana Tudorica<\/h2>\n<h3>\u0218ef de Promo\u021bie<\/h3>\n<p>Dup\u0103 ce am absolvit cursurile Facult\u0103\u021bii de Naviga\u021bie, mi-am \u00eenceput perioada de cade\u021bie la Maersk Tankers. Am continuat s\u0103 navig la Maersk Tankers, ca ofi\u021ber III \u0219i II, pe tancuri chimice \u0219i petroliere p\u00e2n\u0103 \u00een anul 2018 c\u00e2nd m-am decis s\u0103 urmez o carier\u0103 la uscat.<\/p>\n<p>Am lucrat ca Vessel Operator, pe partea comercial\u0103, pentru tancuri chimice la Ace Tankers in Amsterdam iar recent am \u00eenceput pe un nou drum, Assistant Marine Superintendent la K Line LNG UK \u00een Londra.<\/p>\n<p>Personal, mi-am dorit \u00eentotdeauna s\u0103 c\u0103l\u0103toresc \u0219i s\u0103 vad lumea, iar cariera de ofiter a fost decizia ce mai bun\u0103 \u00een privin\u021ba asta. De\u0219i am avut multe piedici, fiind o femeie \u00eentr-o lume dominat\u0103 de barba\u021bi, am reu\u0219it s\u0103 r\u0103zbat \u0219i mi-am \u00eemplinit visul. Chiar dac\u0103 partea financiar\u0103 reprezint\u0103 un mare plus, este la fel de important s\u0103 nu fie unica atrac\u021bie.\nPentru a reu\u0219i \u00een acest domeniu este nevoie de pasiune \u0219i recomand actualilor \u0219i viitorilor studen\u021bi s\u0103 \u00eencerce s\u0103 vad\u0103 \u0219i p\u0103r\u021bile pozitive ale navigatului \u0219i s\u0103 se bucure de fiecare r\u0103s\u0103rit \u0219i apus pe mare.<\/p><\/div><\/div>\n<div class=\"clearfix ap-row\"><div class=\"ap_column ap-span2\"><a href=\"https:\/\/cmu-edu.eu\/navigatie\/wp-content\/uploads\/sites\/18\/2020\/06\/echimov400.jpg\"><img loading=\"lazy\" decoding=\"async\" class=\"wp-image-456 size-full alignleft\" src=\"https:\/\/cmu-edu.eu\/navigatie\/wp-content\/uploads\/sites\/18\/2020\/06\/echimov400.jpg\" alt=\"\" width=\"400\" height=\"400\" \/><\/a><\/div>\n<div class=\"ap_column ap-span4\"><h2>Nina Ehimov<\/h2>\n<p>Am absolvit UMC-ul in 2012 si din 2014 lucrez pe nave de croazier\u0103. Am \u00eenceput ca Ofi\u021ber 3 in 2014, Ofi\u021ber 2 in 2015, Ofi\u021ber 1 din 2016 \u0219i, din Ianuarie 2019, Chief Officer Deck.<\/p>\n<p>\u00cenceputul nu este u\u0219or deloc, t\u0103ria se formeaz\u0103 din mers \u0219i experientele prin care trecem, dar, inainte de toate, cea mai important\u0103 este funda\u021bia, baza cu care pornim la drum. Dac\u0103 e \u0219ubred\u0103, nu poti cl\u0103di ceva rezistent pe ea, \u00eens\u0103 dac\u0103 funda\u021bia e solid\u0103, poti intrece orice limit\u0103. Mul\u021bumirile mele profunde merg c\u0103tre to\u021bi profesorii care pe timpul facult\u0103tii au pus bazele form\u0103rii mele.<\/p>\n<p>Dac\u0103 a\u0219 putea schimba ceva din timpul facult\u0103\u021bii? Mai multe c\u0103r\u021bi citite \u0219i a\u0219 &#8220;deranja&#8221; mai mult profesorii cu \u00eentreb\u0103ri (sunt sigur\u0103 c\u0103 nu s-ar sup\u0103ra). Pe timpul facult\u0103\u021bii era u\u0219or: cursul ne era prezentat \u0219i \u0219tiam c\u0103 urma examenul, ins\u0103 la munc\u0103 se schimb\u0103 situa\u021bia: suntem testa\u021bi, apoi urmeaz\u0103 \u0219i lec\u021bia!<\/div><\/div>\n<hr class=\"ap-spacing\" style=\"height:10px\"\/>\n<div class=\"clearfix ap-row\"><div class=\"ap_column ap-span2\"><a href=\"https:\/\/cmu-edu.eu\/navigatie\/wp-content\/uploads\/sites\/18\/2020\/06\/vlaciu400.jpg\"><img loading=\"lazy\" decoding=\"async\" class=\"wp-image-458 size-full alignleft\" src=\"https:\/\/cmu-edu.eu\/navigatie\/wp-content\/uploads\/sites\/18\/2020\/06\/vlaciu400.jpg\" alt=\"\" width=\"400\" height=\"400\" \/><\/a><\/div>\n<div class=\"ap_column ap-span4\"><h2>Victor Vlaciu<\/h2>\n<p>\u00cen 2009, fiind student anul III al Facult\u0103\u021bii UMC \u2013 Facultatea de Naviga\u021bie \u0219i Transport Naval, mi-am facut cadetia o pe nav\u0103 tip tanc petrolier. Dupa absolvire, din 2011, am navigat ca Ofiter 3 p\u00e2n\u0103 \u00een anul 2015 cand am avut posibilitatea de a promova Chief Officer pe Tancuri petroliere. Din anul 2017 sunt Comandant pe o nava tip Offshore &#8211; F. C. B., nav\u0103 de trasfer persoane \u0219i remorcaj portuar pentru o firm\u0103 elve\u021bian\u0103, Offshore Angola.<\/p>\n<p>Mul\u021bumesc Bunului Dumnezeu c\u0103 mi-a \u00eendrumat pa\u0219ii c\u0103tre UMC, unde am cunoscut colegi minuna\u021bi, profesori 100% dedica\u021bi \u0219i implica\u021bi \u00een cre\u0219terea mea universitar\u0103 \u0219i profesional\u0103!\nRecomand Facultatea de Naviga\u021bie \u0219i Transport Naval din UMC &#8211; Sec\u021bia Naviga\u021bie nu doar pentru stereotipul &#8220;meserie b\u0103noas\u0103 &#8220;, ci pentru o carier\u0103 pentru o via\u021b\u0103 \u0219i o multitudine de oportunit\u0103\u021bi.<\/p>\n<p>\u0218i DA &#8211; am reu\u0219it in via\u021ba profesional\u0103, social\u0103 \u0219i de familie \u0219i datorit\u0103 Universit\u0103\u021bii Maritime Constan\u021ba!\nDac\u0103 vrei \u0219i crezi, po\u021bi! Succes UMC-isti !<\/div><\/div><\/p>\n<\/div><\/div><\/div>\n<p>&nbsp;<\/p>\n","protected":false},"excerpt":{"rendered":"<p>BENEFICII Compenten\u021be Dob\u00e2ndite Cunoa\u015fterea logisticii industriale \u015fi manageriale; \u00een\u0163elegerea \u015fi participarea activ\u0103 la optimizarea proceselor din industria maritima; In\u0163elegerea \u015fi utilizarea sistemelor financiar-contabile, de marketing\u2013v\u00e2nz\u0103ri, cercetare\u2013dezvoltare \u00een vederea facilit\u0103rii cooper\u0103rii interdepartamentale Capacitatea de a comunica cu speciali\u015ftii din alte domenii, conexe activit\u0103\u0163ii domeniului inginerie naval\u0103 \u015fi naviga\u0163ie Fundamentarea financiar\u0103 \u015fi economic\u0103 a solu\u0163iilor de dezvoltare [&hellip;]<\/p>\n","protected":false},"author":4,"featured_media":0,"parent":0,"menu_order":0,"comment_status":"closed","ping_status":"closed","template":"","meta":{"footnotes":""},"class_list":["post-520","page","type-page","status-publish","hentry"],"_links":{"self":[{"href":"https:\/\/cmu-edu.eu\/navigatie\/wp-json\/wp\/v2\/pages\/520","targetHints":{"allow":["GET"]}}],"collection":[{"href":"https:\/\/cmu-edu.eu\/navigatie\/wp-json\/wp\/v2\/pages"}],"about":[{"href":"https:\/\/cmu-edu.eu\/navigatie\/wp-json\/wp\/v2\/types\/page"}],"author":[{"embeddable":true,"href":"https:\/\/cmu-edu.eu\/navigatie\/wp-json\/wp\/v2\/users\/4"}],"replies":[{"embeddable":true,"href":"https:\/\/cmu-edu.eu\/navigatie\/wp-json\/wp\/v2\/comments?post=520"}],"version-history":[{"count":11,"href":"https:\/\/cmu-edu.eu\/navigatie\/wp-json\/wp\/v2\/pages\/520\/revisions"}],"predecessor-version":[{"id":1695,"href":"https:\/\/cmu-edu.eu\/navigatie\/wp-json\/wp\/v2\/pages\/520\/revisions\/1695"}],"wp:attachment":[{"href":"https:\/\/cmu-edu.eu\/navigatie\/wp-json\/wp\/v2\/media?parent=520"}],"curies":[{"name":"wp","href":"https:\/\/api.w.org\/{rel}","templated":true}]}}