{"id":527,"date":"2020-09-21T13:48:04","date_gmt":"2020-09-21T10:48:04","guid":{"rendered":"https:\/\/cmu-edu.eu\/navigatie\/?page_id=527"},"modified":"2024-08-26T19:33:14","modified_gmt":"2024-08-26T16:33:14","slug":"inginerie-si-management-in-transportul-maritim-si-multimodal","status":"publish","type":"page","link":"https:\/\/cmu-edu.eu\/navigatie\/inginerie-si-management-in-transportul-maritim-si-multimodal\/","title":{"rendered":"Inginerie \u0219i Management \u00een Transportul Maritim \u0219i Multimodal"},"content":{"rendered":"<div class=\"clearfix ap-row\"><div class=\"ap_column ap-span3\"><h2>DE CE IMTMM?<\/h2>\n<p>Sectorul maritim constituie un factor cheie pentru societatea modern\u0103. Acest sector are un rol esen\u021bial \u00een ceea ce prive\u0219te dezvoltarea social\u0103 &amp; economic\u0103 \u0219i este o surs\u0103 poten\u021bial\u0103 de <strong>oportunit\u0103\u021bi excelente de angajare &amp; carier\u0103<\/strong> pentru c\u00e2teva milioane de persoane care lucreaz\u0103 \u00een prezent \u00een activit\u0103\u021bi \u0219i companii conexe domeniului maritim din \u00eentreaga lume.<\/p>\n<p>Industria maritim\u0103 include furnizarea de bunuri \u0219i servicii din sectorul maritim, al \u0219antierelor navale, al construc\u021biei de nave, al operatorilor portuari, administratiei locale si nationale a infrastructurii, logisticii \u0219i turismului. Potrivit statisticilor Koncept Analytics, <strong>transportul maritim este ramura dominant\u0103<\/strong> a sectoarelor de transport \u00een ceea ce prive\u0219te dimensiunea.<\/p>\n<p>Programul de studii de masterat <strong>Inginerie si Management in Transportul Maritim si Multimodal<\/strong> se adreseaz\u0103 celor care doresc s\u0103 continue o carier\u0103 la nivelul <strong>Managerial<\/strong> \u00een domeniul maritim (Capitan, Comandant Nava) sau \u00een sectoarele conexe (Ship Management, Crew Agencies, Port Operators, Marine and Cargo Survey).<\/p>\n<p>Programul are o durata de 2 ani \u0219i este astfel conceput \u00eenc\u00e2t s\u0103 confere absolven\u021bilor competen\u021be inginere\u0219ti specifice \u0219i de specialitate, corespunz\u0103toare cerin\u021belor pie\u021bei interna\u021bionale a muncii. Absolven\u021bii vor dob\u00e2ndi astfel <strong>nivelul de cunoa\u015ftere<\/strong> \u015ftiin\u0163ific\u0103, inginereasc\u0103 \u0219i managerial\u0103 dar \u0219i <strong>deprinderile practice<\/strong> adecvate nevoilor actuale \u015fi de perspectiv\u0103 pentru industria de transport naval, respectiv industria de construc\u0163ii de nave fluviale, maritime \u015fi offshore si industriile conexe operarii portuare.<\/p><\/div>\n<div class=\"ap_column ap-span3\"><h2>CE STUDIEZI<\/h2>\n<p>Curricula interdisciplinar\u0103 este aliniat\u0103 <strong>standardelor interna\u021bionale<\/strong> <strong>STCW<\/strong>, pe baza modelului de curs <strong>IMO 7.01 Nivel Managerial<\/strong> \u0219i este certificat\u0103 de <strong>EMSA\/ANR<\/strong> pentru a contribui la formarea de <strong>competen\u021bele tehnice \u0219i manageriale<\/strong> pentru o carier\u0103 de succes in:<\/p>\n<ul class=\"lista-doi\">\n<li>Managementul Naviga\u021biei si a Echipei de Cart<\/li>\n<li>Operarea Navelor Specializate (tancuri si vrachiere)<\/li>\n<li>Controlul Asietei, Stabilitatii si a Tensiunilor din corpul Navei<\/li>\n<li>Asigur\u0103ri maritime\/Comert Maritim<\/li>\n<li>Survey \u0219i audit la bordul navei<\/li>\n<li>Cercetarea accidentelor navale<\/li>\n<li>Protejarea Mediului Acvatic<\/li>\n<\/ul>\n<p><a class=\"but1\" href=\"https:\/\/cmu-edu.eu\/navigatie\/wp-content\/uploads\/sites\/18\/2022\/10\/Plan-de-invatamant-IMTMM.pdf\">Plan de invatamant IMTMM<\/a><\/p><\/div><\/div>\n<div style=\"background-color: #f5f5f5; padding: 10px; text-align: center;\">\n<h1 style=\"padding-bottom: 30px;\">BENEFICII<\/h1>\n<p><div class=\"clearfix ap-row\"><div class=\"ap_column ap-span2\"><div style=\"background-color: #ffffff; padding: 10px; margin: 10px; height: 260px;\">\n<h3>Recunoa\u0219tere interna\u021bional\u0103<\/h3>\n<p>Diploma de master \u0219i brevetul de ofi\u021ber sunt recunoscute interna\u021bional, oferindu-\u021bi posibilitatea de angajare oriunde \u00een lume.<\/p>\n<\/div><\/div>\n<div class=\"ap_column ap-span2\"><div style=\"background-color: #ffffff; padding: 10px; margin: 10px; height: 260px;\">\n<h3>Flexibilitate<\/h3>\n<p>Dac\u0103 pe parcursul studiilor universitare esti plecat in voiaj interna\u021bional, \u00ee\u021bi oferim posibilitatea de a studia online pe campusul virtual. Vei beneficia de sesiune deschis\u0103 \u0219i \u00ee\u021bi po\u021bi reprograma \u0219i sus\u021bine examenele la \u00eentoarcerea \u00een \u021bar\u0103.<\/p>\n<\/div><\/div>\n<div class=\"ap_column ap-span2\"><div style=\"background-color: #ffffff; padding: 10px; margin: 10px; height: 260px;\">\n<h3>Oportunit\u0103\u021bi de studiu \u00een str\u0103in\u0103tate<\/h3>\n<p>Mul\u021bi dintre studen\u021bii no\u0219tri aleg s\u0103 studieze un semestru la una dintre facult\u0103\u021bile partenere, beneficiind de mobilitatea oferit\u0103 de ERASMUS (Germania, Lituania, Turcia).<\/p>\n<\/div><\/div><\/div><br \/>\n<div class=\"clearfix ap-row\"><div class=\"ap_column ap-span3\"><div style=\"background-color: #ffffff; padding: 10px; margin: 10px; height: 260px;\">\n<h3>Alternative<\/h3>\n<p>To\u021bi absolven\u021bii no\u0219tri pot alege continuarea carierei pe mare sau pe uscat (Mangerial Level Deck Officers, Ship Management, Crew Agencies, Port Operators, Marine and Cargo Survey, PSC and FSC Inspectors etc).<\/p>\n<\/div><\/div>\n<div class=\"ap_column ap-span3\"><div style=\"background-color: #ffffff; padding: 10px; margin: 10px; height: 260px;\">\n<h3>Tehnologii moderne<\/h3>\n<p>Domeniul ICT c\u00e2\u0219tig\u0103 din ce \u00een ce mai mult teren iar sectorul maritim \u021bine pasul cu acest trend. Vei lucra pe cele mai moderne simulatoare de naviga\u021bie (Navigation and Maneuvering TRANSAS, ECDIS, KONGSBERG Liquid Cargo Operation, AutoSHIP).<\/p>\n<\/div><\/div><\/div><\/p>\n<\/div>\n<div class=\"clearfix ap-row\"><div class=\"ap_column ap-span6\"><a href=\"https:\/\/cmu-edu.eu\/navigatie\/wp-content\/uploads\/sites\/18\/2020\/06\/vaport-head.jpg\"><img loading=\"lazy\" decoding=\"async\" class=\"aligncenter size-full wp-image-463\" src=\"https:\/\/cmu-edu.eu\/navigatie\/wp-content\/uploads\/sites\/18\/2020\/06\/vaport-head.jpg\" alt=\"\" width=\"1920\" height=\"500\" \/><\/a><\/div><\/div>\n<div style=\"background-color: #ffcb74; padding: 10px;\">\n<h2>OPORTUNIT\u0102\u021aI DE CARIER\u0102<\/h2>\n<p>Absolven\u021bii programului de studii Inginerie si Management in Transportul Maritim si Multimodal pot ocupa func\u021bia de c\u0103pitan, comandant de nav\u0103 sau diverse alte posturi \u00een industria maritim\u0103:<\/p>\n<ul>\n<li>Inspector portuar (FSC, PSC etc)<\/li>\n<li>Cargo si Marine Surveyor<\/li>\n<li>Pilot<\/li>\n<li>Technical Superintendent in industria maritim\u0103 \u0219i Oil and Gas<\/li>\n<li>Agent Maritim<\/li>\n<li>Marine superintendent<\/li>\n<li>Operations manager<\/li>\n<li>Ofiter crewing<\/li>\n<li>Fleet operations manager<\/li>\n<\/ul>\n<\/div>\n<div style=\"background-color: #f5f5f5; padding: 10px;\">\n<h1>Testimoniale<\/h1>\n<p><div class=\"clearfix ap-row\"><div class=\"ap_column ap-span2\"><a href=\"https:\/\/cmu-edu.eu\/navigatie\/wp-content\/uploads\/sites\/18\/2020\/06\/MIRCEA-PANAIT-400.jpg\"><img loading=\"lazy\" decoding=\"async\" class=\"size-full wp-image-449 alignleft\" src=\"https:\/\/cmu-edu.eu\/navigatie\/wp-content\/uploads\/sites\/18\/2020\/06\/MIRCEA-PANAIT-400.jpg\" alt=\"\" width=\"400\" height=\"400\" \/><\/a><\/div>\n<div class=\"ap_column ap-span4\"><h2>Mircea Panait<\/h2>\n<p>Am terminat UMC \u00een 2006 \u0219i dup\u0103 cade\u021bie am facut \u00eenc\u0103 un contract pe containere pe func\u021bia de Ofi\u021ber 3.\u00a0 Apoi am avut oportunitatea de a trece la Pasagere. Am \u00eenceput cu Norvegian Cruise Line NCL. unde am \u00eenteles mai bine ce \u00eenseamn\u0103 un altfel de mediu de munc\u0103 \u0219i rela\u021bii interdepartamentale. Dup\u0103 un contract de Ofi\u021ber 2 la NCL, \u00een 2008 am reusit s\u0103 intru \u00een echipa Royal Caribbean unde sunt \u0219i dup\u0103 mai bine de 10 ani.<\/p>\n<p>Nu a fost u\u0219or pentru c\u0103 rom\u00e2nii nu erau a\u0219a de frecven\u021bi pe vasele de croazier\u0103. Am fost primul ofi\u021ber rom\u00e2n pe NCL \u0219i tot la fel printre primii la Royal Caribbean. Am \u00eenv\u0103\u021bat lec\u021bii frumoase, unele mai grele, altele mai u\u0219oare &#8230; \u0219i cel mai mult am \u00eenteles c\u0103 r\u0103bdarea \u0219i bun\u0103 cooperare cu colegii \u0219i superiorii reprezint\u0103 cheia succesului! Am urcat \u00eencet dar sigur \u00een grad \u0219i acum \u00een sf\u00e2r\u0219it am primit promovarea de Chief Officer Safety, ce implic\u0103 lucru cu toate departamentele, training pentru tot echipajul de 860 persoane \u0219i responsabilitatea cu siguran\u021ba la bord.<\/p>\n<p>\u00cen perioada 2014-2015 am fost 1st Officer pe Allure of the Seas, care era atunci cea mai mare nav\u0103 de pasageri din lume. \u00cen 2018 am participat la training-ul a 2300 de oameni din echipajul navei Symphony of the Seas care este, la momentul actual&#8230; cea mai nav\u0103 de pasageri din lume!<\/div><\/div><br \/>\n<div class=\"clearfix ap-row\"><div class=\"ap_column ap-span2\"><a href=\"https:\/\/cmu-edu.eu\/navigatie\/wp-content\/uploads\/sites\/18\/2020\/06\/tudorica-400.jpg\"><img loading=\"lazy\" decoding=\"async\" class=\"wp-image-453 size-full alignleft\" src=\"https:\/\/cmu-edu.eu\/navigatie\/wp-content\/uploads\/sites\/18\/2020\/06\/tudorica-400.jpg\" alt=\"\" width=\"400\" height=\"400\" \/><\/a><\/div>\n<div class=\"ap_column ap-span4\"><h2>Georgiana Tudorica<\/h2>\n<h3>\u0218ef de Promo\u021bie<\/h3>\n<p>Dup\u0103 ce am absolvit cursurile Facult\u0103\u021bii de Naviga\u021bie, mi-am \u00eenceput perioada de cade\u021bie la Maersk Tankers. Am continuat s\u0103 navig la Maersk Tankers, ca ofi\u021ber III \u0219i II, pe tancuri chimice \u0219i petroliere p\u00e2n\u0103 \u00een anul 2018 c\u00e2nd m-am decis s\u0103 urmez o carier\u0103 la uscat.<\/p>\n<p>Am lucrat ca Vessel Operator, pe partea comercial\u0103, pentru tancuri chimice la Ace Tankers in Amsterdam iar recent am \u00eenceput pe un nou drum, Assistant Marine Superintendent la K Line LNG UK \u00een Londra.<\/p>\n<p>Personal, mi-am dorit \u00eentotdeauna s\u0103 c\u0103l\u0103toresc \u0219i s\u0103 vad lumea, iar cariera de ofiter a fost decizia ce mai bun\u0103 \u00een privin\u021ba asta. De\u0219i am avut multe piedici, fiind o femeie \u00eentr-o lume dominat\u0103 de barba\u021bi, am reu\u0219it s\u0103 r\u0103zbat \u0219i mi-am \u00eemplinit visul. Chiar dac\u0103 partea financiar\u0103 reprezint\u0103 un mare plus, este la fel de important s\u0103 nu fie unica atrac\u021bie.\nPentru a reu\u0219i \u00een acest domeniu este nevoie de pasiune \u0219i recomand actualilor \u0219i viitorilor studen\u021bi s\u0103 \u00eencerce s\u0103 vad\u0103 \u0219i p\u0103r\u021bile pozitive ale navigatului \u0219i s\u0103 se bucure de fiecare r\u0103s\u0103rit \u0219i apus pe mare.<\/p><\/div><\/div><br \/>\n<div class=\"clearfix ap-row\"><div class=\"ap_column ap-span2\"><a href=\"https:\/\/cmu-edu.eu\/navigatie\/wp-content\/uploads\/sites\/18\/2020\/06\/echimov400.jpg\"><img loading=\"lazy\" decoding=\"async\" class=\"wp-image-456 size-full alignleft\" src=\"https:\/\/cmu-edu.eu\/navigatie\/wp-content\/uploads\/sites\/18\/2020\/06\/echimov400.jpg\" alt=\"\" width=\"400\" height=\"400\" \/><\/a><\/div>\n<div class=\"ap_column ap-span4\"><h2>Nina Ehimov<\/h2>\n<p>Am absolvit UMC-ul in 2012 si din 2014 lucrez pe nave de croazier\u0103. Am \u00eenceput ca Ofi\u021ber 3 in 2014, Ofi\u021ber 2 in 2015, Ofi\u021ber 1 din 2016 \u0219i, din Ianuarie 2019, Chief Officer Deck.<\/p>\n<p>\u00cenceputul nu este u\u0219or deloc, t\u0103ria se formeaz\u0103 din mers \u0219i experientele prin care trecem, dar, inainte de toate, cea mai important\u0103 este funda\u021bia, baza cu care pornim la drum. Dac\u0103 e \u0219ubred\u0103, nu poti cl\u0103di ceva rezistent pe ea, \u00eens\u0103 dac\u0103 funda\u021bia e solid\u0103, poti intrece orice limit\u0103. Mul\u021bumirile mele profunde merg c\u0103tre to\u021bi profesorii care pe timpul facult\u0103tii au pus bazele form\u0103rii mele.<\/p>\n<p>Dac\u0103 a\u0219 putea schimba ceva din timpul facult\u0103\u021bii? Mai multe c\u0103r\u021bi citite \u0219i a\u0219 &#8220;deranja&#8221; mai mult profesorii cu \u00eentreb\u0103ri (sunt sigur\u0103 c\u0103 nu s-ar sup\u0103ra). Pe timpul facult\u0103\u021bii era u\u0219or: cursul ne era prezentat \u0219i \u0219tiam c\u0103 urma examenul, ins\u0103 la munc\u0103 se schimb\u0103 situa\u021bia: suntem testa\u021bi, apoi urmeaz\u0103 \u0219i lec\u021bia!<\/div><\/div><br \/>\n<hr class=\"ap-spacing\" style=\"height:10px\"\/><br \/>\n<div class=\"clearfix ap-row\"><div class=\"ap_column ap-span2\"><a href=\"https:\/\/cmu-edu.eu\/navigatie\/wp-content\/uploads\/sites\/18\/2020\/06\/vlaciu400.jpg\"><img loading=\"lazy\" decoding=\"async\" class=\"wp-image-458 size-full alignleft\" src=\"https:\/\/cmu-edu.eu\/navigatie\/wp-content\/uploads\/sites\/18\/2020\/06\/vlaciu400.jpg\" alt=\"\" width=\"400\" height=\"400\" \/><\/a><\/div>\n<div class=\"ap_column ap-span4\"><h2>Victor Vlaciu<\/h2>\n<p>\u00cen 2009, fiind student anul III al Facult\u0103\u021bii UMC \u2013 Facultatea de Naviga\u021bie \u0219i Transport Naval, mi-am facut cadetia o pe nav\u0103 tip tanc petrolier. Dupa absolvire, din 2011, am navigat ca Ofiter 3 p\u00e2n\u0103 \u00een anul 2015 cand am avut posibilitatea de a promova Chief Officer pe Tancuri petroliere. Din anul 2017 sunt Comandant pe o nava tip Offshore &#8211; F. C. B., nav\u0103 de trasfer persoane \u0219i remorcaj portuar pentru o firm\u0103 elve\u021bian\u0103, Offshore Angola.<\/p>\n<p>Mul\u021bumesc Bunului Dumnezeu c\u0103 mi-a \u00eendrumat pa\u0219ii c\u0103tre UMC, unde am cunoscut colegi minuna\u021bi, profesori 100% dedica\u021bi \u0219i implica\u021bi \u00een cre\u0219terea mea universitar\u0103 \u0219i profesional\u0103!\nRecomand Facultatea de Naviga\u021bie \u0219i Transport Naval din UMC &#8211; Sec\u021bia Naviga\u021bie nu doar pentru stereotipul &#8220;meserie b\u0103noas\u0103 &#8220;, ci pentru o carier\u0103 pentru o via\u021b\u0103 \u0219i o multitudine de oportunit\u0103\u021bi.<\/p>\n<p>\u0218i DA &#8211; am reu\u0219it in via\u021ba profesional\u0103, social\u0103 \u0219i de familie \u0219i datorit\u0103 Universit\u0103\u021bii Maritime Constan\u021ba!\nDac\u0103 vrei \u0219i crezi, po\u021bi! Succes UMC-isti !<\/div><\/div><\/p>\n<\/div>\n","protected":false},"excerpt":{"rendered":"<p>BENEFICII OPORTUNIT\u0102\u021aI DE CARIER\u0102 Absolven\u021bii programului de studii Inginerie si Management in Transportul Maritim si Multimodal pot ocupa func\u021bia de c\u0103pitan, comandant de nav\u0103 sau diverse alte posturi \u00een industria maritim\u0103: Inspector portuar (FSC, PSC etc) Cargo si Marine Surveyor Pilot Technical Superintendent in industria maritim\u0103 \u0219i Oil and Gas Agent Maritim Marine superintendent Operations [&hellip;]<\/p>\n","protected":false},"author":4,"featured_media":0,"parent":0,"menu_order":0,"comment_status":"closed","ping_status":"closed","template":"","meta":{"footnotes":""},"class_list":["post-527","page","type-page","status-publish","hentry"],"_links":{"self":[{"href":"https:\/\/cmu-edu.eu\/navigatie\/wp-json\/wp\/v2\/pages\/527","targetHints":{"allow":["GET"]}}],"collection":[{"href":"https:\/\/cmu-edu.eu\/navigatie\/wp-json\/wp\/v2\/pages"}],"about":[{"href":"https:\/\/cmu-edu.eu\/navigatie\/wp-json\/wp\/v2\/types\/page"}],"author":[{"embeddable":true,"href":"https:\/\/cmu-edu.eu\/navigatie\/wp-json\/wp\/v2\/users\/4"}],"replies":[{"embeddable":true,"href":"https:\/\/cmu-edu.eu\/navigatie\/wp-json\/wp\/v2\/comments?post=527"}],"version-history":[{"count":9,"href":"https:\/\/cmu-edu.eu\/navigatie\/wp-json\/wp\/v2\/pages\/527\/revisions"}],"predecessor-version":[{"id":1242,"href":"https:\/\/cmu-edu.eu\/navigatie\/wp-json\/wp\/v2\/pages\/527\/revisions\/1242"}],"wp:attachment":[{"href":"https:\/\/cmu-edu.eu\/navigatie\/wp-json\/wp\/v2\/media?parent=527"}],"curies":[{"name":"wp","href":"https:\/\/api.w.org\/{rel}","templated":true}]}}