{"id":534,"date":"2020-09-22T12:56:13","date_gmt":"2020-09-22T09:56:13","guid":{"rendered":"https:\/\/cmu-edu.eu\/navigatie\/?page_id=534"},"modified":"2026-04-21T10:17:33","modified_gmt":"2026-04-21T07:17:33","slug":"transport-maritim","status":"publish","type":"page","link":"https:\/\/cmu-edu.eu\/navigatie\/programe-de-studii\/transport-maritim\/","title":{"rendered":"Transport Maritim"},"content":{"rendered":"<p><div class=\"clearfix ap-row\"><div class=\"ap_column ap-span3\"><h2>DE CE TRANSPORT MARITIM<\/h2>\n<p>Sectorul maritim constituie un factor cheie pentru societatea modern\u0103. Acest sector are un rol esen\u021bial \u00een ceea ce prive\u0219te dezvoltarea social\u0103 &amp; economic\u0103 \u0219i este o surs\u0103 poten\u021bial\u0103 de <strong>oportunit\u0103\u021bi excelente de angajare &amp; carier\u0103<\/strong> pentru c\u00e2teva milioane de persoane care lucreaz\u0103 \u00een prezent \u00een activit\u0103\u021bi \u0219i companii conexe domeniului maritim din \u00eentreaga lume.<\/p>\n<p>Programul de studii de masterat \u00een <strong>Transport maritim<\/strong> este conceput pentru a oferi at\u00e2t preg\u0103tirea academic\u0103 \u0219i tehnologic\u0103 de baz\u0103, c\u00e2t \u0219i cuno\u0219tin\u021bele de specialitate de care vor avea nevoie profesioni\u0219tii din sector, precum \u0219i s\u0103 ofere gradul de flexibilitate \u00een \u00eenv\u0103\u021bare pe care \u00eel necesit\u0103 societatea actual\u0103. Masteranzii vor primi instruire ca ingineri \u0219i navigatori, dob\u00e2ndind profiluri de competen\u021be care satisfac cerin\u021bele pie\u021belor na\u021bionale \u0219i interna\u021bionale de transport maritim.<\/p>\n<p>Programul de studii masterale <strong>Transport Maritim <\/strong>formeaz\u0103 speciali\u0219ti \u00een cadrul ingineriei nautice \u0219i transportului maritim, asigur\u00e2ndu-le \u00een principal competen\u021be profesionale necesare exercit\u0103rii profesiei de c\u0103pitan de nav\u0103 . De asemenea<strong>, <\/strong>asigur\u0103 \u00a0formarea \u0219i perfectionarea speciali\u0219tilor cu studii tehnice superioare pentru nevoile complete (cercetare, proiectare, constructie, exploatare \u0219i mentenan\u021b\u0103) ale ingineriei navale printr-un \u00eenva\u021b\u0103mant universitar performant.<\/p>\n<p>Programul are o durat\u0103 de 2 ani. Pe parcursul acestei perioade se urm\u0103re\u0219te profesionalizarea \u00een domeniul ingineriei maritime prin dob\u00e2ndirea competen\u021belor inginere\u0219ti de specialitate \u0219i a celor manageriale.\u00a0 Absolven\u021bii sunt preg\u0103ti\u021bi ca viitori speciali\u0219ti prin rafinarea preg\u0103tirii manageriale \u0219i de specialitate \u0219i dob\u00e2ndirea competen\u021belor de cercetare-dezvoltare-inovare.<\/p><\/div>\n<div class=\"ap_column ap-span3\"><h2>CE STUDIEZI<\/h2>\n<p>Curricula interdisciplinar\u0103 este aliniat\u0103 standardelor interna\u021bionale STCW (Standards of Training, Certification and Watchkeeping), pe baza modelului de curs IMO 7.01 (International Maritime Organization) \u0219i este certificat\u0103 de ANR (Autoritatea Naval\u0103 Rom\u00e2n\u0103) pentru a contribui la formarea de competen\u021bele tehnice \u0219i manageriale pentru o carier\u0103 de succes.<\/p>\n<ul class=\"lista-doi\">\n<li>Operarea navelor specializate (vrachiere, tancuri)<\/li>\n<li>Managementul riscului \u00een naviga\u021bie<\/li>\n<li>Managementul informa\u021biei \u00een naviga\u021bie<\/li>\n<li>Concepte avansate de arhitectura naval\u0103<\/li>\n<li>Economia transportului maritim \u0219i fluvial<\/li>\n<li>Naviga\u021bie \u0219i manevra navei \u00een condi\u021bii speciale<\/li>\n<li>Leadership<\/li>\n<li>Coresponden\u021b\u0103 comercial\u0103 \u00een limba englez\u0103<\/li>\n<\/ul>\n<p><a class=\"but1\" href=\"https:\/\/univmaritima.sharepoint.com\/:f:\/g\/IgBq559XpiQKS6tktMudDceXAVjw34xl64gw1FlHSz6Km68?e=aruPe6\">Plan de invatamant\/Fi\u0219e de disciplin\u0103<\/a><\/p><\/div><\/div><br \/>\n<a href=\"https:\/\/cmu-edu.eu\/navigatie\/wp-content\/uploads\/sites\/18\/2020\/06\/vaport-head.jpg\"><img loading=\"lazy\" decoding=\"async\" class=\"aligncenter size-full wp-image-463\" src=\"https:\/\/cmu-edu.eu\/navigatie\/wp-content\/uploads\/sites\/18\/2020\/06\/vaport-head.jpg\" alt=\"\" width=\"1920\" height=\"500\" \/><\/a><\/p>\n<div style=\"background-color: #f5f5f5;padding: 10px;text-align: center\">\n<h1 style=\"padding-bottom: 30px\">BENEFICII<\/h1>\n<p><div class=\"clearfix ap-row\"><div class=\"ap_column ap-span2\"><div style=\"background-color: #ffffff;padding: 10px;margin: 10px;height: 260px\">\n<h3>Recunoa\u0219tere interna\u021bional\u0103<\/h3>\n<p>Diploma de inginer \u0219i brevetul de ofi\u021ber sunt recunoscute interna\u021bional, oferindu-\u021bi posibilitatea de angajare oriunde \u00een lume. Parcurgerea preg\u0103tirii manageriale \u00een domeniu \u00een cadrul masteratului de Transport Maritim constituie o etap\u0103 esen\u021bial\u0103 \u0219i obligatorie \u00een promovarea ierarhic\u0103 a ofi\u021berilor de punte.<\/p>\n<\/div><\/div>\n<div class=\"ap_column ap-span2\"><div style=\"background-color: #ffffff;padding: 10px;margin: 10px;height: 260px\">\n<h3>Flexibilitate<\/h3>\n<p>Dac\u0103 pe parcursul studiilor masterale \u00ee\u021bi desf\u0103\u0219ori perioade de activitate la bordul navei, \u00ee\u021bi oferim posibilitatea de a studia online pe campusul virtual. Vei beneficia de sesiune deschis\u0103 \u0219i \u00ee\u021bi po\u021bi reprograma \u0219i sus\u021bine examenele la \u00eentoarcerea \u00een \u021bar\u0103.<\/p>\n<\/div><\/div>\n<div class=\"ap_column ap-span2\"><div style=\"background-color: #ffffff;padding: 10px;margin: 10px;height: 260px\">\n<h3>Dezvoltarea capacit\u0103\u021bilor de lucru \u00een echip\u0103 \u0219i leadership<\/h3>\n<p>\u00ce\u021bi vei putea perfec\u021biona tehnicile de rela\u021bionare interuman\u0103, de comunicare oral\u0103 \u0219i scris\u0103, \u00eeinlesnindu-\u021bi \u00een acest mod \u0219i c\u0103ile de colaboare cu speciali\u0219ti din domenii multiple.<\/p>\n<\/div><\/div><\/div><br \/>\n<div class=\"clearfix ap-row\"><div class=\"ap_column ap-span3\"><div style=\"background-color: #ffffff;padding: 10px;margin: 10px;height: 260px\">\n<h3>Alternative<\/h3>\n<p>To\u021bi absolven\u021bii no\u0219tri pot opta pentru o carier\u0103 pe mare sau pe uscat.<\/p>\n<\/div><\/div>\n<div class=\"ap_column ap-span3\"><div style=\"background-color: #ffffff;padding: 10px;margin: 10px;height: 260px\">\n<h3>Tehnologii moderne<\/h3>\n<p>Domeniul ICT c\u00e2\u0219tig\u0103 din ce \u00een ce mai mult teren iar sectorul maritim \u021bine pasul cu acest trend. Vei lucra pe cele mai moderne simulatoare de naviga\u021bie.<\/p>\n<\/div><\/div><\/div><\/p>\n<\/div>\n<div style=\"background-color: #ffcb74;padding: 10px\">\n<h2>OPORTUNIT\u0102\u021aI DE CARIER\u0102<\/h2>\n<p>Absolven\u021bii programului de studii masterale Transport Maritim pot ocupa func\u021bii de ofi\u021ber nivel managerial respectiv c\u0103pitan si comandant de nav\u0103 sau diverse alte posturi \u00een industria maritim\u0103, printre care:<\/p>\n<ul>\n<li>Inspector portuar (FSC, PSC etc)<\/li>\n<li>Technical Superintendent in industria maritim\u0103 \u0219i Oil and Gas<\/li>\n<li>Agent Maritim<\/li>\n<li>Marine superintendent<\/li>\n<li>Operations manager<\/li>\n<li>Ofiter crewing<\/li>\n<li>Fleet operations manager<\/li>\n<\/ul>\n<\/div>\n<div style=\"background-color: #f5f5f5;padding: 10px\">\n<h1>Testimoniale<\/h1>\n<p><div class=\"clearfix ap-row\"><div class=\"ap_column ap-span2\"><a href=\"https:\/\/cmu-edu.eu\/navigatie\/wp-content\/uploads\/sites\/18\/2020\/06\/MIRCEA-PANAIT-400.jpg\"><img loading=\"lazy\" decoding=\"async\" class=\"size-full wp-image-449 alignleft\" src=\"https:\/\/cmu-edu.eu\/navigatie\/wp-content\/uploads\/sites\/18\/2020\/06\/MIRCEA-PANAIT-400.jpg\" alt=\"\" width=\"400\" height=\"400\" \/><\/a><\/div>\n<div class=\"ap_column ap-span4\"><h2>Mircea Panait<\/h2>\n<p>Am terminat UMC \u00een 2006 \u0219i dup\u0103 cade\u021bie am facut \u00eenc\u0103 un contract pe containere pe func\u021bia de Ofi\u021ber 3.\u00a0 Apoi am avut oportunitatea de a trece la Pasagere. Am \u00eenceput cu Norvegian Cruise Line NCL. unde am \u00eenteles mai bine ce \u00eenseamn\u0103 un altfel de mediu de munc\u0103 \u0219i rela\u021bii interdepartamentale. Dup\u0103 un contract de Ofi\u021ber 2 la NCL, \u00een 2008 am reusit s\u0103 intru \u00een echipa Royal Caribbean unde sunt \u0219i dup\u0103 mai bine de 10 ani.<\/p>\n<p>Nu a fost u\u0219or pentru c\u0103 rom\u00e2nii nu erau a\u0219a de frecven\u021bi pe vasele de croazier\u0103. Am fost primul ofi\u021ber rom\u00e2n pe NCL \u0219i tot la fel printre primii la Royal Caribbean. Am \u00eenv\u0103\u021bat lec\u021bii frumoase, unele mai grele, altele mai u\u0219oare &#8230; \u0219i cel mai mult am \u00eenteles c\u0103 r\u0103bdarea \u0219i bun\u0103 cooperare cu colegii \u0219i superiorii reprezint\u0103 cheia succesului! Am urcat \u00eencet dar sigur \u00een grad \u0219i acum \u00een sf\u00e2r\u0219it am primit promovarea de Chief Officer Safety, ce implic\u0103 lucru cu toate departamentele, training pentru tot echipajul de 860 persoane \u0219i responsabilitatea cu siguran\u021ba la bord.<\/p>\n<p>\u00cen perioada 2014-2015 am fost 1st Officer pe Allure of the Seas, care era atunci cea mai mare nav\u0103 de pasageri din lume. \u00cen 2018 am participat la training-ul a 2300 de oameni din echipajul navei Symphony of the Seas care este, la momentul actual&#8230; cea mai nav\u0103 de pasageri din lume!<\/div><\/div><br \/>\n<div class=\"clearfix ap-row\"><div class=\"ap_column ap-span2\"><a href=\"https:\/\/cmu-edu.eu\/navigatie\/wp-content\/uploads\/sites\/18\/2020\/06\/tudorica-400.jpg\"><img loading=\"lazy\" decoding=\"async\" class=\"wp-image-453 size-full alignleft\" src=\"https:\/\/cmu-edu.eu\/navigatie\/wp-content\/uploads\/sites\/18\/2020\/06\/tudorica-400.jpg\" alt=\"\" width=\"400\" height=\"400\" \/><\/a><\/div>\n<div class=\"ap_column ap-span4\"><h2>Georgiana Tudorica<\/h2>\n<h3>\u0218ef de Promo\u021bie<\/h3>\n<p>Dup\u0103 ce am absolvit cursurile Facult\u0103\u021bii de Naviga\u021bie, mi-am \u00eenceput perioada de cade\u021bie la Maersk Tankers. Am continuat s\u0103 navig la Maersk Tankers, ca ofi\u021ber III \u0219i II, pe tancuri chimice \u0219i petroliere p\u00e2n\u0103 \u00een anul 2018 c\u00e2nd m-am decis s\u0103 urmez o carier\u0103 la uscat.<\/p>\n<p>Am lucrat ca Vessel Operator, pe partea comercial\u0103, pentru tancuri chimice la Ace Tankers in Amsterdam iar recent am \u00eenceput pe un nou drum, Assistant Marine Superintendent la K Line LNG UK \u00een Londra.<\/p>\n<p>Personal, mi-am dorit \u00eentotdeauna s\u0103 c\u0103l\u0103toresc \u0219i s\u0103 vad lumea, iar cariera de ofiter a fost decizia ce mai bun\u0103 \u00een privin\u021ba asta. De\u0219i am avut multe piedici, fiind o femeie \u00eentr-o lume dominat\u0103 de barba\u021bi, am reu\u0219it s\u0103 r\u0103zbat \u0219i mi-am \u00eemplinit visul. Chiar dac\u0103 partea financiar\u0103 reprezint\u0103 un mare plus, este la fel de important s\u0103 nu fie unica atrac\u021bie.\nPentru a reu\u0219i \u00een acest domeniu este nevoie de pasiune \u0219i recomand actualilor \u0219i viitorilor studen\u021bi s\u0103 \u00eencerce s\u0103 vad\u0103 \u0219i p\u0103r\u021bile pozitive ale navigatului \u0219i s\u0103 se bucure de fiecare r\u0103s\u0103rit \u0219i apus pe mare.<\/p><\/div><\/div><br \/>\n<div class=\"clearfix ap-row\"><div class=\"ap_column ap-span2\"><a href=\"https:\/\/cmu-edu.eu\/navigatie\/wp-content\/uploads\/sites\/18\/2020\/06\/echimov400.jpg\"><img loading=\"lazy\" decoding=\"async\" class=\"wp-image-456 size-full alignleft\" src=\"https:\/\/cmu-edu.eu\/navigatie\/wp-content\/uploads\/sites\/18\/2020\/06\/echimov400.jpg\" alt=\"\" width=\"400\" height=\"400\" \/><\/a><\/div>\n<div class=\"ap_column ap-span4\"><h2>Nina Ehimov<\/h2>\n<p>Am absolvit UMC-ul in 2012 si din 2014 lucrez pe nave de croazier\u0103. Am \u00eenceput ca Ofi\u021ber 3 in 2014, Ofi\u021ber 2 in 2015, Ofi\u021ber 1 din 2016 \u0219i, din Ianuarie 2019, Chief Officer Deck.<\/p>\n<p>\u00cenceputul nu este u\u0219or deloc, t\u0103ria se formeaz\u0103 din mers \u0219i experientele prin care trecem, dar, inainte de toate, cea mai important\u0103 este funda\u021bia, baza cu care pornim la drum. Dac\u0103 e \u0219ubred\u0103, nu poti cl\u0103di ceva rezistent pe ea, \u00eens\u0103 dac\u0103 funda\u021bia e solid\u0103, poti intrece orice limit\u0103. Mul\u021bumirile mele profunde merg c\u0103tre to\u021bi profesorii care pe timpul facult\u0103tii au pus bazele form\u0103rii mele.<\/p>\n<p>Dac\u0103 a\u0219 putea schimba ceva din timpul facult\u0103\u021bii? Mai multe c\u0103r\u021bi citite \u0219i a\u0219 &#8220;deranja&#8221; mai mult profesorii cu \u00eentreb\u0103ri (sunt sigur\u0103 c\u0103 nu s-ar sup\u0103ra). Pe timpul facult\u0103\u021bii era u\u0219or: cursul ne era prezentat \u0219i \u0219tiam c\u0103 urma examenul, ins\u0103 la munc\u0103 se schimb\u0103 situa\u021bia: suntem testa\u021bi, apoi urmeaz\u0103 \u0219i lec\u021bia!<\/div><\/div><br \/>\n<hr class=\"ap-spacing\" style=\"height:10px\"\/><br \/>\n<div class=\"clearfix ap-row\"><div class=\"ap_column ap-span2\"><a href=\"https:\/\/cmu-edu.eu\/navigatie\/wp-content\/uploads\/sites\/18\/2020\/06\/vlaciu400.jpg\"><img loading=\"lazy\" decoding=\"async\" class=\"wp-image-458 size-full alignleft\" src=\"https:\/\/cmu-edu.eu\/navigatie\/wp-content\/uploads\/sites\/18\/2020\/06\/vlaciu400.jpg\" alt=\"\" width=\"400\" height=\"400\" \/><\/a><\/div>\n<div class=\"ap_column ap-span4\"><h2>Victor Vlaciu<\/h2>\n<p>\u00cen 2009, fiind student anul III al Facult\u0103\u021bii UMC \u2013 Facultatea de Naviga\u021bie \u0219i Transport Naval, mi-am facut cadetia o pe nav\u0103 tip tanc petrolier. Dupa absolvire, din 2011, am navigat ca Ofiter 3 p\u00e2n\u0103 \u00een anul 2015 cand am avut posibilitatea de a promova Chief Officer pe Tancuri petroliere. Din anul 2017 sunt Comandant pe o nava tip Offshore &#8211; F. C. B., nav\u0103 de trasfer persoane \u0219i remorcaj portuar pentru o firm\u0103 elve\u021bian\u0103, Offshore Angola.<\/p>\n<p>Mul\u021bumesc Bunului Dumnezeu c\u0103 mi-a \u00eendrumat pa\u0219ii c\u0103tre UMC, unde am cunoscut colegi minuna\u021bi, profesori 100% dedica\u021bi \u0219i implica\u021bi \u00een cre\u0219terea mea universitar\u0103 \u0219i profesional\u0103!\nRecomand Facultatea de Naviga\u021bie \u0219i Transport Naval din UMC &#8211; Sec\u021bia Naviga\u021bie nu doar pentru stereotipul &#8220;meserie b\u0103noas\u0103 &#8220;, ci pentru o carier\u0103 pentru o via\u021b\u0103 \u0219i o multitudine de oportunit\u0103\u021bi.<\/p>\n<p>\u0218i DA &#8211; am reu\u0219it in via\u021ba profesional\u0103, social\u0103 \u0219i de familie \u0219i datorit\u0103 Universit\u0103\u021bii Maritime Constan\u021ba!\nDac\u0103 vrei \u0219i crezi, po\u021bi! Succes UMC-isti !<\/div><\/div><\/p>\n<\/div>\n<hr class=\"ap-spacing\" style=\"height:10px\"\/>\n<div class=\"clearfix ap-row\"><div class=\"ap_column ap-span2\"><h2>Admitere<\/h2>\n<p>Suntem in cel de-al treilea an \u00een care organiz\u0103m \u00eenscrierea online utiliz\u00e2nd un sistem de criptare SSL pe 128 bi\u021bi.\n<div class=\"divider\" style=\"margin-top:2px; margin-bottom:2px; border-top:1px solid #CCCCCC;width:100%\"\/><\/div>\nMai multe informa\u021bii aici: <em><strong><a href=\"https:\/\/admitere.cmu-edu.eu\">https:\/\/admitere.cmu-edu.eu<\/a><\/strong><\/em><\/div>\n<div class=\"ap_column ap-span2\"><h2>Comunicare<\/h2>\n<p>V\u0103 invit\u0103m s\u0103 afla\u021bi detalii \u015fi nout\u0103\u0163i despre activit\u0103\u021bile noastre pe pagina de Facebook:\n<div class=\"divider\" style=\"margin-top:2px; margin-bottom:2px; border-top:1px solid #CCCCCC;width:100%\"\/><\/div>\n<strong><em><a href=\"https:\/\/www.facebook.com\/NavigatieUMC\">Facebook<\/a><\/em><\/strong><\/div>\n<div class=\"ap_column ap-span2\"><h2>Contact<\/h2>\n<ul class=\"lista-doi\">\n<li>CONTACT<\/li>\n<li>E-mail: bcc@cmu-edu.eu<\/li>\n<li>Tel: +40241664740<\/li>\n<li>Mircea cel B\u0103tr\u00e2n, nr 104<\/li>\n<li>Constanta<\/li>\n<\/ul><\/div><\/div>\n","protected":false},"excerpt":{"rendered":"<p>BENEFICII OPORTUNIT\u0102\u021aI DE CARIER\u0102 Absolven\u021bii programului de studii masterale Transport Maritim pot ocupa func\u021bii de ofi\u021ber nivel managerial respectiv c\u0103pitan si comandant de nav\u0103 sau diverse alte posturi \u00een industria maritim\u0103, printre care: Inspector portuar (FSC, PSC etc) Technical Superintendent in industria maritim\u0103 \u0219i Oil and Gas Agent Maritim Marine superintendent Operations manager Ofiter crewing [&hellip;]<\/p>\n","protected":false},"author":4,"featured_media":0,"parent":22,"menu_order":0,"comment_status":"closed","ping_status":"closed","template":"","meta":{"footnotes":""},"class_list":["post-534","page","type-page","status-publish","hentry"],"_links":{"self":[{"href":"https:\/\/cmu-edu.eu\/navigatie\/wp-json\/wp\/v2\/pages\/534","targetHints":{"allow":["GET"]}}],"collection":[{"href":"https:\/\/cmu-edu.eu\/navigatie\/wp-json\/wp\/v2\/pages"}],"about":[{"href":"https:\/\/cmu-edu.eu\/navigatie\/wp-json\/wp\/v2\/types\/page"}],"author":[{"embeddable":true,"href":"https:\/\/cmu-edu.eu\/navigatie\/wp-json\/wp\/v2\/users\/4"}],"replies":[{"embeddable":true,"href":"https:\/\/cmu-edu.eu\/navigatie\/wp-json\/wp\/v2\/comments?post=534"}],"version-history":[{"count":12,"href":"https:\/\/cmu-edu.eu\/navigatie\/wp-json\/wp\/v2\/pages\/534\/revisions"}],"predecessor-version":[{"id":1696,"href":"https:\/\/cmu-edu.eu\/navigatie\/wp-json\/wp\/v2\/pages\/534\/revisions\/1696"}],"up":[{"embeddable":true,"href":"https:\/\/cmu-edu.eu\/navigatie\/wp-json\/wp\/v2\/pages\/22"}],"wp:attachment":[{"href":"https:\/\/cmu-edu.eu\/navigatie\/wp-json\/wp\/v2\/media?parent=534"}],"curies":[{"name":"wp","href":"https:\/\/api.w.org\/{rel}","templated":true}]}}