{"id":2,"date":"2019-12-04T06:07:01","date_gmt":"2019-12-04T06:07:01","guid":{"rendered":"https:\/\/cmu-edu.eu\/rose-nav\/?page_id=2"},"modified":"2021-07-03T11:19:18","modified_gmt":"2021-07-03T11:19:18","slug":"vino-in-echipa","status":"publish","type":"page","link":"https:\/\/cmu-edu.eu\/rose-nav\/vino-in-echipa\/","title":{"rendered":"Echipa I-Can"},"content":{"rendered":"\t\t<div data-elementor-type=\"wp-page\" data-elementor-id=\"2\" class=\"elementor elementor-2\">\n\t\t\t\t\t\t<section class=\"elementor-section elementor-top-section elementor-element elementor-element-2fe2918 elementor-section-boxed elementor-section-height-default elementor-section-height-default\" data-id=\"2fe2918\" data-element_type=\"section\" data-e-type=\"section\">\n\t\t\t\t\t\t<div class=\"elementor-container elementor-column-gap-default\">\n\t\t\t\t\t<div class=\"elementor-column elementor-col-100 elementor-top-column elementor-element elementor-element-5083c07\" data-id=\"5083c07\" data-element_type=\"column\" data-e-type=\"column\">\n\t\t\t<div class=\"elementor-widget-wrap elementor-element-populated\">\n\t\t\t\t\t\t<div class=\"elementor-element elementor-element-00aae45 elementor-widget elementor-widget-heading\" data-id=\"00aae45\" data-element_type=\"widget\" data-e-type=\"widget\" data-widget_type=\"heading.default\">\n\t\t\t\t<div class=\"elementor-widget-container\">\n\t\t\t\t\t<h1 class=\"elementor-heading-title elementor-size-default\">Echipa I-Can<\/h1>\t\t\t\t<\/div>\n\t\t\t\t<\/div>\n\t\t\t\t<div class=\"elementor-element elementor-element-3512e01 elementor-widget elementor-widget-spacer\" data-id=\"3512e01\" data-element_type=\"widget\" data-e-type=\"widget\" data-widget_type=\"spacer.default\">\n\t\t\t\t<div class=\"elementor-widget-container\">\n\t\t\t\t\t\t\t<div class=\"elementor-spacer\">\n\t\t\t<div class=\"elementor-spacer-inner\"><\/div>\n\t\t<\/div>\n\t\t\t\t\t\t<\/div>\n\t\t\t\t<\/div>\n\t\t\t\t<div class=\"elementor-element elementor-element-8dcd6b7 elementor-widget elementor-widget-heading\" data-id=\"8dcd6b7\" data-element_type=\"widget\" data-e-type=\"widget\" data-widget_type=\"heading.default\">\n\t\t\t\t<div class=\"elementor-widget-container\">\n\t\t\t\t\t<h2 class=\"elementor-heading-title elementor-size-default\"><a href=\"https:\/\/cmu-edu.eu\/rose-nav\/membri\/\">Consilieri Individuali<\/a><\/h2>\t\t\t\t<\/div>\n\t\t\t\t<\/div>\n\t\t\t\t\t<\/div>\n\t\t<\/div>\n\t\t\t\t\t<\/div>\n\t\t<\/section>\n\t\t\t\t<section class=\"elementor-section elementor-top-section elementor-element elementor-element-2015d15 elementor-section-boxed elementor-section-height-default elementor-section-height-default\" data-id=\"2015d15\" data-element_type=\"section\" data-e-type=\"section\">\n\t\t\t\t\t\t<div class=\"elementor-container elementor-column-gap-default\">\n\t\t\t\t\t<div class=\"elementor-column elementor-col-100 elementor-top-column elementor-element elementor-element-fd4e12a\" data-id=\"fd4e12a\" data-element_type=\"column\" data-e-type=\"column\">\n\t\t\t<div class=\"elementor-widget-wrap elementor-element-populated\">\n\t\t\t\t\t\t<div class=\"elementor-element elementor-element-2c3953e elementor-widget elementor-widget-text-editor\" data-id=\"2c3953e\" data-element_type=\"widget\" data-e-type=\"widget\" data-widget_type=\"text-editor.default\">\n\t\t\t\t<div class=\"elementor-widget-container\">\n\t\t\t\t\t\t\t\t\t<h3>C\u0103rare M\u0103d\u0103lina<\/h3>\n<h3>Lica Mariana-S\u0103ndica<\/h3>\n<h3>Ilie Ana Lavania<\/h3>\n<h3>Menlivuap Fulia Elmaz<\/h3>\n<h3>Roxana-Elena Iancu<\/h3>\n<h3>Sp\u00eenu Iarina-Maria<\/h3>\n<h3>Miahi Enache<\/h3>\n<h3>Andreea Gorea<\/h3>\n<h3>Paraschiv Bogdan-<\/h3>\n<h3>Iulian Adrian Sar\u0103u<\/h3>\t\t\t\t\t\t\t\t<\/div>\n\t\t\t\t<\/div>\n\t\t\t\t\t<\/div>\n\t\t<\/div>\n\t\t\t\t\t<\/div>\n\t\t<\/section>\n\t\t\t\t<section class=\"elementor-section elementor-top-section elementor-element elementor-element-088d3fb elementor-section-boxed elementor-section-height-default elementor-section-height-default\" data-id=\"088d3fb\" data-element_type=\"section\" data-e-type=\"section\">\n\t\t\t\t\t\t<div class=\"elementor-container elementor-column-gap-default\">\n\t\t\t\t\t<div class=\"elementor-column elementor-col-100 elementor-top-column elementor-element elementor-element-9b29737\" data-id=\"9b29737\" data-element_type=\"column\" data-e-type=\"column\">\n\t\t\t<div class=\"elementor-widget-wrap elementor-element-populated\">\n\t\t\t\t\t\t<div class=\"elementor-element elementor-element-a3c2be6 elementor-widget-divider--view-line elementor-widget elementor-widget-divider\" data-id=\"a3c2be6\" data-element_type=\"widget\" data-e-type=\"widget\" data-widget_type=\"divider.default\">\n\t\t\t\t<div class=\"elementor-widget-container\">\n\t\t\t\t\t\t\t<div class=\"elementor-divider\">\n\t\t\t<span class=\"elementor-divider-separator\">\n\t\t\t\t\t\t<\/span>\n\t\t<\/div>\n\t\t\t\t\t\t<\/div>\n\t\t\t\t<\/div>\n\t\t\t\t<div class=\"elementor-element elementor-element-0460ffc elementor-widget elementor-widget-heading\" data-id=\"0460ffc\" data-element_type=\"widget\" data-e-type=\"widget\" data-widget_type=\"heading.default\">\n\t\t\t\t<div class=\"elementor-widget-container\">\n\t\t\t\t\t<h2 class=\"elementor-heading-title elementor-size-default\"><a href=\"https:\/\/cmu-edu.eu\/rose-nav\/it-team\/\">IT - Team<\/a><\/h2>\t\t\t\t<\/div>\n\t\t\t\t<\/div>\n\t\t\t\t<div class=\"elementor-element elementor-element-fd654c6 elementor-widget elementor-widget-text-editor\" data-id=\"fd654c6\" data-element_type=\"widget\" data-e-type=\"widget\" data-widget_type=\"text-editor.default\">\n\t\t\t\t<div class=\"elementor-widget-container\">\n\t\t\t\t\t\t\t\t\t<h3>Cujb\u0103 Bogdan<\/h3>\n<h3>Mihalache Sabin-Ionu\u021b<\/h3>\n<h3>Andreea Ungureanu<\/h3>\n<h3>Pererva Andrei<\/h3>\t\t\t\t\t\t\t\t<\/div>\n\t\t\t\t<\/div>\n\t\t\t\t<div class=\"elementor-element elementor-element-a5fb979 elementor-widget-divider--view-line elementor-widget elementor-widget-divider\" data-id=\"a5fb979\" data-element_type=\"widget\" data-e-type=\"widget\" data-widget_type=\"divider.default\">\n\t\t\t\t<div class=\"elementor-widget-container\">\n\t\t\t\t\t\t\t<div class=\"elementor-divider\">\n\t\t\t<span class=\"elementor-divider-separator\">\n\t\t\t\t\t\t<\/span>\n\t\t<\/div>\n\t\t\t\t\t\t<\/div>\n\t\t\t\t<\/div>\n\t\t\t\t<div class=\"elementor-element elementor-element-cff04c7 elementor-widget elementor-widget-heading\" data-id=\"cff04c7\" data-element_type=\"widget\" data-e-type=\"widget\" data-widget_type=\"heading.default\">\n\t\t\t\t<div class=\"elementor-widget-container\">\n\t\t\t\t\t<h2 class=\"elementor-heading-title elementor-size-default\"><a href=\"https:\/\/cmu-edu.eu\/rose-nav\/tutori\/\">Tutori<\/a><\/h2>\t\t\t\t<\/div>\n\t\t\t\t<\/div>\n\t\t\t\t<div class=\"elementor-element elementor-element-edff5fb elementor-widget elementor-widget-text-editor\" data-id=\"edff5fb\" data-element_type=\"widget\" data-e-type=\"widget\" data-widget_type=\"text-editor.default\">\n\t\t\t\t<div class=\"elementor-widget-container\">\n\t\t\t\t\t\t\t\t\t<h3>Lector Univ. Dr. Leti\u021bia Ion<\/h3>\n<h3>Lector Univ. Dr. Floren\u021ba Memet<\/h3>\n<h3>Lector Univ. Dr. Sabina Z\u0103gan<\/h3>\n<h3>S.L. Dr. Gabriela Andrei<\/h3>\t\t\t\t\t\t\t\t<\/div>\n\t\t\t\t<\/div>\n\t\t\t\t<div class=\"elementor-element elementor-element-408b1c8 elementor-widget-divider--view-line elementor-widget elementor-widget-divider\" data-id=\"408b1c8\" data-element_type=\"widget\" data-e-type=\"widget\" data-widget_type=\"divider.default\">\n\t\t\t\t<div class=\"elementor-widget-container\">\n\t\t\t\t\t\t\t<div class=\"elementor-divider\">\n\t\t\t<span class=\"elementor-divider-separator\">\n\t\t\t\t\t\t<\/span>\n\t\t<\/div>\n\t\t\t\t\t\t<\/div>\n\t\t\t\t<\/div>\n\t\t\t\t<div class=\"elementor-element elementor-element-b8b7caf elementor-widget elementor-widget-heading\" data-id=\"b8b7caf\" data-element_type=\"widget\" data-e-type=\"widget\" data-widget_type=\"heading.default\">\n\t\t\t\t<div class=\"elementor-widget-container\">\n\t\t\t\t\t<h2 class=\"elementor-heading-title elementor-size-default\"><a href=\"https:\/\/cmu-edu.eu\/rose-nav\/vino-in-echipa\/indrumatori-de-an\/\">Indrumatori de An<\/a><\/h2>\t\t\t\t<\/div>\n\t\t\t\t<\/div>\n\t\t\t\t<div class=\"elementor-element elementor-element-c21ad82 elementor-widget elementor-widget-text-editor\" data-id=\"c21ad82\" data-element_type=\"widget\" data-e-type=\"widget\" data-widget_type=\"text-editor.default\">\n\t\t\t\t<div class=\"elementor-widget-container\">\n\t\t\t\t\t\t\t\t\t<h3>Sl. Dr. Ing. Elena Nedelcu<\/h3>\n<h3>Conf. Univ. Dr. Radu Hanzu<\/h3>\n<h3>Conf. Univ. Dr. Corina Varsami<\/h3>\n<h3>Consilier educational Lumini\u021ba Stan<\/h3>\t\t\t\t\t\t\t\t<\/div>\n\t\t\t\t<\/div>\n\t\t\t\t<div class=\"elementor-element elementor-element-a321ee5 elementor-widget-divider--view-line elementor-widget elementor-widget-divider\" data-id=\"a321ee5\" data-element_type=\"widget\" data-e-type=\"widget\" data-widget_type=\"divider.default\">\n\t\t\t\t<div class=\"elementor-widget-container\">\n\t\t\t\t\t\t\t<div class=\"elementor-divider\">\n\t\t\t<span class=\"elementor-divider-separator\">\n\t\t\t\t\t\t<\/span>\n\t\t<\/div>\n\t\t\t\t\t\t<\/div>\n\t\t\t\t<\/div>\n\t\t\t\t<div class=\"elementor-element elementor-element-7f93181 elementor-widget elementor-widget-heading\" data-id=\"7f93181\" data-element_type=\"widget\" data-e-type=\"widget\" data-widget_type=\"heading.default\">\n\t\t\t\t<div class=\"elementor-widget-container\">\n\t\t\t\t\t<h2 class=\"elementor-heading-title elementor-size-default\"><a href=\"https:\/\/cmu-edu.eu\/rose-nav\/campanie-constientizare\/\">Coordonator Campanie Con\u0219tientizare<\/a><\/h2>\t\t\t\t<\/div>\n\t\t\t\t<\/div>\n\t\t\t\t<div class=\"elementor-element elementor-element-de5a1ed elementor-widget elementor-widget-text-editor\" data-id=\"de5a1ed\" data-element_type=\"widget\" data-e-type=\"widget\" data-widget_type=\"text-editor.default\">\n\t\t\t\t<div class=\"elementor-widget-container\">\n\t\t\t\t\t\t\t\t\t<h3>Lector Univ. Dr. Alina Bo\u0219tin\u0103<\/h3>\n<h3>\u0218ef Lucr\u0103ri Dr. Andreea Jenaru<\/h3>\t\t\t\t\t\t\t\t<\/div>\n\t\t\t\t<\/div>\n\t\t\t\t<div class=\"elementor-element elementor-element-88d40e7 elementor-widget-divider--view-line elementor-widget elementor-widget-divider\" data-id=\"88d40e7\" data-element_type=\"widget\" data-e-type=\"widget\" data-widget_type=\"divider.default\">\n\t\t\t\t<div class=\"elementor-widget-container\">\n\t\t\t\t\t\t\t<div class=\"elementor-divider\">\n\t\t\t<span class=\"elementor-divider-separator\">\n\t\t\t\t\t\t<\/span>\n\t\t<\/div>\n\t\t\t\t\t\t<\/div>\n\t\t\t\t<\/div>\n\t\t\t\t<div class=\"elementor-element elementor-element-6f39c06 elementor-widget elementor-widget-heading\" data-id=\"6f39c06\" data-element_type=\"widget\" data-e-type=\"widget\" data-widget_type=\"heading.default\">\n\t\t\t\t<div class=\"elementor-widget-container\">\n\t\t\t\t\t<h2 class=\"elementor-heading-title elementor-size-default\"><a href=\"https:\/\/cmu-edu.eu\/rose-nav\/responsabil-grup-studenti\/\">Responsabil Grup - Studen\u021bi<\/a><\/h2>\t\t\t\t<\/div>\n\t\t\t\t<\/div>\n\t\t\t\t<div class=\"elementor-element elementor-element-fa2dd01 elementor-widget elementor-widget-text-editor\" data-id=\"fa2dd01\" data-element_type=\"widget\" data-e-type=\"widget\" data-widget_type=\"text-editor.default\">\n\t\t\t\t<div class=\"elementor-widget-container\">\n\t\t\t\t\t\t\t\t\t<h3>Alina Bichilie<\/h3>\t\t\t\t\t\t\t\t<\/div>\n\t\t\t\t<\/div>\n\t\t\t\t<div class=\"elementor-element elementor-element-d884162 elementor-widget-divider--view-line elementor-widget elementor-widget-divider\" data-id=\"d884162\" data-element_type=\"widget\" data-e-type=\"widget\" data-widget_type=\"divider.default\">\n\t\t\t\t<div class=\"elementor-widget-container\">\n\t\t\t\t\t\t\t<div class=\"elementor-divider\">\n\t\t\t<span class=\"elementor-divider-separator\">\n\t\t\t\t\t\t<\/span>\n\t\t<\/div>\n\t\t\t\t\t\t<\/div>\n\t\t\t\t<\/div>\n\t\t\t\t<div class=\"elementor-element elementor-element-a041b4c elementor-widget elementor-widget-heading\" data-id=\"a041b4c\" data-element_type=\"widget\" data-e-type=\"widget\" data-widget_type=\"heading.default\">\n\t\t\t\t<div class=\"elementor-widget-container\">\n\t\t\t\t\t<h2 class=\"elementor-heading-title elementor-size-default\"><a href=\"https:\/\/cmu-edu.eu\/rose-nav\/responsabil-grup-studenti\/\">Manager de Proiect<\/a><\/h2>\t\t\t\t<\/div>\n\t\t\t\t<\/div>\n\t\t\t\t<div class=\"elementor-element elementor-element-62b571a elementor-widget elementor-widget-text-editor\" data-id=\"62b571a\" data-element_type=\"widget\" data-e-type=\"widget\" data-widget_type=\"text-editor.default\">\n\t\t\t\t<div class=\"elementor-widget-container\">\n\t\t\t\t\t\t\t\t\t<h3>\u0218ef Lucr\u0103ri Dr. Ing. Alina Busl\u0103<\/h3>\n<h3>Conf. Univ. Dr. Nicoleta Acomi<\/h3>\t\t\t\t\t\t\t\t<\/div>\n\t\t\t\t<\/div>\n\t\t\t\t<div class=\"elementor-element elementor-element-035c5fd elementor-widget-divider--view-line elementor-widget elementor-widget-divider\" data-id=\"035c5fd\" data-element_type=\"widget\" data-e-type=\"widget\" data-widget_type=\"divider.default\">\n\t\t\t\t<div class=\"elementor-widget-container\">\n\t\t\t\t\t\t\t<div class=\"elementor-divider\">\n\t\t\t<span class=\"elementor-divider-separator\">\n\t\t\t\t\t\t<\/span>\n\t\t<\/div>\n\t\t\t\t\t\t<\/div>\n\t\t\t\t<\/div>\n\t\t\t\t<div class=\"elementor-element elementor-element-5c55198 elementor-widget elementor-widget-heading\" data-id=\"5c55198\" data-element_type=\"widget\" data-e-type=\"widget\" data-widget_type=\"heading.default\">\n\t\t\t\t<div class=\"elementor-widget-container\">\n\t\t\t\t\t<h2 class=\"elementor-heading-title elementor-size-default\"><a href=\"https:\/\/cmu-edu.eu\/rose-nav\/responsabil-grup-studenti\/\">Studen\u021bi<\/a><\/h2>\t\t\t\t<\/div>\n\t\t\t\t<\/div>\n\t\t\t\t<div class=\"elementor-element elementor-element-67e30c9 elementor-widget elementor-widget-text-editor\" data-id=\"67e30c9\" data-element_type=\"widget\" data-e-type=\"widget\" data-widget_type=\"text-editor.default\">\n\t\t\t\t<div class=\"elementor-widget-container\">\n\t\t\t\t\t\t\t\t\t<h3>Ionescu \u0218tefan Andrei<\/h3>\n<h3>Gheorghe Alexandra Denisa<\/h3>\n<h3>Nicola Alexandru Viorel<\/h3>\n<h3>B\u00eez\u00eeiac R\u0103zvan Iulian<\/h3>\n<h3>Ionescu Iustin Valentin<\/h3>\n<h3>B\u0103l\u021batu Cosmin Gabriel<\/h3>\n<h3>Fronea Eduard Teodor<\/h3>\n<h3>Olaru Cosmin Gabriel<\/h3>\n<h3>Neagoe Denis Ionu\u021b<\/h3>\n<h3>Popa Ionu\u021b Aurelian<\/h3>\n<h3>Dinu Lauren\u021biu<\/h3>\n<h3>Florentin, P\u00eervu Andrei<\/h3>\n<h3>Cre\u021bu Rare\u0219 Mihai<\/h3>\n<h3>Stoian Dorinel Costin<\/h3>\n<h3>Ionic\u0103 Andrei Alexandru<\/h3>\n<h3>Re\u0219it Endis<\/h3>\n<h3>Sp\u00eenu Iarina Maria<\/h3>\n<h3>Chivulescu Bogdan Florin, Bucur Ana-Maria<\/h3>\n<h3>Doroftei Gabriel Andrei<\/h3>\n<h3>Buescu Valeriu Andrei<\/h3>\n<h3>Sterian George Cristian<\/h3>\n<h3>Radu Adrian Mihai<\/h3>\n<h3>Barancean Marius<\/h3>\n<h3>Zibliuc Petru<\/h3>\n<h3>Dedov Dan<\/h3>\n<h3>Boidak Mikhaela<\/h3>\n<h3>Subaci Dorin<\/h3>\n<h3>Ungureanu Alexandra<\/h3>\n<h3>St\u0103tioiu Ionu\u021b Sebastian<\/h3>\n<h3>Costea Alexandru Iulian<\/h3>\n<h3>Vintil\u0103 M\u0103d\u0103lin<\/h3>\n<h3>Blan\u0103 Andrei Claudiu<\/h3>\n<h3>Focu\u021b\u0103 Andrei Ionu\u021b<\/h3>\n<h3>Chiper Roxana Gabriela<\/h3>\n<h3>Toader R\u0103zvan Cristian<\/h3>\n<h3>M\u00eenicariu Claudiu Mih\u0103i\u021b\u0103<\/h3>\n<h3>Leonte Remus Gabriel<\/h3>\n<h3>Carablut Andrei<\/h3>\n<h3>Popa Manuel Ionu\u021b<\/h3>\n<h3>Dragnea Daniel Cristian<\/h3>\n<h3>V\u00een\u0103 Andreea Mihaela<\/h3>\n<h3>Gheorghe Lauren\u021biu<\/h3>\n<h3>Cojocaru Alin<\/h3>\n<h3>Barbos Oleg<\/h3>\n<h3>Dragomir Maria Roxana<\/h3>\n<h3>Cre\u021bu Elena Loredana<\/h3>\n<h3>Baciu Florentina<\/h3>\n<h3>Avram Andrei<\/h3>\n<h3>Voicu Bianca Mihaela<\/h3>\t\t\t\t\t\t\t\t<\/div>\n\t\t\t\t<\/div>\n\t\t\t\t\t<\/div>\n\t\t<\/div>\n\t\t\t\t\t<\/div>\n\t\t<\/section>\n\t\t\t\t<\/div>\n\t\t","protected":false},"excerpt":{"rendered":"<p>Echipa I-Can Consilieri Individuali C\u0103rare M\u0103d\u0103lina Lica Mariana-S\u0103ndica Ilie Ana Lavania Menlivuap Fulia Elmaz Roxana-Elena Iancu Sp\u00eenu Iarina-Maria Miahi Enache Andreea Gorea Paraschiv Bogdan- Iulian Adrian Sar\u0103u IT &#8211; Team Cujb\u0103 Bogdan Mihalache Sabin-Ionu\u021b Andreea Ungureanu Pererva Andrei Tutori Lector Univ. Dr. Leti\u021bia Ion Lector Univ. Dr. Floren\u021ba Memet Lector Univ. Dr. Sabina Z\u0103gan S.L. [&hellip;]<\/p>\n","protected":false},"author":5,"featured_media":0,"parent":0,"menu_order":0,"comment_status":"closed","ping_status":"open","template":"","meta":{"footnotes":""},"class_list":["post-2","page","type-page","status-publish","hentry"],"_links":{"self":[{"href":"https:\/\/cmu-edu.eu\/rose-nav\/wp-json\/wp\/v2\/pages\/2","targetHints":{"allow":["GET"]}}],"collection":[{"href":"https:\/\/cmu-edu.eu\/rose-nav\/wp-json\/wp\/v2\/pages"}],"about":[{"href":"https:\/\/cmu-edu.eu\/rose-nav\/wp-json\/wp\/v2\/types\/page"}],"author":[{"embeddable":true,"href":"https:\/\/cmu-edu.eu\/rose-nav\/wp-json\/wp\/v2\/users\/5"}],"replies":[{"embeddable":true,"href":"https:\/\/cmu-edu.eu\/rose-nav\/wp-json\/wp\/v2\/comments?post=2"}],"version-history":[{"count":37,"href":"https:\/\/cmu-edu.eu\/rose-nav\/wp-json\/wp\/v2\/pages\/2\/revisions"}],"predecessor-version":[{"id":703,"href":"https:\/\/cmu-edu.eu\/rose-nav\/wp-json\/wp\/v2\/pages\/2\/revisions\/703"}],"wp:attachment":[{"href":"https:\/\/cmu-edu.eu\/rose-nav\/wp-json\/wp\/v2\/media?parent=2"}],"curies":[{"name":"wp","href":"https:\/\/api.w.org\/{rel}","templated":true}]}}