{"id":296,"date":"2020-02-17T10:10:56","date_gmt":"2020-02-17T10:10:56","guid":{"rendered":"https:\/\/cmu-edu.eu\/rose-nav\/?page_id=296"},"modified":"2021-07-03T11:23:46","modified_gmt":"2021-07-03T11:23:46","slug":"tutori","status":"publish","type":"page","link":"https:\/\/cmu-edu.eu\/rose-nav\/tutori\/","title":{"rendered":"Tutori"},"content":{"rendered":"\t\t<div data-elementor-type=\"wp-page\" data-elementor-id=\"296\" class=\"elementor elementor-296\">\n\t\t\t\t\t\t<section class=\"elementor-section elementor-top-section elementor-element elementor-element-3433dff elementor-section-boxed elementor-section-height-default elementor-section-height-default\" data-id=\"3433dff\" data-element_type=\"section\" data-e-type=\"section\">\n\t\t\t\t\t\t<div class=\"elementor-container elementor-column-gap-default\">\n\t\t\t\t\t<div class=\"elementor-column elementor-col-100 elementor-top-column elementor-element elementor-element-5dd8c29\" data-id=\"5dd8c29\" data-element_type=\"column\" data-e-type=\"column\">\n\t\t\t<div class=\"elementor-widget-wrap elementor-element-populated\">\n\t\t\t\t\t\t<div class=\"elementor-element elementor-element-46a0878 elementor-widget elementor-widget-heading\" data-id=\"46a0878\" data-element_type=\"widget\" data-e-type=\"widget\" data-widget_type=\"heading.default\">\n\t\t\t\t<div class=\"elementor-widget-container\">\n\t\t\t\t\t<h1 class=\"elementor-heading-title elementor-size-default\">Tutori<\/h1>\t\t\t\t<\/div>\n\t\t\t\t<\/div>\n\t\t\t\t<div class=\"elementor-element elementor-element-7786488 elementor-widget elementor-widget-heading\" data-id=\"7786488\" data-element_type=\"widget\" data-e-type=\"widget\" data-widget_type=\"heading.default\">\n\t\t\t\t<div class=\"elementor-widget-container\">\n\t\t\t\t\t<h2 class=\"elementor-heading-title elementor-size-default\">Lector Univ. Dr. Leti\u021bia Ion<\/h2>\t\t\t\t<\/div>\n\t\t\t\t<\/div>\n\t\t\t\t\t<\/div>\n\t\t<\/div>\n\t\t\t\t\t<\/div>\n\t\t<\/section>\n\t\t\t\t<section class=\"elementor-section elementor-top-section elementor-element elementor-element-a68f48e elementor-section-boxed elementor-section-height-default elementor-section-height-default\" data-id=\"a68f48e\" data-element_type=\"section\" data-e-type=\"section\">\n\t\t\t\t\t\t<div class=\"elementor-container elementor-column-gap-default\">\n\t\t\t\t\t<div class=\"elementor-column elementor-col-50 elementor-top-column elementor-element elementor-element-37033c3\" data-id=\"37033c3\" data-element_type=\"column\" data-e-type=\"column\">\n\t\t\t<div class=\"elementor-widget-wrap elementor-element-populated\">\n\t\t\t\t\t\t<div class=\"elementor-element elementor-element-5360a6e elementor-widget elementor-widget-image\" data-id=\"5360a6e\" data-element_type=\"widget\" data-e-type=\"widget\" data-widget_type=\"image.default\">\n\t\t\t\t<div class=\"elementor-widget-container\">\n\t\t\t\t\t\t\t\t\t\t\t\t\t\t\t<img fetchpriority=\"high\" decoding=\"async\" width=\"240\" height=\"308\" src=\"https:\/\/cmu-edu.eu\/rose-nav\/wp-content\/uploads\/sites\/24\/2020\/02\/Letitia-Ion.png\" class=\"attachment-1536x1536 size-1536x1536 wp-image-248\" alt=\"\" \/>\t\t\t\t\t\t\t\t\t\t\t\t\t\t\t<\/div>\n\t\t\t\t<\/div>\n\t\t\t\t\t<\/div>\n\t\t<\/div>\n\t\t\t\t<div class=\"elementor-column elementor-col-50 elementor-top-column elementor-element elementor-element-15df5f0\" data-id=\"15df5f0\" data-element_type=\"column\" data-e-type=\"column\">\n\t\t\t<div class=\"elementor-widget-wrap elementor-element-populated\">\n\t\t\t\t\t\t<div class=\"elementor-element elementor-element-8feab1a elementor-widget elementor-widget-text-editor\" data-id=\"8feab1a\" data-element_type=\"widget\" data-e-type=\"widget\" data-widget_type=\"text-editor.default\">\n\t\t\t\t<div class=\"elementor-widget-container\">\n\t\t\t\t\t\t\t\t\t<p>Dragi studen\u021bi,<\/p>\n<p>M\u0103 numesc Leti\u021bia Ion, am absolvit Facultatea de Matematic\u0103 \u0219i \u0218tiin\u021be Economice, specializarea Matematic\u0103 \u2013 Fizic\u0103 \u0219i sunt membru al Catedrei de \u0218tiin\u021be Matematice \u0219i Umaniste. De-a lungul carierei, am predat cursuri \u0219i seminarii de Algebr\u0103, Geometrie Analitic\u0103 \u0219i diferen\u021bial\u0103, Matematici Speciale, Metode Numerice, Medii de Calcul Ingineresc, etc.<\/p>\n<p>\u00cen cei peste dou\u0103zeci de ani de carier\u0103 didactic\u0103, \u00een Universitatea Maritim\u0103 Constan\u021ba , ca profesor sau&nbsp; \u00eendrum\u0103tor de an, am cunoscut mul\u021bi tineri, am legat prietenii \u0219i am tr\u0103it experien\u021be unice aproape de ei, am fost martora bucuriilor lor sau a temerilor lor, bucuria reu\u0219itei unui examen sau triste\u021bea e\u0219ecului, entuziasmul primului voiaj, dezam\u0103girea primului refuz al viitoarei cariere\u2026ne\u00eencrederea \u00een propriile puteri de a r\u0103zbate..&nbsp;<span style=\"font-size: 15px\">\u00cen cele mai multe cazuri povestea avea un final fericit.<\/span><\/p>\n<p>M-am al\u0103turat proiectului ROSE, ca tutore, pentru acest motiv, ca pove\u0219tile cu final fericit s\u0103 devin\u0103 o normalitate \u0219i voi, cei tineri, prin care noi vedem viitorul, s\u0103 ne&nbsp; oferi\u021bi \u0219ansa de a v\u0103 fi martori \u00een drumul vostru spre maturitate, de a v\u0103 putea \u00eenlesni acest drum \u0219i de a ne bucura, al\u0103turi de voi de succesele voastre. Acest drum, cu bune \u0219i cu rele, poate fi mai u\u0219or av\u00e2nd un sprijin, un sfat \u0219i un prieten.<\/p>\n<p>Haide\u021bi s\u0103 \u00eencerc\u0103m s\u0103 reu\u0219im \u00eempreun\u0103!<\/p>\t\t\t\t\t\t\t\t<\/div>\n\t\t\t\t<\/div>\n\t\t\t\t\t<\/div>\n\t\t<\/div>\n\t\t\t\t\t<\/div>\n\t\t<\/section>\n\t\t\t\t<section class=\"elementor-section elementor-top-section elementor-element elementor-element-07b89fd elementor-section-boxed elementor-section-height-default elementor-section-height-default\" data-id=\"07b89fd\" data-element_type=\"section\" data-e-type=\"section\">\n\t\t\t\t\t\t<div class=\"elementor-container elementor-column-gap-default\">\n\t\t\t\t\t<div class=\"elementor-column elementor-col-100 elementor-top-column elementor-element elementor-element-8fd384d\" data-id=\"8fd384d\" data-element_type=\"column\" data-e-type=\"column\">\n\t\t\t<div class=\"elementor-widget-wrap elementor-element-populated\">\n\t\t\t\t\t\t<div class=\"elementor-element elementor-element-239d621 elementor-widget-divider--view-line elementor-widget elementor-widget-divider\" data-id=\"239d621\" data-element_type=\"widget\" data-e-type=\"widget\" data-widget_type=\"divider.default\">\n\t\t\t\t<div class=\"elementor-widget-container\">\n\t\t\t\t\t\t\t<div class=\"elementor-divider\">\n\t\t\t<span class=\"elementor-divider-separator\">\n\t\t\t\t\t\t<\/span>\n\t\t<\/div>\n\t\t\t\t\t\t<\/div>\n\t\t\t\t<\/div>\n\t\t\t\t<div class=\"elementor-element elementor-element-1b130a4 elementor-widget elementor-widget-heading\" data-id=\"1b130a4\" data-element_type=\"widget\" data-e-type=\"widget\" data-widget_type=\"heading.default\">\n\t\t\t\t<div class=\"elementor-widget-container\">\n\t\t\t\t\t<h2 class=\"elementor-heading-title elementor-size-default\">Lector Univ. Dr. Floren\u021ba Memet<\/h2>\t\t\t\t<\/div>\n\t\t\t\t<\/div>\n\t\t\t\t\t<\/div>\n\t\t<\/div>\n\t\t\t\t\t<\/div>\n\t\t<\/section>\n\t\t\t\t<section class=\"elementor-section elementor-top-section elementor-element elementor-element-be27129 elementor-section-boxed elementor-section-height-default elementor-section-height-default\" data-id=\"be27129\" data-element_type=\"section\" data-e-type=\"section\">\n\t\t\t\t\t\t<div class=\"elementor-container elementor-column-gap-default\">\n\t\t\t\t\t<div class=\"elementor-column elementor-col-50 elementor-top-column elementor-element elementor-element-0a00b69\" data-id=\"0a00b69\" data-element_type=\"column\" data-e-type=\"column\">\n\t\t\t<div class=\"elementor-widget-wrap elementor-element-populated\">\n\t\t\t\t\t\t<div class=\"elementor-element elementor-element-e93dc88 elementor-widget elementor-widget-image\" data-id=\"e93dc88\" data-element_type=\"widget\" data-e-type=\"widget\" data-widget_type=\"image.default\">\n\t\t\t\t<div class=\"elementor-widget-container\">\n\t\t\t\t\t\t\t\t\t\t\t\t\t\t\t<img decoding=\"async\" width=\"447\" height=\"559\" src=\"https:\/\/cmu-edu.eu\/rose-nav\/wp-content\/uploads\/sites\/24\/2020\/02\/Florenta-memet1.jpg\" class=\"attachment-large size-large wp-image-262\" alt=\"\" \/>\t\t\t\t\t\t\t\t\t\t\t\t\t\t\t<\/div>\n\t\t\t\t<\/div>\n\t\t\t\t\t<\/div>\n\t\t<\/div>\n\t\t\t\t<div class=\"elementor-column elementor-col-50 elementor-top-column elementor-element elementor-element-e09220a\" data-id=\"e09220a\" data-element_type=\"column\" data-e-type=\"column\">\n\t\t\t<div class=\"elementor-widget-wrap elementor-element-populated\">\n\t\t\t\t\t\t<div class=\"elementor-element elementor-element-bc5464c elementor-widget elementor-widget-text-editor\" data-id=\"bc5464c\" data-element_type=\"widget\" data-e-type=\"widget\" data-widget_type=\"text-editor.default\">\n\t\t\t\t<div class=\"elementor-widget-container\">\n\t\t\t\t\t\t\t\t\t<p>Bun\u0103,<\/p><p>M\u0103 numesc Floren\u021ba Memet \u0219i fac parte din echipa Departamentului de \u0218tiin\u021be Fundamentale \u0219i Umaniste din cadrul Universit\u0103\u021bii Maritime din Constanta de mai mult de 12 ani. Sunt lector universitar doctor \u0219i predau disciplinele de Analiz\u0103 Matematic\u0103, Metode Numerice \u0219i Numerical Methods. M-am al\u0103turat proiectului ROSE \u00een scopul de a ajuta studen\u021bii s\u0103 \u00een\u021beleag\u0103 \u0219i s\u0103 aplice mai bine no\u021biunile de matematic\u0103 de care au nevoie pe mai departe cu ajutorul sesiunilor remediale pe baz\u0103 de module de dezvoltare unde rolul meu este de tutore \u0219i, \u00eempreun\u0103, sper c\u0103 vom descifra mai u\u0219or din necunoscutele matematicii.\u00a0Te a\u0219tept s\u0103 participi activ la ac\u021biunile ce se desf\u0103\u0219oar\u0103 \u00een proiect, s\u0103 \u00eentrebi \u0219i s\u0103 aplici pe mai departe pentru dezvoltarea ta personal\u0103 dar \u0219i profesional\u0103.<\/p><p><a href=\"https:\/\/cmu-edu.eu\/rose-nav\/wp-content\/uploads\/sites\/24\/2020\/02\/CV-EUROPASS-RO-Memet-Florenta-1.pdf\">CV\u00a0 Memet Florenta<\/a><\/p>\t\t\t\t\t\t\t\t<\/div>\n\t\t\t\t<\/div>\n\t\t\t\t\t<\/div>\n\t\t<\/div>\n\t\t\t\t\t<\/div>\n\t\t<\/section>\n\t\t\t\t<section class=\"elementor-section elementor-top-section elementor-element elementor-element-bf9d6e9 elementor-section-boxed elementor-section-height-default elementor-section-height-default\" data-id=\"bf9d6e9\" data-element_type=\"section\" data-e-type=\"section\">\n\t\t\t\t\t\t<div class=\"elementor-container elementor-column-gap-default\">\n\t\t\t\t\t<div class=\"elementor-column elementor-col-100 elementor-top-column elementor-element elementor-element-3c8d201\" data-id=\"3c8d201\" data-element_type=\"column\" data-e-type=\"column\">\n\t\t\t<div class=\"elementor-widget-wrap elementor-element-populated\">\n\t\t\t\t\t\t<div class=\"elementor-element elementor-element-1908f93 elementor-widget-divider--view-line elementor-widget elementor-widget-divider\" data-id=\"1908f93\" data-element_type=\"widget\" data-e-type=\"widget\" data-widget_type=\"divider.default\">\n\t\t\t\t<div class=\"elementor-widget-container\">\n\t\t\t\t\t\t\t<div class=\"elementor-divider\">\n\t\t\t<span class=\"elementor-divider-separator\">\n\t\t\t\t\t\t<\/span>\n\t\t<\/div>\n\t\t\t\t\t\t<\/div>\n\t\t\t\t<\/div>\n\t\t\t\t<div class=\"elementor-element elementor-element-0496346 elementor-widget elementor-widget-heading\" data-id=\"0496346\" data-element_type=\"widget\" data-e-type=\"widget\" data-widget_type=\"heading.default\">\n\t\t\t\t<div class=\"elementor-widget-container\">\n\t\t\t\t\t<h2 class=\"elementor-heading-title elementor-size-default\">Lector Univ. Dr. Sabina Z\u0103gan<\/h2>\t\t\t\t<\/div>\n\t\t\t\t<\/div>\n\t\t\t\t\t<\/div>\n\t\t<\/div>\n\t\t\t\t\t<\/div>\n\t\t<\/section>\n\t\t\t\t<section class=\"elementor-section elementor-top-section elementor-element elementor-element-e10c591 elementor-section-boxed elementor-section-height-default elementor-section-height-default\" data-id=\"e10c591\" data-element_type=\"section\" data-e-type=\"section\">\n\t\t\t\t\t\t<div class=\"elementor-container elementor-column-gap-default\">\n\t\t\t\t\t<div class=\"elementor-column elementor-col-50 elementor-top-column elementor-element elementor-element-1ea2d10\" data-id=\"1ea2d10\" data-element_type=\"column\" data-e-type=\"column\">\n\t\t\t<div class=\"elementor-widget-wrap elementor-element-populated\">\n\t\t\t\t\t\t<div class=\"elementor-element elementor-element-1f9ceb3 elementor-widget elementor-widget-image\" data-id=\"1f9ceb3\" data-element_type=\"widget\" data-e-type=\"widget\" data-widget_type=\"image.default\">\n\t\t\t\t<div class=\"elementor-widget-container\">\n\t\t\t\t\t\t\t\t\t\t\t\t\t\t\t<img decoding=\"async\" width=\"375\" height=\"515\" src=\"https:\/\/cmu-edu.eu\/rose-nav\/wp-content\/uploads\/sites\/24\/2020\/02\/Sabina-Zagan.jpg\" class=\"attachment-large size-large wp-image-273\" alt=\"\" \/>\t\t\t\t\t\t\t\t\t\t\t\t\t\t\t<\/div>\n\t\t\t\t<\/div>\n\t\t\t\t\t<\/div>\n\t\t<\/div>\n\t\t\t\t<div class=\"elementor-column elementor-col-50 elementor-top-column elementor-element elementor-element-9cd87cc\" data-id=\"9cd87cc\" data-element_type=\"column\" data-e-type=\"column\">\n\t\t\t<div class=\"elementor-widget-wrap elementor-element-populated\">\n\t\t\t\t\t\t<div class=\"elementor-element elementor-element-af875d4 elementor-widget elementor-widget-text-editor\" data-id=\"af875d4\" data-element_type=\"widget\" data-e-type=\"widget\" data-widget_type=\"text-editor.default\">\n\t\t\t\t<div class=\"elementor-widget-container\">\n\t\t\t\t\t\t\t\t\t<p>Sunt cadru didactic al Universit\u0103\u021bii Maritime din Constan\u021ba din anul 2005, ca titular la disciplina Chimie. Activitatea didactic\u0103 \u0219i preocuparea continu\u0103 de a transmite cunostin\u021be din acest domeniu este sus\u021binut\u0103 de publicarea unui num\u0103r de 5 c\u0103r\u021bi de specialitate \u0219i \u00eendrumare de laborator, dintre care cele mai apreciate de studen\u021bi sunt: \u00a0\u201e<em>Ape tehnice, combustibili \u015fi lubrifianti navali<\/em>\u201d \u0219i \u201e<em>c<\/em><em>himie general\u0103 \u2013 indrumar de laborator<\/em>\u201d, ambele publicate la Editura Nautica, Constan\u021ba.<\/p><p>De-a lungul anilor petrecu\u021bi la catedr\u0103, cea mai mare provocare a fost cea de a g\u0103si modul cel mai adecvat de transmitere \u0219i \u00een\u021belegere a cuno\u0219tin\u021belor.\u00a0 Astfel, participarea mea ca tutore \u00een acest proiect are un dublu rol. Pe de o parte \u00eemi ofer\u0103 posibilitatea de a lucra direct cu cei care au deficien\u021be de cuno\u0219tin\u021be din liceu \u0219i de a pune bazele chimiei aplicate, \u0219i pe de alt\u0103 parte, de a crea o serie de leg\u0103turi logice \u00eentre cuno\u0219tin\u021bele teoretice \u0219i experimentele practice, f\u0103c\u00e2nd mult mai u\u0219oar\u0103 asimilarea \u0219i re\u021binerea lor. Cred c\u0103 implicarea direct\u0103 in acest proiect va avea ca rezultat cre\u0219terea performan\u021belor cognitive \u0219i a abilit\u0103\u021bilor practice la aceast\u0103 disciplin\u0103.<\/p><p>\u00a0<\/p>\t\t\t\t\t\t\t\t<\/div>\n\t\t\t\t<\/div>\n\t\t\t\t\t<\/div>\n\t\t<\/div>\n\t\t\t\t\t<\/div>\n\t\t<\/section>\n\t\t\t\t<section class=\"elementor-section elementor-top-section elementor-element elementor-element-0b98f8d elementor-section-boxed elementor-section-height-default elementor-section-height-default\" data-id=\"0b98f8d\" data-element_type=\"section\" data-e-type=\"section\">\n\t\t\t\t\t\t<div class=\"elementor-container elementor-column-gap-default\">\n\t\t\t\t\t<div class=\"elementor-column elementor-col-100 elementor-top-column elementor-element elementor-element-3607c77\" data-id=\"3607c77\" data-element_type=\"column\" data-e-type=\"column\">\n\t\t\t<div class=\"elementor-widget-wrap elementor-element-populated\">\n\t\t\t\t\t\t<div class=\"elementor-element elementor-element-939a7f5 elementor-widget-divider--view-line elementor-widget elementor-widget-divider\" data-id=\"939a7f5\" data-element_type=\"widget\" data-e-type=\"widget\" data-widget_type=\"divider.default\">\n\t\t\t\t<div class=\"elementor-widget-container\">\n\t\t\t\t\t\t\t<div class=\"elementor-divider\">\n\t\t\t<span class=\"elementor-divider-separator\">\n\t\t\t\t\t\t<\/span>\n\t\t<\/div>\n\t\t\t\t\t\t<\/div>\n\t\t\t\t<\/div>\n\t\t\t\t<div class=\"elementor-element elementor-element-e196957 elementor-widget elementor-widget-heading\" data-id=\"e196957\" data-element_type=\"widget\" data-e-type=\"widget\" data-widget_type=\"heading.default\">\n\t\t\t\t<div class=\"elementor-widget-container\">\n\t\t\t\t\t<h2 class=\"elementor-heading-title elementor-size-default\">S.L. Dr. Gabriela Andrei<\/h2>\t\t\t\t<\/div>\n\t\t\t\t<\/div>\n\t\t\t\t\t<\/div>\n\t\t<\/div>\n\t\t\t\t\t<\/div>\n\t\t<\/section>\n\t\t\t\t<section class=\"elementor-section elementor-top-section elementor-element elementor-element-0ee7c35 elementor-section-boxed elementor-section-height-default elementor-section-height-default\" data-id=\"0ee7c35\" data-element_type=\"section\" data-e-type=\"section\">\n\t\t\t\t\t\t<div class=\"elementor-container elementor-column-gap-default\">\n\t\t\t\t\t<div class=\"elementor-column elementor-col-50 elementor-top-column elementor-element elementor-element-d454d09\" data-id=\"d454d09\" data-element_type=\"column\" data-e-type=\"column\">\n\t\t\t<div class=\"elementor-widget-wrap elementor-element-populated\">\n\t\t\t\t\t\t<div class=\"elementor-element elementor-element-ac01ea4 elementor-widget elementor-widget-image\" data-id=\"ac01ea4\" data-element_type=\"widget\" data-e-type=\"widget\" data-widget_type=\"image.default\">\n\t\t\t\t<div class=\"elementor-widget-container\">\n\t\t\t\t\t\t\t\t\t\t\t\t\t\t\t<img loading=\"lazy\" decoding=\"async\" width=\"224\" height=\"224\" src=\"https:\/\/cmu-edu.eu\/rose-nav\/wp-content\/uploads\/sites\/24\/2020\/02\/Gabriela_Andrei.jpeg\" class=\"attachment-large size-large wp-image-283\" alt=\"\" \/>\t\t\t\t\t\t\t\t\t\t\t\t\t\t\t<\/div>\n\t\t\t\t<\/div>\n\t\t\t\t\t<\/div>\n\t\t<\/div>\n\t\t\t\t<div class=\"elementor-column elementor-col-50 elementor-top-column elementor-element elementor-element-58d0850\" data-id=\"58d0850\" data-element_type=\"column\" data-e-type=\"column\">\n\t\t\t<div class=\"elementor-widget-wrap elementor-element-populated\">\n\t\t\t\t\t\t<div class=\"elementor-element elementor-element-73449c0 elementor-widget elementor-widget-text-editor\" data-id=\"73449c0\" data-element_type=\"widget\" data-e-type=\"widget\" data-widget_type=\"text-editor.default\">\n\t\t\t\t<div class=\"elementor-widget-container\">\n\t\t\t\t\t\t\t\t\t<p>Bun\u0103 ziua, tinere,<\/p>\n<p>Eu sunt Gabriela Andrei \u0219i fac parte din echipa de cadre didactice a Universit\u0103\u021bii Maritime din Constan\u021ba, activitatea mea desf\u0103\u0219ur\u00e2ndu-se \u00een cadrul disciplinelor informatice.<\/p>\n<p>Pe l\u00e2ng\u0103 activitatea didactic\u0103 din universitate \u0219i \u00een cadrul unor licee const\u0103n\u021bene, unde am \u00eent\u00e2lnit \u0219i cunoscut preocup\u0103rile, viziunea \u0219i &nbsp;interesele tinerilor, am avut \u0219ansa s\u0103 cunosc, prin activitatea de dezvoltare software desf\u0103\u0219urat\u0103, aspecte importante privind modul cum informa\u021bia \u0219i tehnologia modeleaz\u0103 toate aspectele vie\u021bii omului. De asemenea, m-a preocupat \u0219i m\u0103 preocup\u0103 abordarea transdisciplinar\u0103, reg\u0103sirea \u0219i aplicarea unor principii \u00een domenii diferite\u2026<\/p>\n<p>\u00cen cadrul proiectului ROSE, fac parte din echipa de tutori, domeniul meu fiind INFORMATICA. Dorin\u0163a mea este s\u0103 v\u0103 fiu al\u0103turi \u00een \u00een\u021belegerea nevoii de tehnologie, a posibilit\u0103\u021bilor uria\u0219e pe care le creaz\u0103, dar \u0219i a limitetelor \u0219i riscurilor acesteia.<\/p>\n<p>Perioada studen\u021biei este \u00eenc\u0103 o perioad\u0103 de formare \u0219i nu numai \u00een plan profesional\u2026 Exist\u0103 \u00eenc\u0103 \u00eentreb\u0103ri f\u0103r\u0103 r\u0103spunsuri, aspira\u021bii nedefinite, ezit\u0103ri, rezorturi interioare nevalorificate sau poate chiar nedescoperite. Frumuse\u021bea libert\u0103\u021bii \u0219i noble\u021bea responsabilit\u0103\u021bii fac pe om frumos c\u00e2nd sunt gestionate frumos\u2026 \u0218i pentru a dob\u00e2ndi aceast\u0103 \u00een\u021belepciune, ne str\u0103duim, cu to\u021bii, \u00eentreaga viat\u0103. De aceea este important s\u0103 cunoa\u0219tem ce folosim \u0219i cum folosim\u2026<\/p>\n<p>Te a\u015ftept, deci, cu drag, \u00een acest parcurs al cunoa\u0219terii!<\/p><p><a href=\"https:\/\/cmu-edu.eu\/rose-nav\/wp-content\/uploads\/sites\/24\/2020\/02\/CV_Europass_ro_Andrei-Gabriela.pdf\" style=\"font-size: 14px;font-style: normal;font-weight: 400;text-align: start\">CV Europass Andrei Gabriela<\/a><br><\/p>\t\t\t\t\t\t\t\t<\/div>\n\t\t\t\t<\/div>\n\t\t\t\t\t<\/div>\n\t\t<\/div>\n\t\t\t\t\t<\/div>\n\t\t<\/section>\n\t\t\t\t<section class=\"elementor-section elementor-top-section elementor-element elementor-element-6b0a44c elementor-section-boxed elementor-section-height-default elementor-section-height-default\" data-id=\"6b0a44c\" data-element_type=\"section\" data-e-type=\"section\">\n\t\t\t\t\t\t<div class=\"elementor-container elementor-column-gap-default\">\n\t\t\t\t\t<div class=\"elementor-column elementor-col-50 elementor-top-column elementor-element elementor-element-1009664\" data-id=\"1009664\" data-element_type=\"column\" data-e-type=\"column\">\n\t\t\t<div class=\"elementor-widget-wrap\">\n\t\t\t\t\t\t\t<\/div>\n\t\t<\/div>\n\t\t\t\t<div class=\"elementor-column elementor-col-50 elementor-top-column elementor-element elementor-element-818c7bf\" data-id=\"818c7bf\" data-element_type=\"column\" data-e-type=\"column\">\n\t\t\t<div class=\"elementor-widget-wrap\">\n\t\t\t\t\t\t\t<\/div>\n\t\t<\/div>\n\t\t\t\t\t<\/div>\n\t\t<\/section>\n\t\t\t\t<\/div>\n\t\t","protected":false},"excerpt":{"rendered":"<p>Tutori Lector Univ. Dr. Leti\u021bia Ion Dragi studen\u021bi, M\u0103 numesc Leti\u021bia Ion, am absolvit Facultatea de Matematic\u0103 \u0219i \u0218tiin\u021be Economice, specializarea Matematic\u0103 \u2013 Fizic\u0103 \u0219i sunt membru al Catedrei de \u0218tiin\u021be Matematice \u0219i Umaniste. De-a lungul carierei, am predat cursuri \u0219i seminarii de Algebr\u0103, Geometrie Analitic\u0103 \u0219i diferen\u021bial\u0103, Matematici Speciale, Metode Numerice, Medii de Calcul [&hellip;]<\/p>\n","protected":false},"author":15,"featured_media":0,"parent":0,"menu_order":0,"comment_status":"closed","ping_status":"closed","template":"","meta":{"footnotes":""},"class_list":["post-296","page","type-page","status-publish","hentry"],"_links":{"self":[{"href":"https:\/\/cmu-edu.eu\/rose-nav\/wp-json\/wp\/v2\/pages\/296","targetHints":{"allow":["GET"]}}],"collection":[{"href":"https:\/\/cmu-edu.eu\/rose-nav\/wp-json\/wp\/v2\/pages"}],"about":[{"href":"https:\/\/cmu-edu.eu\/rose-nav\/wp-json\/wp\/v2\/types\/page"}],"author":[{"embeddable":true,"href":"https:\/\/cmu-edu.eu\/rose-nav\/wp-json\/wp\/v2\/users\/15"}],"replies":[{"embeddable":true,"href":"https:\/\/cmu-edu.eu\/rose-nav\/wp-json\/wp\/v2\/comments?post=296"}],"version-history":[{"count":20,"href":"https:\/\/cmu-edu.eu\/rose-nav\/wp-json\/wp\/v2\/pages\/296\/revisions"}],"predecessor-version":[{"id":716,"href":"https:\/\/cmu-edu.eu\/rose-nav\/wp-json\/wp\/v2\/pages\/296\/revisions\/716"}],"wp:attachment":[{"href":"https:\/\/cmu-edu.eu\/rose-nav\/wp-json\/wp\/v2\/media?parent=296"}],"curies":[{"name":"wp","href":"https:\/\/api.w.org\/{rel}","templated":true}]}}