{"id":315,"date":"2020-02-17T12:00:18","date_gmt":"2020-02-17T12:00:18","guid":{"rendered":"https:\/\/cmu-edu.eu\/rose-nav\/?page_id=315"},"modified":"2023-07-19T11:23:47","modified_gmt":"2023-07-19T11:23:47","slug":"indrumatori-de-an","status":"publish","type":"page","link":"https:\/\/cmu-edu.eu\/rose-nav\/vino-in-echipa\/indrumatori-de-an\/","title":{"rendered":"\u00cendrum\u0103tori de an"},"content":{"rendered":"\t\t<div data-elementor-type=\"wp-page\" data-elementor-id=\"315\" class=\"elementor elementor-315\">\n\t\t\t\t\t\t<section class=\"elementor-section elementor-top-section elementor-element elementor-element-b078626 elementor-section-boxed elementor-section-height-default elementor-section-height-default\" data-id=\"b078626\" data-element_type=\"section\" data-e-type=\"section\">\n\t\t\t\t\t\t<div class=\"elementor-container elementor-column-gap-default\">\n\t\t\t\t\t<div class=\"elementor-column elementor-col-100 elementor-top-column elementor-element elementor-element-d14de2c\" data-id=\"d14de2c\" data-element_type=\"column\" data-e-type=\"column\">\n\t\t\t<div class=\"elementor-widget-wrap elementor-element-populated\">\n\t\t\t\t\t\t<div class=\"elementor-element elementor-element-7677168 elementor-widget elementor-widget-heading\" data-id=\"7677168\" data-element_type=\"widget\" data-e-type=\"widget\" data-widget_type=\"heading.default\">\n\t\t\t\t<div class=\"elementor-widget-container\">\n\t\t\t\t\t<h1 class=\"elementor-heading-title elementor-size-default\">Indrum\u0103tori de An<\/h1>\t\t\t\t<\/div>\n\t\t\t\t<\/div>\n\t\t\t\t<div class=\"elementor-element elementor-element-f613172 elementor-widget elementor-widget-heading\" data-id=\"f613172\" data-element_type=\"widget\" data-e-type=\"widget\" data-widget_type=\"heading.default\">\n\t\t\t\t<div class=\"elementor-widget-container\">\n\t\t\t\t\t<h2 class=\"elementor-heading-title elementor-size-default\">\u0218l. Dr. Ing. Elena Nedelcu<\/h2>\t\t\t\t<\/div>\n\t\t\t\t<\/div>\n\t\t\t\t\t<\/div>\n\t\t<\/div>\n\t\t\t\t\t<\/div>\n\t\t<\/section>\n\t\t\t\t<section class=\"elementor-section elementor-top-section elementor-element elementor-element-5a3c0fc elementor-section-boxed elementor-section-height-default elementor-section-height-default\" data-id=\"5a3c0fc\" data-element_type=\"section\" data-e-type=\"section\">\n\t\t\t\t\t\t<div class=\"elementor-container elementor-column-gap-default\">\n\t\t\t\t\t<div class=\"elementor-column elementor-col-50 elementor-top-column elementor-element elementor-element-06deab4\" data-id=\"06deab4\" data-element_type=\"column\" data-e-type=\"column\">\n\t\t\t<div class=\"elementor-widget-wrap elementor-element-populated\">\n\t\t\t\t\t\t<div class=\"elementor-element elementor-element-a7c963f elementor-widget elementor-widget-image\" data-id=\"a7c963f\" data-element_type=\"widget\" data-e-type=\"widget\" data-widget_type=\"image.default\">\n\t\t\t\t<div class=\"elementor-widget-container\">\n\t\t\t\t\t\t\t\t\t\t\t\t\t\t\t<img fetchpriority=\"high\" decoding=\"async\" width=\"430\" height=\"607\" src=\"https:\/\/cmu-edu.eu\/rose-nav\/wp-content\/uploads\/sites\/24\/2021\/04\/Nedelcu.jpg\" class=\"attachment-large size-large wp-image-605\" alt=\"\" \/>\t\t\t\t\t\t\t\t\t\t\t\t\t\t\t<\/div>\n\t\t\t\t<\/div>\n\t\t\t\t\t<\/div>\n\t\t<\/div>\n\t\t\t\t<div class=\"elementor-column elementor-col-50 elementor-top-column elementor-element elementor-element-9ae3127\" data-id=\"9ae3127\" data-element_type=\"column\" data-e-type=\"column\">\n\t\t\t<div class=\"elementor-widget-wrap elementor-element-populated\">\n\t\t\t\t\t\t<div class=\"elementor-element elementor-element-7009629 elementor-widget elementor-widget-text-editor\" data-id=\"7009629\" data-element_type=\"widget\" data-e-type=\"widget\" data-widget_type=\"text-editor.default\">\n\t\t\t\t<div class=\"elementor-widget-container\">\n\t\t\t\t\t\t\t\t\t<p class=\"MsoNormal\" style=\"line-height: 150%\"><span lang=\"RO\" style=\"font-size: 12.0pt;line-height: 150%;font-family: 'Arial',sans-serif\">Salut!<\/span><\/p><p class=\"MsoNormal\" style=\"line-height: 150%\"><span lang=\"RO\" style=\"font-size: 12.0pt;line-height: 150%;font-family: 'Arial',sans-serif\">Numele meu este Elena Nedelcu \u0219i sunt absolvent\u0103 a Facult\u0103\u021bii de Electromecanic\u0103 Naval\u0103, \u0219ef de promo\u021bie pentru specializarea Electrotehnic\u0103 General\u0103 \u00een anul 2007.<\/span><\/p><p class=\"MsoNormal\" style=\"line-height: 150%\"><span lang=\"RO\" style=\"font-size: 12.0pt;line-height: 150%;font-family: 'Arial',sans-serif\">Dup\u0103 absolvire mi-am \u00eenceput activitatea ca inginer debutant \u00een cadrul Departamentului de Cercetare \u0219i Programe Europene al Universit\u0103\u021bii Maritime din Constan\u021ba \u0219i ulterior \u00een anul 2008 m-am titularizat, \u00een urma unui concurs, ob\u021bin\u00e2nd func\u021bia de preparator. <\/span><\/p><p class=\"MsoNormal\" style=\"line-height: 150%\"><span lang=\"RO\" style=\"font-size: 12.0pt;line-height: 150%;font-family: 'Arial',sans-serif\">\u00cen prezent fac parte din colectivul de cadre didactice al Departamentului de \u0218tiin\u021be Inginere\u0219ti \u00een Domeniul Electric, ocup func\u021bia de \u0218ef Lucr\u0103ri \u0219i membru \u00een Consiliul Departamentului.<\/span><\/p><p class=\"MsoNormal\" style=\"line-height: 150%\"><span lang=\"RO\" style=\"font-size: 12.0pt;line-height: 150%;font-family: 'Arial',sans-serif\">Calitatea \u0219i exigen\u021ba studiilor efectuate \u00een cadrul facult\u0103\u021bii au reprezentat un adev\u0103rat fundament, ajut\u00e2ndu-m\u0103 s\u0103 performez de-a lungul celor 14 ani de activitate \u00een cadrul universit\u0103\u021bii.<\/span><\/p><p class=\"MsoNormal\" style=\"line-height: 150%\"><span lang=\"RO\" style=\"font-size: 12.0pt;line-height: 150%;font-family: 'Arial',sans-serif\">Am fost implicat\u0103 activ \u00een via\u021ba academic\u0103, particip\u00e2nd \u00een cadrul echipelor de dezvoltare sau a grupurilor \u021bint\u0103 a mai multor proiecte de cercetare, precum \u0219i la organizarea \u0219i desf\u0103\u0219urarea activit\u0103\u021bilor didactice. <\/span><\/p><p class=\"MsoNormal\" style=\"line-height: 150%\"><span lang=\"RO\" style=\"font-size: 12.0pt;line-height: 150%;font-family: 'Arial',sans-serif\">M\u0103 al\u0103tur colegilor mei, \u00een cadrul proiectului ROSE, din dorin\u021ba de a veni \u00een sprijinul studen\u021bilor \u00een identificarea diverselor situa\u021bii \u0219i probleme de natur\u0103 adaptativ\u0103 la via\u021ba academic\u0103 cu care ace\u0219tia se confrunt\u0103 \u0219i \u00eempreun\u0103 s\u0103 g\u0103sim cele mai bune solu\u021bii \u0219i s\u0103 contribuim la dezvoltarea at\u00e2t personal\u0103 c\u00e2t \u0219i profesional\u0103 a studen\u021bilor no\u0219tri.<\/span><\/p>\t\t\t\t\t\t\t\t<\/div>\n\t\t\t\t<\/div>\n\t\t\t\t\t<\/div>\n\t\t<\/div>\n\t\t\t\t\t<\/div>\n\t\t<\/section>\n\t\t\t\t<section class=\"elementor-section elementor-top-section elementor-element elementor-element-a0ce3fb elementor-section-boxed elementor-section-height-default elementor-section-height-default\" data-id=\"a0ce3fb\" data-element_type=\"section\" data-e-type=\"section\">\n\t\t\t\t\t\t<div class=\"elementor-container elementor-column-gap-default\">\n\t\t\t\t\t<div class=\"elementor-column elementor-col-100 elementor-top-column elementor-element elementor-element-d828e4b\" data-id=\"d828e4b\" data-element_type=\"column\" data-e-type=\"column\">\n\t\t\t<div class=\"elementor-widget-wrap elementor-element-populated\">\n\t\t\t\t\t\t<div class=\"elementor-element elementor-element-28753e5 elementor-widget-divider--view-line elementor-widget elementor-widget-divider\" data-id=\"28753e5\" data-element_type=\"widget\" data-e-type=\"widget\" data-widget_type=\"divider.default\">\n\t\t\t\t<div class=\"elementor-widget-container\">\n\t\t\t\t\t\t\t<div class=\"elementor-divider\">\n\t\t\t<span class=\"elementor-divider-separator\">\n\t\t\t\t\t\t<\/span>\n\t\t<\/div>\n\t\t\t\t\t\t<\/div>\n\t\t\t\t<\/div>\n\t\t\t\t<div class=\"elementor-element elementor-element-f83d690 elementor-widget elementor-widget-heading\" data-id=\"f83d690\" data-element_type=\"widget\" data-e-type=\"widget\" data-widget_type=\"heading.default\">\n\t\t\t\t<div class=\"elementor-widget-container\">\n\t\t\t\t\t<h2 class=\"elementor-heading-title elementor-size-default\">Conf. Univ. Dr. Radu Hanzu<\/h2>\t\t\t\t<\/div>\n\t\t\t\t<\/div>\n\t\t\t\t\t<\/div>\n\t\t<\/div>\n\t\t\t\t\t<\/div>\n\t\t<\/section>\n\t\t\t\t<section class=\"elementor-section elementor-top-section elementor-element elementor-element-60b7342 elementor-section-boxed elementor-section-height-default elementor-section-height-default\" data-id=\"60b7342\" data-element_type=\"section\" data-e-type=\"section\">\n\t\t\t\t\t\t<div class=\"elementor-container elementor-column-gap-default\">\n\t\t\t\t\t<div class=\"elementor-column elementor-col-50 elementor-top-column elementor-element elementor-element-ec89831\" data-id=\"ec89831\" data-element_type=\"column\" data-e-type=\"column\">\n\t\t\t<div class=\"elementor-widget-wrap elementor-element-populated\">\n\t\t\t\t\t\t<div class=\"elementor-element elementor-element-afd4784 elementor-widget elementor-widget-image\" data-id=\"afd4784\" data-element_type=\"widget\" data-e-type=\"widget\" data-widget_type=\"image.default\">\n\t\t\t\t<div class=\"elementor-widget-container\">\n\t\t\t\t\t\t\t\t\t\t\t\t\t\t\t<img decoding=\"async\" width=\"419\" height=\"564\" src=\"https:\/\/cmu-edu.eu\/rose-nav\/wp-content\/uploads\/sites\/24\/2021\/03\/555.jpg\" class=\"attachment-large size-large wp-image-557\" alt=\"Radu Hanzu\" \/>\t\t\t\t\t\t\t\t\t\t\t\t\t\t\t<\/div>\n\t\t\t\t<\/div>\n\t\t\t\t\t<\/div>\n\t\t<\/div>\n\t\t\t\t<div class=\"elementor-column elementor-col-50 elementor-top-column elementor-element elementor-element-17d8eca\" data-id=\"17d8eca\" data-element_type=\"column\" data-e-type=\"column\">\n\t\t\t<div class=\"elementor-widget-wrap elementor-element-populated\">\n\t\t\t\t\t\t<div class=\"elementor-element elementor-element-3c9e910 elementor-widget elementor-widget-text-editor\" data-id=\"3c9e910\" data-element_type=\"widget\" data-e-type=\"widget\" data-widget_type=\"text-editor.default\">\n\t\t\t\t<div class=\"elementor-widget-container\">\n\t\t\t\t\t\t\t\t\t<p>Bun\u0103,<\/p><p>Sunt Radu Hanzu-Pazara, Conferen\u021biar \u00een cadrul Departamentului de Naviga\u021bie, Prorector pentru Studen\u021bi \u0219i rela\u021bia cu mediul economic \u0219i socio-cultural. Am absolvit Institutul de Marin\u0103 Civil\u0103 din Constan\u021ba \u00een anul 1998 \u0219i studiile de doctorat la Universitatea Maritim\u0103 din Constan\u021ba \u00een anul 2010. Mi-am \u00eenceput activitatea didactic\u0103 \u00een anul 2005 \u0219i \u00een prezent predau disciplinele Naviga\u021bie Electronic\u0103 \u0219i Managementul Echipei de Cart. De-a lungul activitatea didactic\u0103 a inclus \u0219i alte discipline, precum Preg\u0103tire Marin\u0103reasc\u0103, Manevra Navei, Naviga\u021bie \u00een Condi\u021bii Speciale, precum \u0219i discipline din cadrul programelor de Masterat.<\/p><p>Activitatea de sus\u021binere a dezvolt\u0103rii profesionale a studen\u021bilor ce doresc s\u0103 urmeze o carier\u0103 \u00een domeniul maritim a inclus \u0219i participarea ca reprezentant al Asocia\u021biei Interna\u021bionale a Universit\u0103\u021bilor de Marin\u0103 (IAMU) la \u00eentrunirile Organiza\u021biei Maritime Interna\u021bionale (IMO), \u00een cadrul sesiunilor dedicate preg\u0103tirii profesionale \u0219i dob\u00e2ndirii de competen\u021be specifice, Comitetele STW \u0219i MSC.<\/p><p>\u00cen cadrul proiectului ROSE fac parte din echipa \u00eendrum\u0103torilor de an. Activitatea desf\u0103\u0219urat\u0103 \u00een cadrul diferitelor proiecte de cercetare \u0219i didactice a inclus proiecte precum MARSA, MAREM, RONOMAR, FORCON, SKILLSEA \u0219i PRACMARENG. Experien\u021ba dob\u00e2ndit\u0103 \u00een cadrul acestor proiecte \u00eemi va fi util\u0103 \u0219i \u00een cadrul acestui proiect \u00een care inten\u021bionez s\u0103 sus\u021bin stunden\u021bii \u00een dezvoltarea personal\u0103 \u0219i profesional\u0103, precum \u0219i de a le \u00eemp\u0103rt\u0103\u0219i din experien\u021ba proprie, a\u0219a cum am \u00eencercat s\u0103 fac \u0219i p\u00e2n\u0103 acum \u00een \u00eentreaga mea activitate didactic\u0103.<\/p><p>V\u0103 a\u0219tept cu drag al\u0103turi de noi!<\/p><p>\u00a0<\/p>\t\t\t\t\t\t\t\t<\/div>\n\t\t\t\t<\/div>\n\t\t\t\t\t<\/div>\n\t\t<\/div>\n\t\t\t\t\t<\/div>\n\t\t<\/section>\n\t\t\t\t<section class=\"elementor-section elementor-top-section elementor-element elementor-element-9822668 elementor-section-boxed elementor-section-height-default elementor-section-height-default\" data-id=\"9822668\" data-element_type=\"section\" data-e-type=\"section\">\n\t\t\t\t\t\t<div class=\"elementor-container elementor-column-gap-default\">\n\t\t\t\t\t<div class=\"elementor-column elementor-col-100 elementor-top-column elementor-element elementor-element-9d24af0\" data-id=\"9d24af0\" data-element_type=\"column\" data-e-type=\"column\">\n\t\t\t<div class=\"elementor-widget-wrap elementor-element-populated\">\n\t\t\t\t\t\t<div class=\"elementor-element elementor-element-b3db951 elementor-widget-divider--view-line elementor-widget elementor-widget-divider\" data-id=\"b3db951\" data-element_type=\"widget\" data-e-type=\"widget\" data-widget_type=\"divider.default\">\n\t\t\t\t<div class=\"elementor-widget-container\">\n\t\t\t\t\t\t\t<div class=\"elementor-divider\">\n\t\t\t<span class=\"elementor-divider-separator\">\n\t\t\t\t\t\t<\/span>\n\t\t<\/div>\n\t\t\t\t\t\t<\/div>\n\t\t\t\t<\/div>\n\t\t\t\t<div class=\"elementor-element elementor-element-5a2c26b elementor-widget elementor-widget-heading\" data-id=\"5a2c26b\" data-element_type=\"widget\" data-e-type=\"widget\" data-widget_type=\"heading.default\">\n\t\t\t\t<div class=\"elementor-widget-container\">\n\t\t\t\t\t<h2 class=\"elementor-heading-title elementor-size-default\">Conf. Univ Dr. Corina Varsami<\/h2>\t\t\t\t<\/div>\n\t\t\t\t<\/div>\n\t\t\t\t\t<\/div>\n\t\t<\/div>\n\t\t\t\t\t<\/div>\n\t\t<\/section>\n\t\t\t\t<section class=\"elementor-section elementor-top-section elementor-element elementor-element-84ae326 elementor-section-boxed elementor-section-height-default elementor-section-height-default\" data-id=\"84ae326\" data-element_type=\"section\" data-e-type=\"section\">\n\t\t\t\t\t\t<div class=\"elementor-container elementor-column-gap-default\">\n\t\t\t\t\t<div class=\"elementor-column elementor-col-50 elementor-top-column elementor-element elementor-element-107e99f\" data-id=\"107e99f\" data-element_type=\"column\" data-e-type=\"column\">\n\t\t\t<div class=\"elementor-widget-wrap elementor-element-populated\">\n\t\t\t\t\t\t<div class=\"elementor-element elementor-element-ec9480d elementor-widget elementor-widget-image\" data-id=\"ec9480d\" data-element_type=\"widget\" data-e-type=\"widget\" data-widget_type=\"image.default\">\n\t\t\t\t<div class=\"elementor-widget-container\">\n\t\t\t\t\t\t\t\t\t\t\t\t\t\t\t<img decoding=\"async\" width=\"170\" height=\"210\" src=\"https:\/\/cmu-edu.eu\/rose-nav\/wp-content\/uploads\/sites\/24\/2020\/02\/Corina-Varsami.png\" class=\"attachment-large size-large wp-image-318\" alt=\"\" \/>\t\t\t\t\t\t\t\t\t\t\t\t\t\t\t<\/div>\n\t\t\t\t<\/div>\n\t\t\t\t\t<\/div>\n\t\t<\/div>\n\t\t\t\t<div class=\"elementor-column elementor-col-50 elementor-top-column elementor-element elementor-element-b879e25\" data-id=\"b879e25\" data-element_type=\"column\" data-e-type=\"column\">\n\t\t\t<div class=\"elementor-widget-wrap elementor-element-populated\">\n\t\t\t\t\t\t<div class=\"elementor-element elementor-element-9d00067 elementor-widget elementor-widget-text-editor\" data-id=\"9d00067\" data-element_type=\"widget\" data-e-type=\"widget\" data-widget_type=\"text-editor.default\">\n\t\t\t\t<div class=\"elementor-widget-container\">\n\t\t\t\t\t\t\t\t\t<p>Hello,<\/p><p>Eu sunt Corina Varsami, predau Limba Englez\u0103 Maritim\u0103 \u00een cadrul Universit\u0103\u021bii Maritime din anul 2005 \u0219i ocup \u00een prezent func\u021bia de Conferen\u021biar \u00een cadrul Departamentului de Naviga\u021bie. Mi-am \u00eenceput activitatea de predare \u00een anul 2003 \u00een domeniul preuniversitar imediat dup\u0103 absolvirea studiilor de licen\u021b\u0103 la specializarea Englez\u0103-Francez\u0103 la Facultatea de Litere a Universit\u0103\u021bii Ovidius din Constan\u021ba. Absolvirea unei asemenea specializ\u0103ri a adus cu sine \u0219i ob\u021binerea Autoriza\u021biei de Traduc\u0103tor pentru Limba Englez\u0103 \u0219i Limba Francez\u0103 \u00een acela\u0219i an.<\/p><p>Ulterior am \u00eenceput studiile de masterat la Universitatea Maritim\u0103, specializarea \u201eMultimodal Transport\u201d, pentru ca mi-am dorit s\u0103 cunosc \u0219i o alt\u0103 parte a limbii engleze \u00een afar\u0103 de cea studiat\u0103 \u00een timpul facult\u0103\u021bii. Am devenit astfel colaborator extern al universit\u0103\u021bii \u00een anul 2005 dup\u0103 ob\u021binerea dimplomei de Masterat \u0219i m-am titularizat \u00een anul 2006 pe func\u021bia de preparator.<\/p><p>Lucrurile au devenit foarte clare pentru mine din momentul titulariz\u0103rii motiv pentru care \u00eenscrierea la studiile de Doctorat a venit \u00een mod firesc \u00een acela\u0219i an urmat\u0103 \u00een anul 2008 de ocuparea func\u021biei de asistent universitar. \u00cen anul 2010 am ob\u021binut titlul de Doctor \u00een Litere la Universitatea Al. I. Cuza din Ia\u0219i \u0219i func\u021bia de lector \u00een cadrul universit\u0103\u021bii.<\/p><p>\u00cen tot acest timp, am predat nu doar Limba Englez\u0103 Maritim\u0103 ci \u0219i Limba Francez\u0103 la specializarea \u201cProtec\u021bia Mediului\u201d, Limba Englez\u0103 pentru afaceri la specializarea \u201eInginerie Economic\u0103\u201d, Limba Englez\u0103 tehnic\u0103 la specializarea \u201eTelecomunica\u021bii\u201d \u0219i Coresponden\u021b\u0103 Comercial\u0103 la studiile de Masterat .<\/p><p>Din anul 2006 coordonez \u0219i Corul Universit\u0103\u021bii Maritime sus\u021bin\u00e2nd concerte tematice \u00eendeosebi \u00een perioada s\u0103rb\u0103torilor \u00een fiecare an. Anul 2010 este anul \u00een care mi-a fost oferit \u0219i titlul de Director Programe Studen\u021be\u0219ti \u00een cadrul universit\u0103\u021bii datorit\u0103 bunei colabor\u0103ri de-a lungul anilor cu Liga Studen\u021bilor. Aceasta colaborare fructuoas\u0103 cu studen\u021bii a facilitat \u0219i primirea titlului de Profesor Bologna \u00een acela\u0219i an, distinc\u021bie care ma onoreaz\u0103 \u0219i \u00een prezent.<\/p><p>\u00cen cadrul proiectului ROSE, fac parte din echipa \u00eendrum\u0103torilor de an. Acesta nu este primul proiect din care fac parte \u0219i a\u0219 enumera aici proiecte precum RONOMAR, FORCON, DIVSEA, SAS \u2013 UMC 2019 \u0219i PRACMARENG \u00een cadrul c\u0103ruia sunt manager de proiect \u00een prezent. Experien\u021ba dob\u00e2ndit\u0103 \u00een cadrul acestor proiecte \u00eemi va fi util\u0103 \u0219i \u00een cadrul acestui proiect \u00een care inten\u021bionez s\u0103 sus\u021bin stunden\u021bii \u00een continuare a\u0219a cum am \u00eencercat s\u0103 fac \u0219i p\u00e2n\u0103 acum \u00een \u00eentreaga mea activitate didactic\u0103.<\/p><p>V\u0103 a\u0219tept cu drag!<\/p><p><a href=\"https:\/\/cmu-edu.eu\/rose-nav\/wp-content\/uploads\/sites\/24\/2020\/02\/cv-europass-Varsami.pdf\">CV Corina Varsami<\/a><\/p>\t\t\t\t\t\t\t\t<\/div>\n\t\t\t\t<\/div>\n\t\t\t\t\t<\/div>\n\t\t<\/div>\n\t\t\t\t\t<\/div>\n\t\t<\/section>\n\t\t\t\t<section class=\"elementor-section elementor-top-section elementor-element elementor-element-3ee7c3e elementor-section-boxed elementor-section-height-default elementor-section-height-default\" data-id=\"3ee7c3e\" data-element_type=\"section\" data-e-type=\"section\">\n\t\t\t\t\t\t<div class=\"elementor-container elementor-column-gap-default\">\n\t\t\t\t\t<div class=\"elementor-column elementor-col-100 elementor-top-column elementor-element elementor-element-a16e521\" data-id=\"a16e521\" data-element_type=\"column\" data-e-type=\"column\">\n\t\t\t<div class=\"elementor-widget-wrap elementor-element-populated\">\n\t\t\t\t\t\t<div class=\"elementor-element elementor-element-71f3132 elementor-widget-divider--view-line elementor-widget elementor-widget-divider\" data-id=\"71f3132\" data-element_type=\"widget\" data-e-type=\"widget\" data-widget_type=\"divider.default\">\n\t\t\t\t<div class=\"elementor-widget-container\">\n\t\t\t\t\t\t\t<div class=\"elementor-divider\">\n\t\t\t<span class=\"elementor-divider-separator\">\n\t\t\t\t\t\t<\/span>\n\t\t<\/div>\n\t\t\t\t\t\t<\/div>\n\t\t\t\t<\/div>\n\t\t\t\t<div class=\"elementor-element elementor-element-43606bb elementor-widget elementor-widget-heading\" data-id=\"43606bb\" data-element_type=\"widget\" data-e-type=\"widget\" data-widget_type=\"heading.default\">\n\t\t\t\t<div class=\"elementor-widget-container\">\n\t\t\t\t\t<h2 class=\"elementor-heading-title elementor-size-default\">Consilier educa\u021bional Lumini\u021ba Stan<\/h2>\t\t\t\t<\/div>\n\t\t\t\t<\/div>\n\t\t\t\t\t<\/div>\n\t\t<\/div>\n\t\t\t\t\t<\/div>\n\t\t<\/section>\n\t\t\t\t<section class=\"elementor-section elementor-top-section elementor-element elementor-element-98a7fd6 elementor-section-boxed elementor-section-height-default elementor-section-height-default\" data-id=\"98a7fd6\" data-element_type=\"section\" data-e-type=\"section\">\n\t\t\t\t\t\t<div class=\"elementor-container elementor-column-gap-default\">\n\t\t\t\t\t<div class=\"elementor-column elementor-col-50 elementor-top-column elementor-element elementor-element-02373c5\" data-id=\"02373c5\" data-element_type=\"column\" data-e-type=\"column\">\n\t\t\t<div class=\"elementor-widget-wrap elementor-element-populated\">\n\t\t\t\t\t\t<div class=\"elementor-element elementor-element-70e2001 elementor-widget elementor-widget-image\" data-id=\"70e2001\" data-element_type=\"widget\" data-e-type=\"widget\" data-widget_type=\"image.default\">\n\t\t\t\t<div class=\"elementor-widget-container\">\n\t\t\t\t\t\t\t\t\t\t\t\t\t\t\t<img loading=\"lazy\" decoding=\"async\" width=\"433\" height=\"577\" src=\"https:\/\/cmu-edu.eu\/rose-nav\/wp-content\/uploads\/sites\/24\/2020\/02\/Luminita.jpg\" class=\"attachment-large size-large wp-image-322\" alt=\"\" \/>\t\t\t\t\t\t\t\t\t\t\t\t\t\t\t<\/div>\n\t\t\t\t<\/div>\n\t\t\t\t\t<\/div>\n\t\t<\/div>\n\t\t\t\t<div class=\"elementor-column elementor-col-50 elementor-top-column elementor-element elementor-element-cba778a\" data-id=\"cba778a\" data-element_type=\"column\" data-e-type=\"column\">\n\t\t\t<div class=\"elementor-widget-wrap elementor-element-populated\">\n\t\t\t\t\t\t<div class=\"elementor-element elementor-element-845cf2e elementor-widget elementor-widget-text-editor\" data-id=\"845cf2e\" data-element_type=\"widget\" data-e-type=\"widget\" data-widget_type=\"text-editor.default\">\n\t\t\t\t<div class=\"elementor-widget-container\">\n\t\t\t\t\t\t\t\t\t<p>Te salut,<\/p><p>Numele meu este Lumini\u0163a Stan \u015fi m-am al\u0103turat echipei Departamentului de Consiliere Profesional\u0103 \u015fi Promovare din cadrul Universit\u0103\u0163ii Maritime acum mai bine de 6 ani.\u00a0<span style=\"font-size: 14px;\">Am activat \u00een domeniul cercet\u0103rii de pia\u0163\u0103 \u015fi \u00een cel al consilierii educa\u0163ionale, iar ace\u015fti ani de activitate au fost ani de acumulare profesional\u0103 \u015fi personal\u0103 care m-au f\u0103cut omul care sunt azi.<\/span><\/p><p>Am avut privilegiul s\u0103 cunosc \u015fi s\u0103 am aproape oameni care m-au sus\u0163inut, m-au ajutat s\u0103 m\u0103 dezvolt, s\u0103-mi doresc mai mult, c\u00e2nd mai u\u015for era s\u0103-mi doresc mai pu\u0163in, m-au motivat s\u0103 nu renun\u0163, atunci c\u00e2nd situa\u0163ia p\u0103rea imposibil de trecut.<\/p><p>\u00cen cadrul proiectului ROSE, fac parte din echipa \u00eendrum\u0103torilor de an.\u00a0<span style=\"font-size: 14px;\">Dorin\u0163a mea este s\u0103 ajut c\u00e2t mai multi studen\u021bi s\u0103-\u015fi transforme visul pe care l-au avut la \u00eenceput de drum, \u00een realitate.<\/span><\/p><p>Via\u0163a de student este greu de definit, fiecare o simte \u015fi o tr\u0103ie\u015fte \u00een felul lui. Dar, cu siguran\u0163\u0103, este una extrem de interesant\u0103, o etap\u0103 a vie\u0163ii dintre cele mai frumoase \u015fi mai importante din parcursul existen\u0163ial al unui om, c\u00e2nd porne\u015fte cu adev\u0103rat pe drumul lui, \u00een via\u0163a real\u0103. Ce \u00eenseamn\u0103 via\u0163a de student? Studiu, independen\u0163\u0103, distrac\u0163ie, prieteni noi, acomodare, responsabilizare, dezvoltare personal\u0103 \u015fi profesional\u0103, maturizare, \u015fi&#8230; putem continua.<\/p><p>Te a\u015ftept cu mare drag s\u0103 ne cunoa\u015ftem mai bine \u015fi s\u0103 \u00eemp\u0103rt\u0103\u015fim din cuno\u015ftin\u0163ele \u015fi experien\u0163ele proprii, din via\u0163a de student, idei care s\u0103 ne sus\u0163in\u0103 tuturor dezvoltarea personal\u0103 \u015fi profesional\u0103.<\/p>\t\t\t\t\t\t\t\t<\/div>\n\t\t\t\t<\/div>\n\t\t\t\t\t<\/div>\n\t\t<\/div>\n\t\t\t\t\t<\/div>\n\t\t<\/section>\n\t\t\t\t<section class=\"elementor-section elementor-top-section elementor-element elementor-element-5b6a910 elementor-section-boxed elementor-section-height-default elementor-section-height-default\" data-id=\"5b6a910\" data-element_type=\"section\" data-e-type=\"section\">\n\t\t\t\t\t\t<div class=\"elementor-container elementor-column-gap-default\">\n\t\t\t\t\t<div class=\"elementor-column elementor-col-100 elementor-top-column elementor-element elementor-element-f826b7a\" data-id=\"f826b7a\" data-element_type=\"column\" data-e-type=\"column\">\n\t\t\t<div class=\"elementor-widget-wrap\">\n\t\t\t\t\t\t\t<\/div>\n\t\t<\/div>\n\t\t\t\t\t<\/div>\n\t\t<\/section>\n\t\t\t\t<\/div>\n\t\t","protected":false},"excerpt":{"rendered":"<p>Indrum\u0103tori de An \u0218l. Dr. Ing. Elena Nedelcu Salut! Numele meu este Elena Nedelcu \u0219i sunt absolvent\u0103 a Facult\u0103\u021bii de Electromecanic\u0103 Naval\u0103, \u0219ef de promo\u021bie pentru specializarea Electrotehnic\u0103 General\u0103 \u00een anul 2007. Dup\u0103 absolvire mi-am \u00eenceput activitatea ca inginer debutant \u00een cadrul Departamentului de Cercetare \u0219i Programe Europene al Universit\u0103\u021bii Maritime din Constan\u021ba \u0219i ulterior [&hellip;]<\/p>\n","protected":false},"author":15,"featured_media":0,"parent":2,"menu_order":0,"comment_status":"closed","ping_status":"closed","template":"","meta":{"footnotes":""},"class_list":["post-315","page","type-page","status-publish","hentry"],"_links":{"self":[{"href":"https:\/\/cmu-edu.eu\/rose-nav\/wp-json\/wp\/v2\/pages\/315","targetHints":{"allow":["GET"]}}],"collection":[{"href":"https:\/\/cmu-edu.eu\/rose-nav\/wp-json\/wp\/v2\/pages"}],"about":[{"href":"https:\/\/cmu-edu.eu\/rose-nav\/wp-json\/wp\/v2\/types\/page"}],"author":[{"embeddable":true,"href":"https:\/\/cmu-edu.eu\/rose-nav\/wp-json\/wp\/v2\/users\/15"}],"replies":[{"embeddable":true,"href":"https:\/\/cmu-edu.eu\/rose-nav\/wp-json\/wp\/v2\/comments?post=315"}],"version-history":[{"count":31,"href":"https:\/\/cmu-edu.eu\/rose-nav\/wp-json\/wp\/v2\/pages\/315\/revisions"}],"predecessor-version":[{"id":962,"href":"https:\/\/cmu-edu.eu\/rose-nav\/wp-json\/wp\/v2\/pages\/315\/revisions\/962"}],"up":[{"embeddable":true,"href":"https:\/\/cmu-edu.eu\/rose-nav\/wp-json\/wp\/v2\/pages\/2"}],"wp:attachment":[{"href":"https:\/\/cmu-edu.eu\/rose-nav\/wp-json\/wp\/v2\/media?parent=315"}],"curies":[{"name":"wp","href":"https:\/\/api.w.org\/{rel}","templated":true}]}}