{"id":325,"date":"2020-02-17T12:21:21","date_gmt":"2020-02-17T12:21:21","guid":{"rendered":"https:\/\/cmu-edu.eu\/rose-nav\/?page_id=325"},"modified":"2021-07-03T11:18:17","modified_gmt":"2021-07-03T11:18:17","slug":"campanie-constientizare","status":"publish","type":"page","link":"https:\/\/cmu-edu.eu\/rose-nav\/campanie-constientizare\/","title":{"rendered":"Coordonator Campanie con\u0219tientizare"},"content":{"rendered":"\t\t<div data-elementor-type=\"wp-page\" data-elementor-id=\"325\" class=\"elementor elementor-325\">\n\t\t\t\t\t\t<section class=\"elementor-section elementor-top-section elementor-element elementor-element-57a6fca elementor-section-boxed elementor-section-height-default elementor-section-height-default\" data-id=\"57a6fca\" data-element_type=\"section\" data-e-type=\"section\">\n\t\t\t\t\t\t<div class=\"elementor-container elementor-column-gap-default\">\n\t\t\t\t\t<div class=\"elementor-column elementor-col-100 elementor-top-column elementor-element elementor-element-cea7574\" data-id=\"cea7574\" data-element_type=\"column\" data-e-type=\"column\">\n\t\t\t<div class=\"elementor-widget-wrap elementor-element-populated\">\n\t\t\t\t\t\t<div class=\"elementor-element elementor-element-be4c213 elementor-widget elementor-widget-heading\" data-id=\"be4c213\" data-element_type=\"widget\" data-e-type=\"widget\" data-widget_type=\"heading.default\">\n\t\t\t\t<div class=\"elementor-widget-container\">\n\t\t\t\t\t<h1 class=\"elementor-heading-title elementor-size-default\">Coordonatori Campanie Con\u0219tientizare<\/h1>\t\t\t\t<\/div>\n\t\t\t\t<\/div>\n\t\t\t\t<div class=\"elementor-element elementor-element-bfa6f10 elementor-widget elementor-widget-heading\" data-id=\"bfa6f10\" data-element_type=\"widget\" data-e-type=\"widget\" data-widget_type=\"heading.default\">\n\t\t\t\t<div class=\"elementor-widget-container\">\n\t\t\t\t\t<h2 class=\"elementor-heading-title elementor-size-default\">Lector Univ. Dr. Alina Bo\u0219tin\u0103<\/h2>\t\t\t\t<\/div>\n\t\t\t\t<\/div>\n\t\t\t\t\t<\/div>\n\t\t<\/div>\n\t\t\t\t\t<\/div>\n\t\t<\/section>\n\t\t\t\t<section class=\"elementor-section elementor-top-section elementor-element elementor-element-23d7bdf elementor-section-boxed elementor-section-height-default elementor-section-height-default\" data-id=\"23d7bdf\" data-element_type=\"section\" data-e-type=\"section\">\n\t\t\t\t\t\t<div class=\"elementor-container elementor-column-gap-default\">\n\t\t\t\t\t<div class=\"elementor-column elementor-col-50 elementor-top-column elementor-element elementor-element-e4a2a98\" data-id=\"e4a2a98\" data-element_type=\"column\" data-e-type=\"column\">\n\t\t\t<div class=\"elementor-widget-wrap elementor-element-populated\">\n\t\t\t\t\t\t<div class=\"elementor-element elementor-element-ca8a940 elementor-widget elementor-widget-image\" data-id=\"ca8a940\" data-element_type=\"widget\" data-e-type=\"widget\" data-widget_type=\"image.default\">\n\t\t\t\t<div class=\"elementor-widget-container\">\n\t\t\t\t\t\t\t\t\t\t\t\t\t\t\t<img fetchpriority=\"high\" decoding=\"async\" width=\"500\" height=\"500\" src=\"https:\/\/cmu-edu.eu\/rose-nav\/wp-content\/uploads\/sites\/24\/2020\/02\/alina-bostina.jpg\" class=\"attachment-large size-large wp-image-327\" alt=\"\" \/>\t\t\t\t\t\t\t\t\t\t\t\t\t\t\t<\/div>\n\t\t\t\t<\/div>\n\t\t\t\t\t<\/div>\n\t\t<\/div>\n\t\t\t\t<div class=\"elementor-column elementor-col-50 elementor-top-column elementor-element elementor-element-2c6979d\" data-id=\"2c6979d\" data-element_type=\"column\" data-e-type=\"column\">\n\t\t\t<div class=\"elementor-widget-wrap elementor-element-populated\">\n\t\t\t\t\t\t<div class=\"elementor-element elementor-element-d9560b9 elementor-widget elementor-widget-text-editor\" data-id=\"d9560b9\" data-element_type=\"widget\" data-e-type=\"widget\" data-widget_type=\"text-editor.default\">\n\t\t\t\t<div class=\"elementor-widget-container\">\n\t\t\t\t\t\t\t\t\t<p>S\u0103 facem cuno\u0219tin\u021b\u0103: sunt Lector Univ. Dr. Alina Bo\u0219tin\u0103\u00a0 \u0219i sunt\u00a0 Coordonatorul\u00a0 Campaniei\u00a0 de Con\u0219tientizare din cadrul proiectului ROSE Naviga\u021bie.<\/p><p>Lucrez \u00een Universitatea Maritim\u0103 Constan\u021ba din 1997 \u00een cadrul Departamentului Naviga\u021bie. \u00cen to\u021bi ace\u0219ti ani am participat activ la via\u021ba genera\u021biilor de studen\u021bi, \u00eendrum\u00e2ndu-i \u0219i sprijinindu-i\u00a0 \u00een activit\u0103\u021bile didactice (cursuri, laboratoare, seminarii), elaborare lucr\u0103ri de licen\u021b\u0103 \u0219i diplom\u0103, practici de specialitate, ac\u021biuni de voluntariat, concursuri \u0219i sesiuni de comunic\u0103ri studen\u021be\u0219ti\u00a0 dar \u0219i consiliere ca \u00eendrum\u0103tor de an.<\/p><p>Experien\u021ba ultimilor ani, \u00een care am predat Leadership \u0219i Elemente de Comunicare la Bordul Navei, mi-a confirmat faptul c\u0103 tinerii din ziua de azi, extrem de receptivi la progresul tehnologic \u0219i nout\u0103\u021bile din media, devin oarecum stingheri c\u00e2nd sunt pu\u0219i \u00een fa\u021ba unor situa\u021bii reale de comunicare. Poate chiar tocmai atunci c\u00e2nd trebuie s\u0103 arate ce vor sau ce trebuie s\u0103 arate, ce nu \u00een\u021beleg, ce ar dori s\u0103 transmit\u0103&#8230;!<\/p><p>\u00cenc\u0103 din secolul al XVI-lea, filosoful Francis Bacon afirma, unanim preluat \u0219i recunoscut de toat\u0103 omenirea &#8211; de la el p\u00e2n\u0103 \u00een zilele noastre &#8211; c\u0103 a de\u021bine cunoa\u015ftere (informa\u021bie) \u00eenseamn\u0103 a fi cu adev\u0103rat puternic. \u00cen secolul al XX-lea, aceast\u0103 observa\u0163ie este completat\u0103 de o alt\u0103 inteligen\u0163\u0103 mondial\u0103, Bill Gates, care afirm\u0103 c\u0103 \u201cimportant este nu s\u0103 ai informa\u0163ia, ci felul \u00een care o folose\u015fti\u201d. \u00a0<\/p><p>\u00cen cadrul proiectului ROSE caut\u0103m, printre altele, s\u0103 implement\u0103m tocmai aceast\u0103 cale de legatur\u0103 eficient\u0103 \u00eentre studen\u021bii no\u0219tri \u0219i resursele materiale \u0219i umane de care dispune UMC \u0219i pe care le pune la dispozi\u021bie pe traiectoria viitorilor navigatori sau ingineri \u00een industria de specialitate.<\/p><p>Vrem s\u0103 comunic\u0103m eficient, pl\u0103cut \u0219i constructiv, astfel ca via\u021ba de student la UMC s\u0103 fie tot mai interesant\u0103, mai frumoas\u0103, facilit\u00e2nd progresul celor implica\u021bi!<\/p><p><a href=\"https:\/\/cmu-edu.eu\/rose-nav\/wp-content\/uploads\/sites\/24\/2020\/02\/CV-UE-BOSTINA-ALINA-ro.pdf\">CV Alina Bostina<\/a><\/p>\t\t\t\t\t\t\t\t<\/div>\n\t\t\t\t<\/div>\n\t\t\t\t\t<\/div>\n\t\t<\/div>\n\t\t\t\t\t<\/div>\n\t\t<\/section>\n\t\t\t\t<section class=\"elementor-section elementor-top-section elementor-element elementor-element-14c9a6d elementor-section-boxed elementor-section-height-default elementor-section-height-default\" data-id=\"14c9a6d\" data-element_type=\"section\" data-e-type=\"section\">\n\t\t\t\t\t\t<div class=\"elementor-container elementor-column-gap-default\">\n\t\t\t\t\t<div class=\"elementor-column elementor-col-100 elementor-top-column elementor-element elementor-element-06c40b4\" data-id=\"06c40b4\" data-element_type=\"column\" data-e-type=\"column\">\n\t\t\t<div class=\"elementor-widget-wrap elementor-element-populated\">\n\t\t\t\t\t\t<div class=\"elementor-element elementor-element-c3a65a0 elementor-widget-divider--view-line elementor-widget elementor-widget-divider\" data-id=\"c3a65a0\" data-element_type=\"widget\" data-e-type=\"widget\" data-widget_type=\"divider.default\">\n\t\t\t\t<div class=\"elementor-widget-container\">\n\t\t\t\t\t\t\t<div class=\"elementor-divider\">\n\t\t\t<span class=\"elementor-divider-separator\">\n\t\t\t\t\t\t<\/span>\n\t\t<\/div>\n\t\t\t\t\t\t<\/div>\n\t\t\t\t<\/div>\n\t\t\t\t<div class=\"elementor-element elementor-element-abf0c76 elementor-widget elementor-widget-heading\" data-id=\"abf0c76\" data-element_type=\"widget\" data-e-type=\"widget\" data-widget_type=\"heading.default\">\n\t\t\t\t<div class=\"elementor-widget-container\">\n\t\t\t\t\t<h2 class=\"elementor-heading-title elementor-size-default\">\u0218ef Lucr\u0103ri Dr. Andreea Jenaru<\/h2>\t\t\t\t<\/div>\n\t\t\t\t<\/div>\n\t\t\t\t\t<\/div>\n\t\t<\/div>\n\t\t\t\t\t<\/div>\n\t\t<\/section>\n\t\t\t\t<section class=\"elementor-section elementor-top-section elementor-element elementor-element-28238dc elementor-section-boxed elementor-section-height-default elementor-section-height-default\" data-id=\"28238dc\" data-element_type=\"section\" data-e-type=\"section\">\n\t\t\t\t\t\t<div class=\"elementor-container elementor-column-gap-default\">\n\t\t\t\t\t<div class=\"elementor-column elementor-col-50 elementor-top-column elementor-element elementor-element-99fe1a0\" data-id=\"99fe1a0\" data-element_type=\"column\" data-e-type=\"column\">\n\t\t\t<div class=\"elementor-widget-wrap elementor-element-populated\">\n\t\t\t\t\t\t<div class=\"elementor-element elementor-element-57acc3c elementor-widget elementor-widget-image\" data-id=\"57acc3c\" data-element_type=\"widget\" data-e-type=\"widget\" data-widget_type=\"image.default\">\n\t\t\t\t<div class=\"elementor-widget-container\">\n\t\t\t\t\t\t\t\t\t\t\t\t\t\t\t<img decoding=\"async\" width=\"423\" height=\"607\" src=\"https:\/\/cmu-edu.eu\/rose-nav\/wp-content\/uploads\/sites\/24\/2021\/03\/4333.jpg\" class=\"attachment-large size-large wp-image-552\" alt=\"Andreea Jenaru\" \/>\t\t\t\t\t\t\t\t\t\t\t\t\t\t\t<\/div>\n\t\t\t\t<\/div>\n\t\t\t\t\t<\/div>\n\t\t<\/div>\n\t\t\t\t<div class=\"elementor-column elementor-col-50 elementor-top-column elementor-element elementor-element-62ad455\" data-id=\"62ad455\" data-element_type=\"column\" data-e-type=\"column\">\n\t\t\t<div class=\"elementor-widget-wrap elementor-element-populated\">\n\t\t\t\t\t\t<div class=\"elementor-element elementor-element-7b2c409 elementor-widget elementor-widget-text-editor\" data-id=\"7b2c409\" data-element_type=\"widget\" data-e-type=\"widget\" data-widget_type=\"text-editor.default\">\n\t\t\t\t<div class=\"elementor-widget-container\">\n\t\t\t\t\t\t\t\t\t<p>Salut,<\/p><p>M\u0103 numesc Andreea Jenaru \u0219i fac parte din echipa de cadre didactice a Universit\u0103\u021bii Maritime din Constan\u021ba. Am participat \u00een diverse echipe de proiecte na\u021bionale \u0219i interna\u021bionale , \u00een majoritatea cazurilor am atras \u0219i promovat studen\u021bi deoarece, doar a\u0219a putem transmite experien\u021ba genera\u021biilor tinere \u0219i doar a\u0219a putem contribui la formarea viitorilor profesioni\u0219ti \u00een domeniile \u00een care activ\u0103m.<\/p><p>\u00a0M-am al\u0103turat proiectului ROSE \u00een scopul de a ajuta studen\u021bii s\u0103 \u00een\u021beleag\u0103 \u0219i s\u0103 aplice mai bine no\u021biunile de care au nevoie pe mai departe. Consider c\u0103 nevoia de cunoa\u0219tere a unui student \u00een perioada aceasta se afla la cote maxime \u0219i de aceea \u00eemi doresc sa fiu printre ei \u0219i al\u0103turi de ei.<\/p><p>\u00cen calitate de Coordonator al\u00a0 Campaniei \u00a0de Con\u0219tientizare din cadrul proiectului ROSE Naviga\u021bie, te a\u0219tept s\u0103 participi activ la ac\u021biunile ce se desf\u0103\u0219oar\u0103 \u00een proiect, s\u0103 \u00eentrebi \u0219i s\u0103 aplici pe mai departe no\u021biunile dob\u00e2ndite pentru dezvoltarea ta personal\u0103\u00a0 \u0219i profesional\u0103.\u00a0<\/p>\t\t\t\t\t\t\t\t<\/div>\n\t\t\t\t<\/div>\n\t\t\t\t\t<\/div>\n\t\t<\/div>\n\t\t\t\t\t<\/div>\n\t\t<\/section>\n\t\t\t\t<\/div>\n\t\t","protected":false},"excerpt":{"rendered":"<p>Coordonatori Campanie Con\u0219tientizare Lector Univ. Dr. Alina Bo\u0219tin\u0103 S\u0103 facem cuno\u0219tin\u021b\u0103: sunt Lector Univ. Dr. Alina Bo\u0219tin\u0103\u00a0 \u0219i sunt\u00a0 Coordonatorul\u00a0 Campaniei\u00a0 de Con\u0219tientizare din cadrul proiectului ROSE Naviga\u021bie. Lucrez \u00een Universitatea Maritim\u0103 Constan\u021ba din 1997 \u00een cadrul Departamentului Naviga\u021bie. \u00cen to\u021bi ace\u0219ti ani am participat activ la via\u021ba genera\u021biilor de studen\u021bi, \u00eendrum\u00e2ndu-i \u0219i sprijinindu-i\u00a0 \u00een [&hellip;]<\/p>\n","protected":false},"author":15,"featured_media":0,"parent":0,"menu_order":0,"comment_status":"closed","ping_status":"closed","template":"","meta":{"footnotes":""},"class_list":["post-325","page","type-page","status-publish","hentry"],"_links":{"self":[{"href":"https:\/\/cmu-edu.eu\/rose-nav\/wp-json\/wp\/v2\/pages\/325","targetHints":{"allow":["GET"]}}],"collection":[{"href":"https:\/\/cmu-edu.eu\/rose-nav\/wp-json\/wp\/v2\/pages"}],"about":[{"href":"https:\/\/cmu-edu.eu\/rose-nav\/wp-json\/wp\/v2\/types\/page"}],"author":[{"embeddable":true,"href":"https:\/\/cmu-edu.eu\/rose-nav\/wp-json\/wp\/v2\/users\/15"}],"replies":[{"embeddable":true,"href":"https:\/\/cmu-edu.eu\/rose-nav\/wp-json\/wp\/v2\/comments?post=325"}],"version-history":[{"count":19,"href":"https:\/\/cmu-edu.eu\/rose-nav\/wp-json\/wp\/v2\/pages\/325\/revisions"}],"predecessor-version":[{"id":700,"href":"https:\/\/cmu-edu.eu\/rose-nav\/wp-json\/wp\/v2\/pages\/325\/revisions\/700"}],"wp:attachment":[{"href":"https:\/\/cmu-edu.eu\/rose-nav\/wp-json\/wp\/v2\/media?parent=325"}],"curies":[{"name":"wp","href":"https:\/\/api.w.org\/{rel}","templated":true}]}}