{"id":332,"date":"2020-02-17T12:39:08","date_gmt":"2020-02-17T12:39:08","guid":{"rendered":"https:\/\/cmu-edu.eu\/rose-nav\/?page_id=332"},"modified":"2021-06-10T13:54:38","modified_gmt":"2021-06-10T13:54:38","slug":"responsabil-grup-studenti","status":"publish","type":"page","link":"https:\/\/cmu-edu.eu\/rose-nav\/responsabil-grup-studenti\/","title":{"rendered":"Responsabil grup &#8211; Studen\u021bi"},"content":{"rendered":"\t\t<div data-elementor-type=\"wp-page\" data-elementor-id=\"332\" class=\"elementor elementor-332\">\n\t\t\t\t\t\t<section class=\"elementor-section elementor-top-section elementor-element elementor-element-81e4d0b elementor-section-boxed elementor-section-height-default elementor-section-height-default\" data-id=\"81e4d0b\" data-element_type=\"section\" data-e-type=\"section\">\n\t\t\t\t\t\t<div class=\"elementor-container elementor-column-gap-default\">\n\t\t\t\t\t<div class=\"elementor-column elementor-col-100 elementor-top-column elementor-element elementor-element-997d329\" data-id=\"997d329\" data-element_type=\"column\" data-e-type=\"column\">\n\t\t\t<div class=\"elementor-widget-wrap elementor-element-populated\">\n\t\t\t\t\t\t<div class=\"elementor-element elementor-element-cea7245 elementor-widget elementor-widget-heading\" data-id=\"cea7245\" data-element_type=\"widget\" data-e-type=\"widget\" data-widget_type=\"heading.default\">\n\t\t\t\t<div class=\"elementor-widget-container\">\n\t\t\t\t\t<h1 class=\"elementor-heading-title elementor-size-default\">Responsabil Grup - Studen\u021bi<\/h1>\t\t\t\t<\/div>\n\t\t\t\t<\/div>\n\t\t\t\t<div class=\"elementor-element elementor-element-d96089d elementor-widget elementor-widget-heading\" data-id=\"d96089d\" data-element_type=\"widget\" data-e-type=\"widget\" data-widget_type=\"heading.default\">\n\t\t\t\t<div class=\"elementor-widget-container\">\n\t\t\t\t\t<h2 class=\"elementor-heading-title elementor-size-default\">Alina Bichilie<\/h2>\t\t\t\t<\/div>\n\t\t\t\t<\/div>\n\t\t\t\t\t<\/div>\n\t\t<\/div>\n\t\t\t\t\t<\/div>\n\t\t<\/section>\n\t\t\t\t<section class=\"elementor-section elementor-top-section elementor-element elementor-element-2bab78a elementor-section-boxed elementor-section-height-default elementor-section-height-default\" data-id=\"2bab78a\" data-element_type=\"section\" data-e-type=\"section\">\n\t\t\t\t\t\t<div class=\"elementor-container elementor-column-gap-default\">\n\t\t\t\t\t<div class=\"elementor-column elementor-col-50 elementor-top-column elementor-element elementor-element-2f91a1c\" data-id=\"2f91a1c\" data-element_type=\"column\" data-e-type=\"column\">\n\t\t\t<div class=\"elementor-widget-wrap elementor-element-populated\">\n\t\t\t\t\t\t<div class=\"elementor-element elementor-element-4fdb8c7 elementor-widget elementor-widget-image\" data-id=\"4fdb8c7\" data-element_type=\"widget\" data-e-type=\"widget\" data-widget_type=\"image.default\">\n\t\t\t\t<div class=\"elementor-widget-container\">\n\t\t\t\t\t\t\t\t\t\t\t\t\t\t\t<img fetchpriority=\"high\" decoding=\"async\" width=\"500\" height=\"500\" src=\"https:\/\/cmu-edu.eu\/rose-nav\/wp-content\/uploads\/sites\/24\/2020\/02\/Alina-Bichilie.jpg\" class=\"attachment-large size-large wp-image-335\" alt=\"\" \/>\t\t\t\t\t\t\t\t\t\t\t\t\t\t\t<\/div>\n\t\t\t\t<\/div>\n\t\t\t\t\t<\/div>\n\t\t<\/div>\n\t\t\t\t<div class=\"elementor-column elementor-col-50 elementor-top-column elementor-element elementor-element-5bfc34b\" data-id=\"5bfc34b\" data-element_type=\"column\" data-e-type=\"column\">\n\t\t\t<div class=\"elementor-widget-wrap elementor-element-populated\">\n\t\t\t\t\t\t<div class=\"elementor-element elementor-element-05c7936 elementor-widget elementor-widget-text-editor\" data-id=\"05c7936\" data-element_type=\"widget\" data-e-type=\"widget\" data-widget_type=\"text-editor.default\">\n\t\t\t\t<div class=\"elementor-widget-container\">\n\t\t\t\t\t\t\t\t\t<p>M\u0103 numesc Alina Bichilie \u0219i sunt responsabil grup \u021bint\u0103 \u00een cadrul proiectului ROSE.<\/p><p>Participarea mea la acest proiect are la baz\u0103 experien\u021ba acumulat\u0103 \u00een cei 5 ani de c\u00e2nd activezi \u00een cadrul \u00a0biroul Social al Universit\u0103\u021bii Maritime din Constan\u021ba.<\/p><p>Activitatea biroului Social are \u00een centru ei studentul, cu necesit\u0103\u021bile sale de adaptare la comunitatea academic\u0103 din care face parte, cu greut\u0103\u021bile \u0219i obstacolele pe care le \u00eent\u00e2mpin\u0103 pe durata anilor de studiu.<\/p><p>Identificarea categoriilor de studen\u021bi vulnerabili, \u00eendrumare \u0219i sprijinirea lor \u00een rezolvarea problemelor economice sau de natur\u0103 social\u0103 sunt activit\u0103\u021bi care mi-au oferit at\u00e2t posibilitatea s\u0103 \u00eent\u00e2lnesc tineri care cu pu\u021bin ajutor au reu\u0219it s\u0103 \u00ee\u0219i recapete curajul \u00een propriile abilit\u0103\u021bi c\u00e2t posibilitatea de a lucra \u00eempreun\u0103 cu\u00a0 tineri voluntari, dispu\u0219i\u00a0 s\u0103 participe activ la activit\u0103\u021bile biroului Social prin intermediul, organiza\u021biei studen\u021be\u0219ti Liga Studen\u021bilor din Universitatea Maritim\u0103 din Constan\u021ba.<\/p><p>Consider c\u0103 cea mai eficient\u0103 modalitate de a pune \u00een aplicare un program adresat studen\u021bilor este comunicarea continu\u0103 \u0219i nemijlocit\u0103, fapt pentru care v\u0103 invit s\u0103 afl\u0103m \u00eempreun\u0103 care sunt op\u021biunile\u00a0 \u0219i posibilit\u0103\u021bile pentru o dezvoltare armonioas\u0103.<\/p>\t\t\t\t\t\t\t\t<\/div>\n\t\t\t\t<\/div>\n\t\t\t\t\t<\/div>\n\t\t<\/div>\n\t\t\t\t\t<\/div>\n\t\t<\/section>\n\t\t\t\t<\/div>\n\t\t","protected":false},"excerpt":{"rendered":"<p>Responsabil Grup &#8211; Studen\u021bi Alina Bichilie M\u0103 numesc Alina Bichilie \u0219i sunt responsabil grup \u021bint\u0103 \u00een cadrul proiectului ROSE. Participarea mea la acest proiect are la baz\u0103 experien\u021ba acumulat\u0103 \u00een cei 5 ani de c\u00e2nd activezi \u00een cadrul \u00a0biroul Social al Universit\u0103\u021bii Maritime din Constan\u021ba. Activitatea biroului Social are \u00een centru ei studentul, cu necesit\u0103\u021bile [&hellip;]<\/p>\n","protected":false},"author":15,"featured_media":0,"parent":0,"menu_order":0,"comment_status":"closed","ping_status":"closed","template":"","meta":{"footnotes":""},"class_list":["post-332","page","type-page","status-publish","hentry"],"_links":{"self":[{"href":"https:\/\/cmu-edu.eu\/rose-nav\/wp-json\/wp\/v2\/pages\/332","targetHints":{"allow":["GET"]}}],"collection":[{"href":"https:\/\/cmu-edu.eu\/rose-nav\/wp-json\/wp\/v2\/pages"}],"about":[{"href":"https:\/\/cmu-edu.eu\/rose-nav\/wp-json\/wp\/v2\/types\/page"}],"author":[{"embeddable":true,"href":"https:\/\/cmu-edu.eu\/rose-nav\/wp-json\/wp\/v2\/users\/15"}],"replies":[{"embeddable":true,"href":"https:\/\/cmu-edu.eu\/rose-nav\/wp-json\/wp\/v2\/comments?post=332"}],"version-history":[{"count":6,"href":"https:\/\/cmu-edu.eu\/rose-nav\/wp-json\/wp\/v2\/pages\/332\/revisions"}],"predecessor-version":[{"id":675,"href":"https:\/\/cmu-edu.eu\/rose-nav\/wp-json\/wp\/v2\/pages\/332\/revisions\/675"}],"wp:attachment":[{"href":"https:\/\/cmu-edu.eu\/rose-nav\/wp-json\/wp\/v2\/media?parent=332"}],"curies":[{"name":"wp","href":"https:\/\/api.w.org\/{rel}","templated":true}]}}