{"id":627,"date":"2021-06-09T15:19:53","date_gmt":"2021-06-09T15:19:53","guid":{"rendered":"https:\/\/cmu-edu.eu\/rose-nav\/?page_id=627"},"modified":"2021-06-10T15:25:03","modified_gmt":"2021-06-10T15:25:03","slug":"contact","status":"publish","type":"page","link":"https:\/\/cmu-edu.eu\/rose-nav\/contact\/","title":{"rendered":"Contact"},"content":{"rendered":"\t\t<div data-elementor-type=\"wp-page\" data-elementor-id=\"627\" class=\"elementor elementor-627\">\n\t\t\t\t\t\t<section class=\"elementor-section elementor-top-section elementor-element elementor-element-b66013f elementor-section-boxed elementor-section-height-default elementor-section-height-default\" data-id=\"b66013f\" data-element_type=\"section\" data-e-type=\"section\">\n\t\t\t\t\t\t<div class=\"elementor-container elementor-column-gap-default\">\n\t\t\t\t\t<div class=\"elementor-column elementor-col-100 elementor-top-column elementor-element elementor-element-f5ff042\" data-id=\"f5ff042\" data-element_type=\"column\" data-e-type=\"column\">\n\t\t\t<div class=\"elementor-widget-wrap elementor-element-populated\">\n\t\t\t\t\t\t<div class=\"elementor-element elementor-element-8617028 elementor-widget elementor-widget-wp-widget-accesspress_pro_team\" data-id=\"8617028\" data-element_type=\"widget\" data-e-type=\"widget\" data-widget_type=\"wp-widget-accesspress_pro_team.default\">\n\t\t\t\t<div class=\"elementor-widget-container\">\n\t\t\t\t\t        <div class=\"team-block\">\r\n                        <div class=\"team-image square\">\r\n            <img decoding=\"async\" src=\"\"\/>\r\n            <\/div>\r\n            \r\n                            <div class=\"member-name\">\r\n                C\u0103rare M\u0103d\u0103lina                <\/div>\r\n            \r\n                            <div class=\"designation\">\r\n                    Consultant Individual                <\/div>\r\n            \r\n            <div class=\"team-content\">\r\n                                <div class=\"social-shortcode\">\r\n                                        <a href=\"\" class=\"ap-member-facebook\">\r\n                        <i class=\"fa fa-facebook\"><\/i>\r\n                    <\/a>\r\n                    \r\n                                            <a href=\"\" class=\"ap-member-twitter\">\r\n                            <i class=\"fa fa-twitter\"><\/i>\r\n                        <\/a>\r\n                    \r\n                                            <a href=\"\" class=\"ap-member-linkedin\">\r\n                            <i class=\"fa fa-linkedin\"><\/i>\r\n                        <\/a>\r\n                    \r\n                                            <a href=\"\" class=\"ap-member-google-plus\">\r\n                            <i class=\"fa fa-google-plus\"><\/i>\r\n                        <\/a>\r\n                                    <\/div>\r\n            <\/div>\r\n        <\/div>\r\n        \t\t\t\t<\/div>\n\t\t\t\t<\/div>\n\t\t\t\t<div class=\"elementor-element elementor-element-a46e1b8 elementor-widget elementor-widget-wp-widget-accesspress_pro_team\" data-id=\"a46e1b8\" data-element_type=\"widget\" data-e-type=\"widget\" data-widget_type=\"wp-widget-accesspress_pro_team.default\">\n\t\t\t\t<div class=\"elementor-widget-container\">\n\t\t\t\t\t        <div class=\"team-block\">\r\n                        <div class=\"team-image square\">\r\n            <img decoding=\"async\" src=\"\"\/>\r\n            <\/div>\r\n            \r\n                            <div class=\"member-name\">\r\n                Lica Mariana-S\u0103ndica                <\/div>\r\n            \r\n                            <div class=\"designation\">\r\n                    Consultant Individual                <\/div>\r\n            \r\n            <div class=\"team-content\">\r\n                                <div class=\"social-shortcode\">\r\n                                        <a href=\"\" class=\"ap-member-facebook\">\r\n                        <i class=\"fa fa-facebook\"><\/i>\r\n                    <\/a>\r\n                    \r\n                                            <a href=\"\" class=\"ap-member-twitter\">\r\n                            <i class=\"fa fa-twitter\"><\/i>\r\n                        <\/a>\r\n                    \r\n                                            <a href=\"\" class=\"ap-member-linkedin\">\r\n                            <i class=\"fa fa-linkedin\"><\/i>\r\n                        <\/a>\r\n                    \r\n                                            <a href=\"\" class=\"ap-member-google-plus\">\r\n                            <i class=\"fa fa-google-plus\"><\/i>\r\n                        <\/a>\r\n                                    <\/div>\r\n            <\/div>\r\n        <\/div>\r\n        \t\t\t\t<\/div>\n\t\t\t\t<\/div>\n\t\t\t\t<div class=\"elementor-element elementor-element-92d55bf elementor-widget elementor-widget-wp-widget-accesspress_pro_team\" data-id=\"92d55bf\" data-element_type=\"widget\" data-e-type=\"widget\" data-widget_type=\"wp-widget-accesspress_pro_team.default\">\n\t\t\t\t<div class=\"elementor-widget-container\">\n\t\t\t\t\t        <div class=\"team-block\">\r\n                        <div class=\"team-image square\">\r\n            <img decoding=\"async\" src=\"\"\/>\r\n            <\/div>\r\n            \r\n                            <div class=\"member-name\">\r\n                Ilie Ana Lavinia                <\/div>\r\n            \r\n                            <div class=\"designation\">\r\n                    Consultant Individual                <\/div>\r\n            \r\n            <div class=\"team-content\">\r\n                                <div class=\"social-shortcode\">\r\n                                        <a href=\"https:\/\/www.facebook.com\/lavinia.ilie.16\" class=\"ap-member-facebook\">\r\n                        <i class=\"fa fa-facebook\"><\/i>\r\n                    <\/a>\r\n                    \r\n                                            <a href=\"\" class=\"ap-member-twitter\">\r\n                            <i class=\"fa fa-twitter\"><\/i>\r\n                        <\/a>\r\n                    \r\n                                            <a href=\"\" class=\"ap-member-linkedin\">\r\n                            <i class=\"fa fa-linkedin\"><\/i>\r\n                        <\/a>\r\n                    \r\n                                            <a href=\"\" class=\"ap-member-google-plus\">\r\n                            <i class=\"fa fa-google-plus\"><\/i>\r\n                        <\/a>\r\n                                    <\/div>\r\n            <\/div>\r\n        <\/div>\r\n        \t\t\t\t<\/div>\n\t\t\t\t<\/div>\n\t\t\t\t<div class=\"elementor-element elementor-element-177cf9f elementor-widget elementor-widget-wp-widget-accesspress_pro_team\" data-id=\"177cf9f\" data-element_type=\"widget\" data-e-type=\"widget\" data-widget_type=\"wp-widget-accesspress_pro_team.default\">\n\t\t\t\t<div class=\"elementor-widget-container\">\n\t\t\t\t\t        <div class=\"team-block\">\r\n                        <div class=\"team-image square\">\r\n            <img decoding=\"async\" src=\"\"\/>\r\n            <\/div>\r\n            \r\n                            <div class=\"member-name\">\r\n                Menlivuap Fulia Elmaz                <\/div>\r\n            \r\n                            <div class=\"designation\">\r\n                    Consultant Indivdual                <\/div>\r\n            \r\n            <div class=\"team-content\">\r\n                                <div class=\"social-shortcode\">\r\n                                        <a href=\"\" class=\"ap-member-facebook\">\r\n                        <i class=\"fa fa-facebook\"><\/i>\r\n                    <\/a>\r\n                    \r\n                                            <a href=\"\" class=\"ap-member-twitter\">\r\n                            <i class=\"fa fa-twitter\"><\/i>\r\n                        <\/a>\r\n                    \r\n                                            <a href=\"\" class=\"ap-member-linkedin\">\r\n                            <i class=\"fa fa-linkedin\"><\/i>\r\n                        <\/a>\r\n                    \r\n                                            <a href=\"\" class=\"ap-member-google-plus\">\r\n                            <i class=\"fa fa-google-plus\"><\/i>\r\n                        <\/a>\r\n                                    <\/div>\r\n            <\/div>\r\n        <\/div>\r\n        \t\t\t\t<\/div>\n\t\t\t\t<\/div>\n\t\t\t\t<div class=\"elementor-element elementor-element-6e80091 elementor-widget elementor-widget-wp-widget-accesspress_pro_team\" data-id=\"6e80091\" data-element_type=\"widget\" data-e-type=\"widget\" data-widget_type=\"wp-widget-accesspress_pro_team.default\">\n\t\t\t\t<div class=\"elementor-widget-container\">\n\t\t\t\t\t        <div class=\"team-block\">\r\n                        <div class=\"team-image square\">\r\n            <img decoding=\"async\" src=\"\"\/>\r\n            <\/div>\r\n            \r\n                            <div class=\"member-name\">\r\n                Roxana-Elena Iancu                <\/div>\r\n            \r\n                            <div class=\"designation\">\r\n                    Consultant Individual                <\/div>\r\n            \r\n            <div class=\"team-content\">\r\n                                <div class=\"social-shortcode\">\r\n                                        <a href=\"https:\/\/www.facebook.com\/roxy.ella.9\" class=\"ap-member-facebook\">\r\n                        <i class=\"fa fa-facebook\"><\/i>\r\n                    <\/a>\r\n                    \r\n                                            <a href=\"\" class=\"ap-member-twitter\">\r\n                            <i class=\"fa fa-twitter\"><\/i>\r\n                        <\/a>\r\n                    \r\n                                            <a href=\"\" class=\"ap-member-linkedin\">\r\n                            <i class=\"fa fa-linkedin\"><\/i>\r\n                        <\/a>\r\n                    \r\n                                            <a href=\"\" class=\"ap-member-google-plus\">\r\n                            <i class=\"fa fa-google-plus\"><\/i>\r\n                        <\/a>\r\n                                    <\/div>\r\n            <\/div>\r\n        <\/div>\r\n        \t\t\t\t<\/div>\n\t\t\t\t<\/div>\n\t\t\t\t<div class=\"elementor-element elementor-element-5f96103 elementor-widget elementor-widget-wp-widget-accesspress_pro_team\" data-id=\"5f96103\" data-element_type=\"widget\" data-e-type=\"widget\" data-widget_type=\"wp-widget-accesspress_pro_team.default\">\n\t\t\t\t<div class=\"elementor-widget-container\">\n\t\t\t\t\t        <div class=\"team-block\">\r\n                        <div class=\"team-image square\">\r\n            <img decoding=\"async\" src=\"\"\/>\r\n            <\/div>\r\n            \r\n                            <div class=\"member-name\">\r\n                Sp\u00eenu Iarina-Maria                <\/div>\r\n            \r\n                            <div class=\"designation\">\r\n                    Consultant Individual                <\/div>\r\n            \r\n            <div class=\"team-content\">\r\n                                <div class=\"social-shortcode\">\r\n                                        <a href=\"https:\/\/www.facebook.com\/iarinamaria.spinu\" class=\"ap-member-facebook\">\r\n                        <i class=\"fa fa-facebook\"><\/i>\r\n                    <\/a>\r\n                    \r\n                                            <a href=\"\" class=\"ap-member-twitter\">\r\n                            <i class=\"fa fa-twitter\"><\/i>\r\n                        <\/a>\r\n                    \r\n                                            <a href=\"\" class=\"ap-member-linkedin\">\r\n                            <i class=\"fa fa-linkedin\"><\/i>\r\n                        <\/a>\r\n                    \r\n                                            <a href=\"\" class=\"ap-member-google-plus\">\r\n                            <i class=\"fa fa-google-plus\"><\/i>\r\n                        <\/a>\r\n                                    <\/div>\r\n            <\/div>\r\n        <\/div>\r\n        \t\t\t\t<\/div>\n\t\t\t\t<\/div>\n\t\t\t\t<div class=\"elementor-element elementor-element-27c9d6d elementor-widget elementor-widget-wp-widget-accesspress_pro_team\" data-id=\"27c9d6d\" data-element_type=\"widget\" data-e-type=\"widget\" data-widget_type=\"wp-widget-accesspress_pro_team.default\">\n\t\t\t\t<div class=\"elementor-widget-container\">\n\t\t\t\t\t        <div class=\"team-block\">\r\n                        <div class=\"team-image square\">\r\n            <img decoding=\"async\" src=\"\"\/>\r\n            <\/div>\r\n            \r\n                            <div class=\"member-name\">\r\n                Cujb\u0103 Bogdan                <\/div>\r\n            \r\n                            <div class=\"designation\">\r\n                    Consultant IT                <\/div>\r\n            \r\n            <div class=\"team-content\">\r\n                                <div class=\"social-shortcode\">\r\n                                        <a href=\"https:\/\/www.facebook.com\/cujba.bogdan1\" class=\"ap-member-facebook\">\r\n                        <i class=\"fa fa-facebook\"><\/i>\r\n                    <\/a>\r\n                    \r\n                                            <a href=\"\" class=\"ap-member-twitter\">\r\n                            <i class=\"fa fa-twitter\"><\/i>\r\n                        <\/a>\r\n                    \r\n                                            <a href=\"\" class=\"ap-member-linkedin\">\r\n                            <i class=\"fa fa-linkedin\"><\/i>\r\n                        <\/a>\r\n                    \r\n                                            <a href=\"\" class=\"ap-member-google-plus\">\r\n                            <i class=\"fa fa-google-plus\"><\/i>\r\n                        <\/a>\r\n                                    <\/div>\r\n            <\/div>\r\n        <\/div>\r\n        \t\t\t\t<\/div>\n\t\t\t\t<\/div>\n\t\t\t\t<div class=\"elementor-element elementor-element-a5ebb0a elementor-widget elementor-widget-wp-widget-accesspress_pro_team\" data-id=\"a5ebb0a\" data-element_type=\"widget\" data-e-type=\"widget\" data-widget_type=\"wp-widget-accesspress_pro_team.default\">\n\t\t\t\t<div class=\"elementor-widget-container\">\n\t\t\t\t\t        <div class=\"team-block\">\r\n                        <div class=\"team-image square\">\r\n            <img decoding=\"async\" src=\"\"\/>\r\n            <\/div>\r\n            \r\n                            <div class=\"member-name\">\r\n                Mihalache Sabin-Ionu\u021b                <\/div>\r\n            \r\n                            <div class=\"designation\">\r\n                    Consultant IT                <\/div>\r\n            \r\n            <div class=\"team-content\">\r\n                                <div class=\"social-shortcode\">\r\n                                        <a href=\"\" class=\"ap-member-facebook\">\r\n                        <i class=\"fa fa-facebook\"><\/i>\r\n                    <\/a>\r\n                    \r\n                                            <a href=\"\" class=\"ap-member-twitter\">\r\n                            <i class=\"fa fa-twitter\"><\/i>\r\n                        <\/a>\r\n                    \r\n                                            <a href=\"\" class=\"ap-member-linkedin\">\r\n                            <i class=\"fa fa-linkedin\"><\/i>\r\n                        <\/a>\r\n                    \r\n                                            <a href=\"\" class=\"ap-member-google-plus\">\r\n                            <i class=\"fa fa-google-plus\"><\/i>\r\n                        <\/a>\r\n                                    <\/div>\r\n            <\/div>\r\n        <\/div>\r\n        \t\t\t\t<\/div>\n\t\t\t\t<\/div>\n\t\t\t\t\t<\/div>\n\t\t<\/div>\n\t\t\t\t\t<\/div>\n\t\t<\/section>\n\t\t\t\t<\/div>\n\t\t","protected":false},"excerpt":{"rendered":"","protected":false},"author":15,"featured_media":0,"parent":0,"menu_order":0,"comment_status":"closed","ping_status":"closed","template":"","meta":{"footnotes":""},"class_list":["post-627","page","type-page","status-publish","hentry"],"_links":{"self":[{"href":"https:\/\/cmu-edu.eu\/rose-nav\/wp-json\/wp\/v2\/pages\/627","targetHints":{"allow":["GET"]}}],"collection":[{"href":"https:\/\/cmu-edu.eu\/rose-nav\/wp-json\/wp\/v2\/pages"}],"about":[{"href":"https:\/\/cmu-edu.eu\/rose-nav\/wp-json\/wp\/v2\/types\/page"}],"author":[{"embeddable":true,"href":"https:\/\/cmu-edu.eu\/rose-nav\/wp-json\/wp\/v2\/users\/15"}],"replies":[{"embeddable":true,"href":"https:\/\/cmu-edu.eu\/rose-nav\/wp-json\/wp\/v2\/comments?post=627"}],"version-history":[{"count":10,"href":"https:\/\/cmu-edu.eu\/rose-nav\/wp-json\/wp\/v2\/pages\/627\/revisions"}],"predecessor-version":[{"id":686,"href":"https:\/\/cmu-edu.eu\/rose-nav\/wp-json\/wp\/v2\/pages\/627\/revisions\/686"}],"wp:attachment":[{"href":"https:\/\/cmu-edu.eu\/rose-nav\/wp-json\/wp\/v2\/media?parent=627"}],"curies":[{"name":"wp","href":"https:\/\/api.w.org\/{rel}","templated":true}]}}