{"id":13,"date":"2017-03-22T08:25:29","date_gmt":"2017-03-22T08:25:29","guid":{"rendered":"https:\/\/cmu-edu.eu\/traian-lalescu\/?page_id=13"},"modified":"2025-04-11T07:30:13","modified_gmt":"2025-04-11T07:30:13","slug":"regulament","status":"publish","type":"page","link":"https:\/\/cmu-edu.eu\/traian-lalescu\/regulament\/","title":{"rendered":"Regulament"},"content":{"rendered":"<h3>Condi\u021bii de participare<\/h3>\n<ol>\n<li>Echipele universit\u0103\u021bilor participante vor fi formate din maximum 5\u00a0studen\u021bi pentru fiecare sec\u021biune. Suplimentarea acestor locuri se poate face doar ca excep\u021bie, cu acordul organizatorilor, \u00een func\u021bie de disponibilitatea de cazare, solicitarea fiind f\u0103cut\u0103 \u00eenainte de data limit\u0103 de \u00eenscriere la concurs (27 Aprilie\u00a02025).<\/li>\n<li>Participarea cadrelor didactice \u00eenso\u021bitoare este limitat\u0103 la maximum 2 cadre didactice pe universitate participant\u0103. Echipele cu cel mult 3 studen\u021bi vor fi \u00eenso\u021bite de un cadru didactic. Suplimentarea acestor locuri se poate face doar ca excep\u021bie, cu acordul organizatorilor, \u00een func\u021bie de disponibilitatea de cazare, solicitarea fiind f\u0103cut\u0103 \u00eenainte de data limit\u0103 de \u00eenscriere la concurs (27 Aprilie 2025).<\/li>\n<li>Cheltuielile de transport \u015fi diurn\u0103 (dac\u0103 se acord\u0103) vor fi suportate de universit\u0103\u021bile participante.<\/li>\n<li>\u00censcrierea la concurs se face prin completarea\u00a0<span style=\"color: #ff6600;\"><a style=\"color: #ff6600;\" href=\"https:\/\/cmu-edu.eu\/traian-lalescu\/wp-content\/uploads\/sites\/15\/2017\/04\/Fourmular-de-%C3%AEnscriere.pdf\"><strong>formularului<\/strong><\/a> <\/span>din sec\u021biunea participan\u021bi \u0219i apoi trimiterea aceastuia prin\u00a0e-mail la adresa\u00a0<a href=\"mailto:ionela.ticu@cmu-edu.eu\"><strong>ionela.ticu@cmu-edu.eu<\/strong><\/a>, de c\u0103tre coordonatorul echipei (un cadru didactic pe universitate participant\u0103, dintre cadrele \u00eenso\u021bitoare) care are obliga\u021bia de a trimite lista cu studen\u021bii participan\u021bi, selecta\u021bi la etapa pe universitate, men\u021bion\u00e2nd sec\u021biunea la care ace\u0219tia particip\u0103, precum \u015fi lista cu cadrele didactice \u00eenso\u021bitoare \u015fi datele de sosire-plecare.<\/li>\n<li>Pentru \u00eenscrierea la Sesiunea Na\u0163ional\u0103 de Comunic\u0103ri \u015etiin\u0163ifice Studen\u0163e\u015fti, participan\u0163ii sunt ruga\u0163i s\u0103 completeze <strong><strong><span style=\"color: #ff6600;\"><a style=\"color: #ff6600;\" href=\"https:\/\/cmu-edu.eu\/traian-lalescu\/wp-content\/uploads\/sites\/15\/2025\/04\/Formular-Inscriere-Sesiune-Comunicari.docx\">formularul<\/a><\/span><br \/>\n<\/strong><\/strong>Acest document va con\u0163ine titlul lucr\u0103rii, autorii, universitatea (afilierea), profesorii coordonatori, sec\u0163iunea la care se face \u00eenscrierea \u015fi un abstract de maxim 300 de cuvinte. Dup\u0103 primirea emailului se va transmite o confirmare de primire care va certifica \u00eenscrierea la sesiunea de comunic\u0103ri.<\/li>\n<\/ol>\n<p><strong>Data limit\u0103 de \u00eenscriere la concurs este 27 Aprilie 2025.<\/strong><\/p>\n<p><a class=\"button3\" href=\"https:\/\/cmu-edu.eu\/traian-lalescu\/wp-content\/uploads\/sites\/15\/2025\/03\/Regulament_TL2025.pdf\">Descarca Regulamentul<\/a><\/p>\n<h3>Regulamentul concursului<\/h3>\n<p>Art. 1.Proba de concurs dureaz\u0103 4 ore.<br \/>\nArt. 2.Proba de concurs este compus\u0103 din patru probleme, punctajul maxim pe fiecare problem\u0103 fiind 10 puncte.<br \/>\nArt. 3.Concursul va avea loc vineri, 9\u00a0Mai 2025, ora 10:00.<br \/>\nArt. 4.Corectarea lucr\u0103rilor se va face de c\u0103tre echipe de doi corectori\/subiect \u00een dup\u0103-amiaza zilei de vineri, 9\u00a0Mai 2025.<br \/>\nArt. 5.Contesta\u021biile vor fi analizate de un juriu desemnat de organizatori, urm\u00e2nd apoi anun\u021barea rezultatelor definitive.<br \/>\nArt. 6.Festivitatea de premiere va avea loc s\u00e2mb\u0103t\u0103, 10 \u00a0Mai 2025.<br \/>\nArt. 7.Fiecare echip\u0103 va veni cu un set de propuneri de probleme cu rezolv\u0103ri complete, tehnoredactate \u00een Word (format .docx sau .doc). Selec\u021bia subiectelor pentru concurs se face de c\u0103tre to\u021bi coordonatorii echipelor \u00een diminea\u021ba concursului, \u00eencep\u00e2nd cu ora 7:30, din subiectele propuse de echipe.<\/p>\n","protected":false},"excerpt":{"rendered":"<p>Condi\u021bii de participare Echipele universit\u0103\u021bilor participante vor fi formate din maximum 5\u00a0studen\u021bi pentru fiecare sec\u021biune. Suplimentarea acestor locuri se poate face doar ca excep\u021bie, cu acordul organizatorilor, \u00een func\u021bie de disponibilitatea de cazare, solicitarea fiind f\u0103cut\u0103 \u00eenainte de data limit\u0103 de \u00eenscriere la concurs (27 Aprilie\u00a02025). Participarea cadrelor didactice \u00eenso\u021bitoare este limitat\u0103 la maximum 2 [&hellip;]<\/p>\n","protected":false},"author":4,"featured_media":0,"parent":0,"menu_order":0,"comment_status":"closed","ping_status":"closed","template":"","meta":{"footnotes":""},"class_list":["post-13","page","type-page","status-publish","hentry"],"_links":{"self":[{"href":"https:\/\/cmu-edu.eu\/traian-lalescu\/wp-json\/wp\/v2\/pages\/13","targetHints":{"allow":["GET"]}}],"collection":[{"href":"https:\/\/cmu-edu.eu\/traian-lalescu\/wp-json\/wp\/v2\/pages"}],"about":[{"href":"https:\/\/cmu-edu.eu\/traian-lalescu\/wp-json\/wp\/v2\/types\/page"}],"author":[{"embeddable":true,"href":"https:\/\/cmu-edu.eu\/traian-lalescu\/wp-json\/wp\/v2\/users\/4"}],"replies":[{"embeddable":true,"href":"https:\/\/cmu-edu.eu\/traian-lalescu\/wp-json\/wp\/v2\/comments?post=13"}],"version-history":[{"count":17,"href":"https:\/\/cmu-edu.eu\/traian-lalescu\/wp-json\/wp\/v2\/pages\/13\/revisions"}],"predecessor-version":[{"id":203,"href":"https:\/\/cmu-edu.eu\/traian-lalescu\/wp-json\/wp\/v2\/pages\/13\/revisions\/203"}],"wp:attachment":[{"href":"https:\/\/cmu-edu.eu\/traian-lalescu\/wp-json\/wp\/v2\/media?parent=13"}],"curies":[{"name":"wp","href":"https:\/\/api.w.org\/{rel}","templated":true}]}}