{"id":22,"date":"2017-03-22T08:27:13","date_gmt":"2017-03-22T08:27:13","guid":{"rendered":"https:\/\/cmu-edu.eu\/traian-lalescu\/?page_id=22"},"modified":"2025-04-11T07:25:19","modified_gmt":"2025-04-11T07:25:19","slug":"participanti","status":"publish","type":"page","link":"https:\/\/cmu-edu.eu\/traian-lalescu\/participanti\/","title":{"rendered":"\u00cenregistrare"},"content":{"rendered":"<p><img loading=\"lazy\" decoding=\"async\" class=\"aligncenter size-full wp-image-133\" src=\"https:\/\/cmu-edu.eu\/traian-lalescu\/wp-content\/uploads\/sites\/15\/2017\/04\/formular-banner.jpg\" alt=\"\" width=\"1600\" height=\"350\" srcset=\"https:\/\/cmu-edu.eu\/traian-lalescu\/wp-content\/uploads\/sites\/15\/2017\/04\/formular-banner.jpg 1600w, https:\/\/cmu-edu.eu\/traian-lalescu\/wp-content\/uploads\/sites\/15\/2017\/04\/formular-banner-300x66.jpg 300w, https:\/\/cmu-edu.eu\/traian-lalescu\/wp-content\/uploads\/sites\/15\/2017\/04\/formular-banner-768x168.jpg 768w, https:\/\/cmu-edu.eu\/traian-lalescu\/wp-content\/uploads\/sites\/15\/2017\/04\/formular-banner-1024x224.jpg 1024w\" sizes=\"auto, (max-width: 1600px) 100vw, 1600px\" \/><\/p>\n<p>Universit\u0103\u021bile care doresc s\u0103 participe la Concursul Na\u021bional Studen\u021besc de Matematic\u0103 \u201eTraian Lalescu\u201d sunt rugate s\u0103 completeze formularu cu informa\u021biile studen\u021bilor participan\u021bi \u0219i s\u0103 \u00eel trimit\u0103 la adresa <a href=\"mailto:ionela.ticu@cmu-edu.eu\"><strong>ionela.ticu@cmu-edu.eu<\/strong><\/a>.<\/p>\n<p><strong><a href=\"https:\/\/cmu-edu.eu\/traian-lalescu\/wp-content\/uploads\/sites\/15\/2017\/04\/Fourmular-de-\u00eenscriere.pdf\">Descarc\u0103 formular<\/a><\/strong><\/p>\n<p>Universit\u0103\u021bile care doresc s\u0103 participe la Sesiunea Na\u021bional\u0103 de Comunic\u0103ri \u0218tiin\u021bifice Studen\u021be\u0219ti sunt rugate s\u0103 completeze pentru fiecare lucrare documentul urm\u0103tor \u0219i s\u0103 \u00eel trimit\u0103 la adresa\u00a0<strong><a href=\"mailto:bogdan.sebacher@mta.ro\">ionela.ticu@cmu-edu.eu<\/a><\/strong>.<\/p>\n<p><strong><a href=\"https:\/\/cmu-edu.eu\/traian-lalescu\/wp-content\/uploads\/sites\/15\/2025\/04\/Formular-Inscriere-Sesiune-Comunicari.docx\">Descarca formular sesiune<\/a><\/strong><\/p>\n<p>&nbsp;<\/p>\n","protected":false},"excerpt":{"rendered":"<p>Universit\u0103\u021bile care doresc s\u0103 participe la Concursul Na\u021bional Studen\u021besc de Matematic\u0103 \u201eTraian Lalescu\u201d sunt rugate s\u0103 completeze formularu cu informa\u021biile studen\u021bilor participan\u021bi \u0219i s\u0103 \u00eel trimit\u0103 la adresa ionela.ticu@cmu-edu.eu. Descarc\u0103 formular Universit\u0103\u021bile care doresc s\u0103 participe la Sesiunea Na\u021bional\u0103 de Comunic\u0103ri \u0218tiin\u021bifice Studen\u021be\u0219ti sunt rugate s\u0103 completeze pentru fiecare lucrare documentul urm\u0103tor \u0219i s\u0103 \u00eel [&hellip;]<\/p>\n","protected":false},"author":4,"featured_media":0,"parent":0,"menu_order":0,"comment_status":"closed","ping_status":"closed","template":"","meta":{"footnotes":""},"class_list":["post-22","page","type-page","status-publish","hentry"],"_links":{"self":[{"href":"https:\/\/cmu-edu.eu\/traian-lalescu\/wp-json\/wp\/v2\/pages\/22","targetHints":{"allow":["GET"]}}],"collection":[{"href":"https:\/\/cmu-edu.eu\/traian-lalescu\/wp-json\/wp\/v2\/pages"}],"about":[{"href":"https:\/\/cmu-edu.eu\/traian-lalescu\/wp-json\/wp\/v2\/types\/page"}],"author":[{"embeddable":true,"href":"https:\/\/cmu-edu.eu\/traian-lalescu\/wp-json\/wp\/v2\/users\/4"}],"replies":[{"embeddable":true,"href":"https:\/\/cmu-edu.eu\/traian-lalescu\/wp-json\/wp\/v2\/comments?post=22"}],"version-history":[{"count":13,"href":"https:\/\/cmu-edu.eu\/traian-lalescu\/wp-json\/wp\/v2\/pages\/22\/revisions"}],"predecessor-version":[{"id":201,"href":"https:\/\/cmu-edu.eu\/traian-lalescu\/wp-json\/wp\/v2\/pages\/22\/revisions\/201"}],"wp:attachment":[{"href":"https:\/\/cmu-edu.eu\/traian-lalescu\/wp-json\/wp\/v2\/media?parent=22"}],"curies":[{"name":"wp","href":"https:\/\/api.w.org\/{rel}","templated":true}]}}